{"id":20888,"date":"2023-07-28T13:42:41","date_gmt":"2023-07-28T13:42:41","guid":{"rendered":"https:\/\/www.customywear.com\/?post_type=product&#038;p=20888"},"modified":"2026-05-13T19:50:34","modified_gmt":"2026-05-13T19:50:34","slug":"magliette-personalizzate-per-coppie-di-corridori","status":"publish","type":"product","link":"https:\/\/www.customywear.com\/it\/custom-running-couples-shirts\/","title":{"rendered":"Personalizzati In Esecuzione Coppie Camicie | Allenamento Personalizzato Regalo"},"content":{"rendered":"<p>Avanza verso il fitness e l&#039;unione con le nostre magliette da corsa personalizzate per coppie \u200d\u2642\ufe0f! Trasforma i momenti immortalati in un&#039;opera d&#039;arte dinamica mentre tu e il tuo partner correte fianco a fianco, dando vita a ritratti vettoriali realizzati con cura meticolosa. I nostri abili artisti utilizzano la magia creativa di Adobe Illustrator e Adobe Photoshop per racchiudere la vostra determinazione in un design motivante e stimolante. Questa eccezionale t-shirt personalizzata non \u00e8 solo un capo d&#039;abbigliamento; \u00e8 una sentita celebrazione della salute e dell&#039;unit\u00e0. Condividi la magia del tuo legame con un design su misura per la vostra storia, che ritrae te e il tuo partner come una coppia dinamica sulla strada del benessere. Punti salienti del prodotto: \ufe0f Arte vettoriale magistrale: le tue foto si evolvono in accattivanti capolavori vettoriali. Comfort unisex: goditi uno stile e un comfort adatti a tutte le et\u00e0 e a tutti i sessi. Per animali domestici: aggiungi un tocco adorabile raffigurando i tuoi amici pelosi. \ufe0f Stampa DTG di precisione: goditi stampe vivide e durature che catturano ogni dettaglio. Adatto a tutte le et\u00e0: dai bambini agli adulti, le nostre taglie sono adatte a ogni membro della famiglia. Artigianato di alta qualit\u00e0: scopri la massima qualit\u00e0 dalla progettazione alla realizzazione. Creativit\u00e0 infinita: esplora design pi\u00f9 accattivanti nella nostra ampia collezione. Festeggia traguardi sportivi, anniversari o sorprendi il tuo partner con un pensiero che unisce motivazione e affetto. Che si tratti di celebrare un&#039;occasione speciale, di fare un regalo a un altro appassionato di fitness o semplicemente di abbracciare insieme uno stile di vita sano, le nostre magliette personalizzate per coppie da corsa sono la scelta ideale. Condividi sorrisi, accendi conversazioni e indossa con orgoglio il tuo legame unico mentre cammini verso la salute e la felicit\u00e0. Questa non \u00e8 solo una t-shirt; \u00e8 il simbolo del vostro percorso di fitness condiviso, pronto per essere indossato e amato da tutti!<\/p>","protected":false},"excerpt":{"rendered":"<p>Corri insieme in camicie di coppie in esecuzione personalizzate. I regali di allenamento personalizzati trasformano le tue foto in magliette abbinate e uniche.<\/p>","protected":false},"featured_media":143963,"comment_status":"open","ping_status":"closed","template":"","meta":{"_acf_changed":false},"product_brand":[],"product_cat":[6197,6365,6369,3004,6412,6428],"product_tag":[6440,3005,1025,546,2213,1827],"class_list":{"0":"post-20888","1":"product","2":"type-product","3":"status-publish","4":"has-post-thumbnail","6":"product_cat-t-shirts-couple","7":"product_cat-couples-sports-t-shirts","8":"product_cat-couples-summer-t-shirts","9":"product_cat-custom-gifts-running-and-jogging","10":"product_cat-photo-to-tees","11":"product_cat-translate-products","12":"product_tag-ai-artwork-couple","13":"product_tag-custom-arts-running-jogging","14":"product_tag-funny_couples_shirts","15":"product_tag-gym","16":"product_tag-gym_gifts","17":"product_tag-workout_shirt","19":"first","20":"instock","21":"taxable","22":"shipping-taxable","23":"purchasable","24":"product-type-simple"},"acf":[],"wcpa_form_fields":null,"_links":{"self":[{"href":"https:\/\/www.customywear.com\/it\/wp-json\/wp\/v2\/product\/20888","targetHints":{"allow":["GET"]}}],"collection":[{"href":"https:\/\/www.customywear.com\/it\/wp-json\/wp\/v2\/product"}],"about":[{"href":"https:\/\/www.customywear.com\/it\/wp-json\/wp\/v2\/types\/product"}],"replies":[{"embeddable":true,"href":"https:\/\/www.customywear.com\/it\/wp-json\/wp\/v2\/comments?post=20888"}],"wp:featuredmedia":[{"embeddable":true,"href":"https:\/\/www.customywear.com\/it\/wp-json\/wp\/v2\/media\/143963"}],"wp:attachment":[{"href":"https:\/\/www.customywear.com\/it\/wp-json\/wp\/v2\/media?parent=20888"}],"wp:term":[{"taxonomy":"product_brand","embeddable":true,"href":"https:\/\/www.customywear.com\/it\/wp-json\/wp\/v2\/product_brand?post=20888"},{"taxonomy":"product_cat","embeddable":true,"href":"https:\/\/www.customywear.com\/it\/wp-json\/wp\/v2\/product_cat?post=20888"},{"taxonomy":"product_tag","embeddable":true,"href":"https:\/\/www.customywear.com\/it\/wp-json\/wp\/v2\/product_tag?post=20888"}],"curies":[{"name":"wp","href":"https:\/\/api.w.org\/{rel}","templated":true}]}}