{"id":34997,"date":"2024-05-01T13:32:49","date_gmt":"2024-05-01T13:32:49","guid":{"rendered":"https:\/\/www.customywear.com\/?post_type=product&#038;p=34997"},"modified":"2026-05-07T15:29:46","modified_gmt":"2026-05-07T15:29:46","slug":"t-shirts-asilo-laurea","status":"publish","type":"product","link":"https:\/\/www.customywear.com\/it\/kindergarten-graduation-t-shirts\/","title":{"rendered":"Maglietta per la laurea all&#039;asilo - Maglietta realizzata su misura"},"content":{"rendered":"<p>Per questa t-shirt personalizzata per la laurea, disegneremo digitalmente a mano la tua foto per creare un personaggio unico con un completo da laurea. Realizzate in morbido cotone 100%, le nostre magliette sono comode e delicate sulla pelle. Grazie alla qualit\u00e0 premium e alla stampa DTG di alta qualit\u00e0, il design sar\u00e0 vivace e di lunga durata. La nostra vestibilit\u00e0 regolare \u00e8 perfetta per l&#039;uso quotidiano e, essendo unisex, sta bene a tutti! Ogni design \u00e8 sapientemente disegnato a mano, garantendo che il tuo sia personalizzato e unico nel suo genere. Ordina oggi stesso per celebrare i tuoi successi con stile!<\/p>","protected":false},"excerpt":{"rendered":"<p>Festeggia i primi studenti con le magliette della scuola materna. Le magliette su ordinazione trasformano qualsiasi foto in una maglietta giocosa e unica.<\/p>","protected":false},"featured_media":142823,"comment_status":"open","ping_status":"closed","template":"","meta":{"_acf_changed":false},"product_brand":[],"product_cat":[6193,2090,6412,6428],"product_tag":[6433,6439,6221],"class_list":{"0":"post-34997","1":"product","2":"type-product","3":"status-publish","4":"has-post-thumbnail","6":"product_cat-girls-t-shirts","7":"product_cat-custom-gifts-graduation","8":"product_cat-photo-to-tees","9":"product_cat-translate-products","10":"product_tag-ai-artwork","11":"product_tag-ai-kids-artwork","12":"product_tag-custom-t-shirts-near-me","14":"first","15":"instock","16":"taxable","17":"shipping-taxable","18":"purchasable","19":"product-type-simple"},"acf":[],"wcpa_form_fields":null,"_links":{"self":[{"href":"https:\/\/www.customywear.com\/it\/wp-json\/wp\/v2\/product\/34997","targetHints":{"allow":["GET"]}}],"collection":[{"href":"https:\/\/www.customywear.com\/it\/wp-json\/wp\/v2\/product"}],"about":[{"href":"https:\/\/www.customywear.com\/it\/wp-json\/wp\/v2\/types\/product"}],"replies":[{"embeddable":true,"href":"https:\/\/www.customywear.com\/it\/wp-json\/wp\/v2\/comments?post=34997"}],"wp:featuredmedia":[{"embeddable":true,"href":"https:\/\/www.customywear.com\/it\/wp-json\/wp\/v2\/media\/142823"}],"wp:attachment":[{"href":"https:\/\/www.customywear.com\/it\/wp-json\/wp\/v2\/media?parent=34997"}],"wp:term":[{"taxonomy":"product_brand","embeddable":true,"href":"https:\/\/www.customywear.com\/it\/wp-json\/wp\/v2\/product_brand?post=34997"},{"taxonomy":"product_cat","embeddable":true,"href":"https:\/\/www.customywear.com\/it\/wp-json\/wp\/v2\/product_cat?post=34997"},{"taxonomy":"product_tag","embeddable":true,"href":"https:\/\/www.customywear.com\/it\/wp-json\/wp\/v2\/product_tag?post=34997"}],"curies":[{"name":"wp","href":"https:\/\/api.w.org\/{rel}","templated":true}]}}