{"id":35613,"date":"2024-05-04T09:25:00","date_gmt":"2024-05-04T09:25:00","guid":{"rendered":"https:\/\/www.customywear.com\/?post_type=product&#038;p=35613"},"modified":"2026-05-07T15:29:46","modified_gmt":"2026-05-07T15:29:46","slug":"maglietta-estiva-per-bambini-piccoli","status":"publish","type":"product","link":"https:\/\/www.customywear.com\/it\/toddler-summer-tee\/","title":{"rendered":"Toddler girl&#8217;s Summer Tee &#8211; Cool and Comfy Tops for toddlers"},"content":{"rendered":"<p>Ottieni oggi stesso la tua t-shirt da trekking personalizzata! Disegneremo digitalmente a mano la tua foto, creando un personaggio unico, un escursionista che conquista la vetta della montagna. Realizzate in morbido cotone 100%, le nostre magliette offrono comfort e delicatezza sulla pelle. Grazie alla qualit\u00e0 premium e alla stampa DTG di alta qualit\u00e0, il design rimane vivido e resistente. La nostra vestibilit\u00e0 regolare, adatta all&#039;uso quotidiano, \u00e8 unisex, garantendo la vestibilit\u00e0 di tutti! Ogni modello \u00e8 disegnato a mano da esperti, garantendoti un capo personalizzato e unico nel suo genere. Ordinalo subito come regalo per te o per qualsiasi appassionato di escursionismo nella tua vita!<\/p>","protected":false},"excerpt":{"rendered":"<p>Stai al fresco con le magliette estive per bambini. I comodi top trasformano qualsiasi foto in una divertente maglietta personalizzata.<\/p>","protected":false},"featured_media":142858,"comment_status":"open","ping_status":"closed","template":"","meta":{"_acf_changed":false},"product_brand":[],"product_cat":[6207,558,6412,307,6428],"product_tag":[6433,6439,6221],"class_list":{"0":"post-35613","1":"product","2":"type-product","3":"status-publish","4":"has-post-thumbnail","6":"product_cat-toddler-girl-t-shirts","7":"product_cat-custom-gifts-hiking","8":"product_cat-photo-to-tees","9":"product_cat-summer","10":"product_cat-translate-products","11":"product_tag-ai-artwork","12":"product_tag-ai-kids-artwork","13":"product_tag-custom-t-shirts-near-me","15":"first","16":"instock","17":"taxable","18":"shipping-taxable","19":"purchasable","20":"product-type-simple"},"acf":[],"wcpa_form_fields":null,"_links":{"self":[{"href":"https:\/\/www.customywear.com\/it\/wp-json\/wp\/v2\/product\/35613","targetHints":{"allow":["GET"]}}],"collection":[{"href":"https:\/\/www.customywear.com\/it\/wp-json\/wp\/v2\/product"}],"about":[{"href":"https:\/\/www.customywear.com\/it\/wp-json\/wp\/v2\/types\/product"}],"replies":[{"embeddable":true,"href":"https:\/\/www.customywear.com\/it\/wp-json\/wp\/v2\/comments?post=35613"}],"wp:featuredmedia":[{"embeddable":true,"href":"https:\/\/www.customywear.com\/it\/wp-json\/wp\/v2\/media\/142858"}],"wp:attachment":[{"href":"https:\/\/www.customywear.com\/it\/wp-json\/wp\/v2\/media?parent=35613"}],"wp:term":[{"taxonomy":"product_brand","embeddable":true,"href":"https:\/\/www.customywear.com\/it\/wp-json\/wp\/v2\/product_brand?post=35613"},{"taxonomy":"product_cat","embeddable":true,"href":"https:\/\/www.customywear.com\/it\/wp-json\/wp\/v2\/product_cat?post=35613"},{"taxonomy":"product_tag","embeddable":true,"href":"https:\/\/www.customywear.com\/it\/wp-json\/wp\/v2\/product_tag?post=35613"}],"curies":[{"name":"wp","href":"https:\/\/api.w.org\/{rel}","templated":true}]}}