{"id":41116,"date":"2024-07-24T09:23:21","date_gmt":"2024-07-24T09:23:21","guid":{"rendered":"https:\/\/www.customywear.com\/?post_type=product&#038;p=41116"},"modified":"2026-05-05T20:24:06","modified_gmt":"2026-05-05T20:24:06","slug":"maglietta-personalizzata-da-uomo-con-ragno","status":"publish","type":"product","link":"https:\/\/www.customywear.com\/it\/men-personalized-spider-tee\/","title":{"rendered":"Maglietta personalizzata per uomo \u2013 Maglietta personalizzata da supereroe ragno"},"content":{"rendered":"<p>T-shirt personalizzata da uomo - Maglietta personalizzata da supereroe Spider: trasforma le tue foto in un fantastico supereroe con la nostra T-shirt personalizzata da uomo - Maglietta personalizzata da supereroe Spider! Questa maglietta presenta il tuo esclusivo design da supereroe, stampato con tecnologia DTG di alta qualit\u00e0 su morbido cotone 100% per comfort e resistenza. La vestibilit\u00e0 regolare \u00e8 perfetta per l&#039;uso quotidiano e il design unisex la rende ideale per chiunque. Ogni maglietta \u00e8 realizzata da artisti esperti per creare un capo vivace e personalizzato che si distingue.<\/p>","protected":false},"excerpt":{"rendered":"<p>Entra in azione con una maglietta personalizzata da uomo. Le magliette personalizzate dei supereroi di ragno trasformano qualsiasi foto in una maglietta unica nel suo genere.<\/p>","protected":false},"featured_media":135244,"comment_status":"open","ping_status":"closed","template":"","meta":{"_acf_changed":false},"product_brand":[],"product_cat":[6195,6151,186,6336,6412,515,6428],"product_tag":[6433,6327,6216,6168],"class_list":{"0":"post-41116","1":"product","2":"type-product","3":"status-publish","4":"has-post-thumbnail","6":"product_cat-t-shirts-men","7":"product_cat-custom-gifts-spiderman","8":"product_cat-men","9":"product_cat-mens-superhero-t-shirts","10":"product_cat-photo-to-tees","11":"product_cat-superhero","12":"product_cat-translate-products","13":"product_tag-ai-artwork","14":"product_tag-custom-photo-t-shirt-for-men","15":"product_tag-mens-custom-t-shirts","16":"product_tag-unique-superhero-tees","18":"first","19":"instock","20":"taxable","21":"shipping-taxable","22":"purchasable","23":"product-type-simple"},"acf":[],"wcpa_form_fields":null,"_links":{"self":[{"href":"https:\/\/www.customywear.com\/it\/wp-json\/wp\/v2\/product\/41116","targetHints":{"allow":["GET"]}}],"collection":[{"href":"https:\/\/www.customywear.com\/it\/wp-json\/wp\/v2\/product"}],"about":[{"href":"https:\/\/www.customywear.com\/it\/wp-json\/wp\/v2\/types\/product"}],"replies":[{"embeddable":true,"href":"https:\/\/www.customywear.com\/it\/wp-json\/wp\/v2\/comments?post=41116"}],"wp:featuredmedia":[{"embeddable":true,"href":"https:\/\/www.customywear.com\/it\/wp-json\/wp\/v2\/media\/135244"}],"wp:attachment":[{"href":"https:\/\/www.customywear.com\/it\/wp-json\/wp\/v2\/media?parent=41116"}],"wp:term":[{"taxonomy":"product_brand","embeddable":true,"href":"https:\/\/www.customywear.com\/it\/wp-json\/wp\/v2\/product_brand?post=41116"},{"taxonomy":"product_cat","embeddable":true,"href":"https:\/\/www.customywear.com\/it\/wp-json\/wp\/v2\/product_cat?post=41116"},{"taxonomy":"product_tag","embeddable":true,"href":"https:\/\/www.customywear.com\/it\/wp-json\/wp\/v2\/product_tag?post=41116"}],"curies":[{"name":"wp","href":"https:\/\/api.w.org\/{rel}","templated":true}]}}