{"id":41159,"date":"2024-07-24T09:24:24","date_gmt":"2024-07-24T09:24:24","guid":{"rendered":"https:\/\/www.customywear.com\/?post_type=product&#038;p=41159"},"modified":"2026-05-05T20:23:27","modified_gmt":"2026-05-05T20:23:27","slug":"maglietta-ragno-femmina","status":"publish","type":"product","link":"https:\/\/www.customywear.com\/it\/female-spider-tee\/","title":{"rendered":"Magliette da supereroina - Maglietta personalizzata alla moda con supereroe ragno"},"content":{"rendered":"<p>Magliette da supereroina - Maglietta personalizzata con motivo Spider Superhero: celebra il tuo stile da supereroina con le nostre magliette da supereroina - Maglietta personalizzata con motivo Spider Superhero! Questa maglietta personalizzata presenta un design da supereroina basato sulla tua foto, stampato su morbido cotone 100% con tecnologia DTG di alta qualit\u00e0. Con una vestibilit\u00e0 regolare e uno stile unisex, \u00e8 perfetta per l&#039;uso quotidiano e artisti esperti creano una grafica da supereroe vivace e personalizzata, elegante e unica.<\/p>","protected":false},"excerpt":{"rendered":"<p>Potenzia con magliette da supereroe femminile. Le magliette alla moda di Superhero Custom Spider trasformano qualsiasi foto in una maglietta audace ed elegante.<\/p>","protected":false},"featured_media":135223,"comment_status":"open","ping_status":"closed","template":"","meta":{"_acf_changed":false},"product_brand":[],"product_cat":[6191,6151,6412,515,6428,75],"product_tag":[6214,6433,6328,229,6215],"class_list":{"0":"post-41159","1":"product","2":"type-product","3":"status-publish","4":"has-post-thumbnail","6":"product_cat-t-shirts-women","7":"product_cat-custom-gifts-spiderman","8":"product_cat-photo-to-tees","9":"product_cat-superhero","10":"product_cat-translate-products","11":"product_cat-women","12":"product_tag-affordable-custom-t-shirts","13":"product_tag-ai-artwork","14":"product_tag-custom-image-t-shirt-for-women","15":"product_tag-custom-tee-shirts","16":"product_tag-screen-printing-near-me","18":"first","19":"instock","20":"taxable","21":"shipping-taxable","22":"purchasable","23":"product-type-simple"},"acf":[],"wcpa_form_fields":null,"_links":{"self":[{"href":"https:\/\/www.customywear.com\/it\/wp-json\/wp\/v2\/product\/41159","targetHints":{"allow":["GET"]}}],"collection":[{"href":"https:\/\/www.customywear.com\/it\/wp-json\/wp\/v2\/product"}],"about":[{"href":"https:\/\/www.customywear.com\/it\/wp-json\/wp\/v2\/types\/product"}],"replies":[{"embeddable":true,"href":"https:\/\/www.customywear.com\/it\/wp-json\/wp\/v2\/comments?post=41159"}],"wp:featuredmedia":[{"embeddable":true,"href":"https:\/\/www.customywear.com\/it\/wp-json\/wp\/v2\/media\/135223"}],"wp:attachment":[{"href":"https:\/\/www.customywear.com\/it\/wp-json\/wp\/v2\/media?parent=41159"}],"wp:term":[{"taxonomy":"product_brand","embeddable":true,"href":"https:\/\/www.customywear.com\/it\/wp-json\/wp\/v2\/product_brand?post=41159"},{"taxonomy":"product_cat","embeddable":true,"href":"https:\/\/www.customywear.com\/it\/wp-json\/wp\/v2\/product_cat?post=41159"},{"taxonomy":"product_tag","embeddable":true,"href":"https:\/\/www.customywear.com\/it\/wp-json\/wp\/v2\/product_tag?post=41159"}],"curies":[{"name":"wp","href":"https:\/\/api.w.org\/{rel}","templated":true}]}}