{"id":42545,"date":"2024-09-11T15:29:45","date_gmt":"2024-09-11T15:29:45","guid":{"rendered":"https:\/\/www.customywear.com\/?post_type=product&#038;p=42545"},"modified":"2026-05-07T15:29:43","modified_gmt":"2026-05-07T15:29:43","slug":"maglietta-chitarra-nipote","status":"publish","type":"product","link":"https:\/\/www.customywear.com\/it\/guitar-t-shirt-niece\/","title":{"rendered":"Magliette personalizzate per chitarriste - Maglietta con chitarra per nipote - Maglietta con ispirazione musicale per bambini"},"content":{"rendered":"<p>T-shirt personalizzate per chitarriste: delizia tua nipote con la nostra t-shirt con chitarra per nipote, con un design unico creato con le tue foto. Questa t-shirt per chitarriste \u00e8 realizzata in morbido cotone 100% per il massimo comfort e di alta qualit\u00e0 per una lunga durata. Con una vestibilit\u00e0 regolare e un design unisex, \u00e8 ideale per l&#039;uso quotidiano. Goditi stampe vivaci e resistenti con stampa DTG di alta qualit\u00e0 e grafica digitale personalizzata.<\/p>","protected":false},"excerpt":{"rendered":"<p>Ispira giovani musicisti con magliette personalizzate per chitarristi ragazze. Le magliette per chitarra per nipoti trasformano qualsiasi foto in una maglietta unica a tema musicale.<\/p>","protected":false},"featured_media":95526,"comment_status":"open","ping_status":"closed","template":"","meta":{"_acf_changed":false},"product_brand":[],"product_cat":[6193,6123,6412,6428],"product_tag":[6433,6439,6331,6221],"class_list":{"0":"post-42545","1":"product","2":"type-product","3":"status-publish","4":"has-post-thumbnail","6":"product_cat-girls-t-shirts","7":"product_cat-custom-gifts-ai-guitar","8":"product_cat-photo-to-tees","9":"product_cat-translate-products","10":"product_tag-ai-artwork","11":"product_tag-ai-kids-artwork","12":"product_tag-custom-picture-t-shirt-for-girls","13":"product_tag-custom-t-shirts-near-me","15":"first","16":"instock","17":"taxable","18":"shipping-taxable","19":"purchasable","20":"product-type-simple"},"acf":[],"wcpa_form_fields":null,"_links":{"self":[{"href":"https:\/\/www.customywear.com\/it\/wp-json\/wp\/v2\/product\/42545","targetHints":{"allow":["GET"]}}],"collection":[{"href":"https:\/\/www.customywear.com\/it\/wp-json\/wp\/v2\/product"}],"about":[{"href":"https:\/\/www.customywear.com\/it\/wp-json\/wp\/v2\/types\/product"}],"replies":[{"embeddable":true,"href":"https:\/\/www.customywear.com\/it\/wp-json\/wp\/v2\/comments?post=42545"}],"wp:featuredmedia":[{"embeddable":true,"href":"https:\/\/www.customywear.com\/it\/wp-json\/wp\/v2\/media\/95526"}],"wp:attachment":[{"href":"https:\/\/www.customywear.com\/it\/wp-json\/wp\/v2\/media?parent=42545"}],"wp:term":[{"taxonomy":"product_brand","embeddable":true,"href":"https:\/\/www.customywear.com\/it\/wp-json\/wp\/v2\/product_brand?post=42545"},{"taxonomy":"product_cat","embeddable":true,"href":"https:\/\/www.customywear.com\/it\/wp-json\/wp\/v2\/product_cat?post=42545"},{"taxonomy":"product_tag","embeddable":true,"href":"https:\/\/www.customywear.com\/it\/wp-json\/wp\/v2\/product_tag?post=42545"}],"curies":[{"name":"wp","href":"https:\/\/api.w.org\/{rel}","templated":true}]}}