{"id":7243,"date":"2024-09-27T07:25:56","date_gmt":"2024-09-27T07:25:56","guid":{"rendered":"https:\/\/www.customywear.com\/?page_id=7243"},"modified":"2024-10-15T15:35:53","modified_gmt":"2024-10-15T15:35:53","slug":"czesto-zadawane-pytania","status":"publish","type":"page","link":"https:\/\/www.customywear.com\/pl\/faqs\/","title":{"rendered":"Pytania i odpowiedzi"},"content":{"rendered":"<h2 class=\"wp-block-heading alignfull has-text-align-center has-white-color has-text-color has-background has-link-color wp-elements-acc56bf3ea8d88e38c69b4c747345d3b\" style=\"background:linear-gradient(180deg,rgb(35,154,221) 0%,rgb(30,59,102) 100%)\">Pytania i odpowiedzi<\/h2>\n\n\n<div id=\"rank-math-faq\" class=\"rank-math-block\">\n<div class=\"rank-math-list\">\n<div id=\"faq-question-1729006435376\" class=\"rank-math-list-item\">\n<h3 class=\"rank-math-question\"><a>Jak zam\u00f3wi\u0107 produkty spersonalizowane?<\/a><\/h3>\n<div class=\"rank-math-answer\">\n\n<p>Przegl\u0105daj nasze kolekcje i wybierz produkt, kt\u00f3ry chcesz. Na stronie produktu wybierz rozmiar produktu, kolor, prze\u015blij swoje zdj\u0119cie i dodaj wszelkie opisy (np. niestandardowe teksty, nazw\u0119 czcionki itp.), je\u015bli chcesz i dokonaj zakupu, wy\u015blemy Ci aktualizacje zam\u00f3wienia e-mailem.<\/p>\n\n<\/div>\n<\/div>\n<div id=\"faq-question-1729006444323\" class=\"rank-math-list-item\">\n<h3 class=\"rank-math-question\"><a>Jaki jest koszt wysy\u0142ki i czas dostawy?<\/a><\/h3>\n<div class=\"rank-math-answer\">\n\n<p>Przegl\u0105daj nasze kolekcje i wybierz produkt, kt\u00f3ry chcesz. Na stronie produktu wybierz rozmiar produktu, kolor, prze\u015blij swoje zdj\u0119cie i dodaj wszelkie opisy (np. niestandardowe teksty, nazw\u0119 czcionki itp.), je\u015bli chcesz i dokonaj zakupu, wy\u015blemy Ci aktualizacje zam\u00f3wienia e-mailem.<\/p>\n\n<\/div>\n<\/div>\n<div id=\"faq-question-1729006488594\" class=\"rank-math-list-item\">\n<h3 class=\"rank-math-question\"><a>Nie mog\u0119 przes\u0142a\u0107 zdj\u0119\u0107. Jak mog\u0119 z\u0142o\u017cy\u0107 zam\u00f3wienie?<\/a><\/h3>\n<div class=\"rank-math-answer\">\n\n<p>Poczekaj chwil\u0119, aby przes\u0142a\u0107 zdj\u0119cia po klikni\u0119ciu \u201eDodaj do koszyka\u201d. Je\u015bli wyst\u0105pi\u0105 jakiekolwiek problemy, mo\u017cesz pomin\u0105\u0107 przesy\u0142anie i przej\u015b\u0107 do realizacji zam\u00f3wienia, wysy\u0142aj\u0105c nam zdj\u0119cia bezpo\u015brednio na nasz adres e-mail, podaj\u0105c numer zam\u00f3wienia: <a href=\"mailto:support@customywear.com\"><strong>wsparcie@customywear.com<\/strong><\/a><\/p>\n<p>Skontaktujemy si\u0119 z Tob\u0105 r\u00f3wnie\u017c w przypadku braku zdj\u0119cia.<\/p>\n\n<\/div>\n<\/div>\n<div id=\"faq-question-1729006503315\" class=\"rank-math-list-item\">\n<h3 class=\"rank-math-question\"><a>Czy akceptujecie zdj\u0119cia niskiej jako\u015bci?<\/a><\/h3>\n<div class=\"rank-math-answer\">\n\n<p>Zale\u017cy. Je\u015bli zdj\u0119cie wygl\u0105da wyra\u017anie na telefonie lub ekranie monitora, powinno by\u0107 w porz\u0105dku.<\/p>\n\n<\/div>\n<\/div>\n<div id=\"faq-question-1729006532466\" class=\"rank-math-list-item\">\n<h3 class=\"rank-math-question\"><a>Nie mog\u0119 znale\u017a\u0107 produktu w rozmiarze Kids \/ Adult \/ Toddler. Co mog\u0119 zrobi\u0107?<\/a><\/h3>\n<div class=\"rank-math-answer\">\n\n<p>Mamy wszystkie projekty dost\u0119pne dla wszystkich p\u0142ci i wieku. Czasami nie mo\u017cemy \u0142atwo zaprezentowa\u0107 wszystkich styl\u00f3w produkt\u00f3w. Mo\u017cesz wi\u0119c po prostu skontaktowa\u0107 si\u0119 z nami za po\u015brednictwem czatu na \u017cywo lub wys\u0142a\u0107 e-mail, aby dowiedzie\u0107 si\u0119, czego szukasz.<\/p>\n\n<\/div>\n<\/div>\n<\/div>\n<\/div>\n\n\n<p><br><br><\/p>\n\n\n\n<p><\/p>","protected":false},"excerpt":{"rendered":"<p>Pytania i odpowiedzi<\/p>","protected":false},"author":2,"featured_media":0,"parent":0,"menu_order":0,"comment_status":"closed","ping_status":"closed","template":"template-fullwidth-no-heading.php","meta":{"_acf_changed":false,"footnotes":""},"class_list":["post-7243","page","type-page","status-publish","hentry"],"acf":[],"_links":{"self":[{"href":"https:\/\/www.customywear.com\/pl\/wp-json\/wp\/v2\/pages\/7243","targetHints":{"allow":["GET"]}}],"collection":[{"href":"https:\/\/www.customywear.com\/pl\/wp-json\/wp\/v2\/pages"}],"about":[{"href":"https:\/\/www.customywear.com\/pl\/wp-json\/wp\/v2\/types\/page"}],"author":[{"embeddable":true,"href":"https:\/\/www.customywear.com\/pl\/wp-json\/wp\/v2\/users\/2"}],"replies":[{"embeddable":true,"href":"https:\/\/www.customywear.com\/pl\/wp-json\/wp\/v2\/comments?post=7243"}],"version-history":[{"count":0,"href":"https:\/\/www.customywear.com\/pl\/wp-json\/wp\/v2\/pages\/7243\/revisions"}],"wp:attachment":[{"href":"https:\/\/www.customywear.com\/pl\/wp-json\/wp\/v2\/media?parent=7243"}],"curies":[{"name":"wp","href":"https:\/\/api.w.org\/{rel}","templated":true}]}}