{"id":7277,"date":"2024-09-27T07:53:31","date_gmt":"2024-09-27T07:53:31","guid":{"rendered":"https:\/\/www.customywear.com\/?page_id=7277"},"modified":"2024-09-27T08:01:12","modified_gmt":"2024-09-27T08:01:12","slug":"polityka-zwrotow","status":"publish","type":"page","link":"https:\/\/www.customywear.com\/pl\/return-policy\/","title":{"rendered":"Zasady zwrotu i wymiany towaru"},"content":{"rendered":"<h1 class=\"wp-block-heading alignfull has-text-align-center has-white-color has-text-color has-background has-link-color wp-elements-6a1b5e9f5e86f55beaf71c896b001019\" style=\"background:linear-gradient(180deg,rgb(35,154,221) 0%,rgb(30,59,102) 100%)\">Zasady zwrotu i wymiany towaru<\/h1>\n\n\n\n<p><strong>POLITYKA ZWROT\u00d3W<br><\/strong><\/p>\n\n\n\n<p><strong>Ostatnia aktualizacja 17 sierpnia 2024 r.<\/strong><\/p>\n\n\n\n<p>Dzi\u0119kujemy za zakup. Mamy nadziej\u0119, \u017ce jeste\u015b zadowolony ze swojego zakupu. Je\u015bli jednak z jakiegokolwiek powodu nie jeste\u015b w pe\u0142ni zadowolony ze swojego zakupu, a Tw\u00f3j produkt kwalifikuje si\u0119 do zwrotu, mo\u017cesz zwr\u00f3ci\u0107 go do nas w celu uzyskania pe\u0142nego zwrotu pieni\u0119dzy lub wymiany. Wi\u0119cej informacji na temat naszej polityki zwrot\u00f3w znajdziesz poni\u017cej.<br><br><strong>PRODUKTY OBJ\u0118TE PROMOCJ\u0104<br><br><\/strong>W przypadku zam\u00f3wie\u0144 i produkt\u00f3w niestandardowych:&nbsp;<\/p>\n\n\n\n<ol class=\"wp-block-list\">\n<li><strong>Je\u015bli wy\u015blemy Ci niew\u0142a\u015bciwe produkty i wzory<\/strong><\/li>\n\n\n\n<li><strong>Je\u015bli produkty s\u0105 wadliwe<\/strong><\/li>\n<\/ol>\n\n\n\n<p><strong><br><\/strong>W przypadku zam\u00f3wie\u0144 i produkt\u00f3w niestandardowych:&nbsp;<\/p>\n\n\n\n<ol class=\"wp-block-list\">\n<li><strong>Mo\u017cesz zwr\u00f3ci\u0107 wszystkie przedmioty, je\u015bli nie jeste\u015b zadowolony<\/strong><\/li>\n<\/ol>\n\n\n\n<p><strong>ZWROTY<br><\/strong><\/p>\n\n\n\n<p>Wszystkie zwroty musz\u0105 zosta\u0107 ostemplowane w ci\u0105gu czterdziestu pi\u0119ciu (45) dni od daty dostawy. Wszystkie zwracane przedmioty musz\u0105 by\u0107 w nowym i nieu\u017cywanym stanie, ze wszystkimi oryginalnymi metkami i etykietami.<\/p>\n\n\n\n<p><strong>PROCES ZWROTU<br><\/strong><\/p>\n\n\n\n<p>Aby zwr\u00f3ci\u0107 przedmiot, wy\u015blij wiadomo\u015b\u0107 e-mail do dzia\u0142u obs\u0142ugi klienta na adres support@customywear.com, aby uzyska\u0107 numer autoryzacji zwrotu towaru (RMA). Po otrzymaniu numeru RMA umie\u015b\u0107 przedmiot bezpiecznie w oryginalnym opakowaniu i do\u0142\u0105cz dow\u00f3d zakupu, a nast\u0119pnie wy\u015blij zwrot na nast\u0119puj\u0105cy adres:<\/p>\n\n\n\n<p>CustomyWear<\/p>\n\n\n\n<p>Uwaga: Zwroty<\/p>\n\n\n\n<p>RMA #<\/p>\n\n\n\n<p>11201 Ed Brown Rd<\/p>\n\n\n\n<p>Charlotte, Karolina P\u00f3\u0142nocna 28273<\/p>\n\n\n\n<p>Stany Zjednoczone<\/p>\n\n\n\n<p>Nale\u017cy pami\u0119ta\u0107, \u017ce b\u0119dziesz odpowiedzialny za wszystkie koszty wysy\u0142ki zwrotnej. Zdecydowanie zalecamy, aby u\u017cy\u0107 metody \u015bledzenia przesy\u0142ki zwrotnej.&nbsp;<\/p>\n\n\n\n<p><strong>ZWROTY<br><\/strong><\/p>\n\n\n\n<p>Po otrzymaniu zwrotu i sprawdzeniu stanu przedmiotu przetworzymy zwrot lub wymian\u0119. Prosimy o odczekanie co najmniej trzydziestu (30) dni od otrzymania przedmiotu na przetworzenie zwrotu lub wymiany. Powiadomimy Ci\u0119 e-mailem, gdy zwrot zostanie przetworzony.<\/p>\n\n\n\n<p><strong>WYJ\u0104TKI<\/strong><\/p>\n\n\n\n<p>Je\u015bli produkt jest wadliwy lub uszkodzony, skontaktuj si\u0119 z nami, korzystaj\u0105c z danych kontaktowych podanych poni\u017cej, w celu ustalenia szczeg\u00f3\u0142\u00f3w zwrotu pieni\u0119dzy lub wymiany.<\/p>\n\n\n\n<p><strong>Prosz\u0119 zwr\u00f3ci\u0107 uwag\u0119<br><\/strong><\/p>\n\n\n\n<p><strong>&nbsp; &nbsp; &nbsp;\u25cf&nbsp;&nbsp; &nbsp;&nbsp;<\/strong>Produkty obj\u0119te wyprzeda\u017c\u0105 s\u0105 produktami finalnymi i nie podlegaj\u0105 zwrotowi.<\/p>\n\n\n\n<p><strong>PYTANIA<br><\/strong><\/p>\n\n\n\n<p>Je\u015bli maj\u0105 Pa\u0144stwo jakiekolwiek pytania dotycz\u0105ce naszej polityki zwrot\u00f3w, prosimy o kontakt pod adresem:<\/p>\n\n\n\n<p><a href=\"mailto:support@customywear.com\"><strong>wsparcie@customywear.com<\/strong><\/a><\/p>","protected":false},"excerpt":{"rendered":"<p>Refund and Returns Policy RETURN POLICY Last updated August 17, 2024 Thank you for your purchase. We hope you are happy with your purchase. However, if you are not completely satisfied with your purchase for any reason and your product is eligible to return, you may return it to us for&nbsp;a full refund or an [&hellip;]<\/p>\n","protected":false},"author":2,"featured_media":0,"parent":0,"menu_order":0,"comment_status":"closed","ping_status":"closed","template":"template-fullwidth-no-heading.php","meta":{"_acf_changed":false,"footnotes":""},"class_list":["post-7277","page","type-page","status-publish","hentry"],"acf":[],"_links":{"self":[{"href":"https:\/\/www.customywear.com\/pl\/wp-json\/wp\/v2\/pages\/7277","targetHints":{"allow":["GET"]}}],"collection":[{"href":"https:\/\/www.customywear.com\/pl\/wp-json\/wp\/v2\/pages"}],"about":[{"href":"https:\/\/www.customywear.com\/pl\/wp-json\/wp\/v2\/types\/page"}],"author":[{"embeddable":true,"href":"https:\/\/www.customywear.com\/pl\/wp-json\/wp\/v2\/users\/2"}],"replies":[{"embeddable":true,"href":"https:\/\/www.customywear.com\/pl\/wp-json\/wp\/v2\/comments?post=7277"}],"version-history":[{"count":0,"href":"https:\/\/www.customywear.com\/pl\/wp-json\/wp\/v2\/pages\/7277\/revisions"}],"wp:attachment":[{"href":"https:\/\/www.customywear.com\/pl\/wp-json\/wp\/v2\/media?parent=7277"}],"curies":[{"name":"wp","href":"https:\/\/api.w.org\/{rel}","templated":true}]}}