{"id":127028,"date":"2025-02-11T14:54:05","date_gmt":"2025-02-11T14:54:05","guid":{"rendered":"https:\/\/www.customywear.com\/?post_type=product&#038;p=127028"},"modified":"2026-05-07T15:29:41","modified_gmt":"2026-05-07T15:29:41","slug":"przemien-swoja-dziewczyne-w-koszulke-superbohaterki","status":"publish","type":"product","link":"https:\/\/www.customywear.com\/pl\/transform-your-girl-into-a-superhero-t-shirt\/","title":{"rendered":"Zmie\u0144 swoj\u0105 dziewczyn\u0119 w superbohaterk\u0119 dzi\u0119ki naszej spersonalizowanej koszulce"},"content":{"rendered":"<p>Przedstawiamy nasz\u0105 osza\u0142amiaj\u0105c\u0105 dziewcz\u0119c\u0105 koszulk\u0119 z superbohaterk\u0105, idealn\u0105 dla ka\u017cdego aspiruj\u0105cego bohatera! Wykonana w 100% z bawe\u0142ny, ta koszulka zapewnia wygod\u0119, a jednocze\u015bnie jest odwa\u017cna. \u017bywy czerwono-z\u0142oty wz\u00f3r \u017celaznej zbroi nie tylko przyci\u0105ga wzrok; zmienia zdj\u0119cie Twojego dziecka w wyj\u0105tkow\u0105 superbohaterk\u0119, dzi\u0119ki czemu czuje si\u0119 wyj\u0105tkowo.<\/p>\n<h2>Jako\u015b\u0107, kt\u00f3rej mo\u017cesz zaufa\u0107<\/h2>\n<p>Wykorzystuj\u0105c zaawansowan\u0105 technologi\u0119 druku DTG, gwarantujemy wysokiej jako\u015bci sztuk\u0119 cyfrow\u0105, kt\u00f3ra uchwyci ka\u017cdy szczeg\u00f3\u0142 portretu Twojego dziecka. Ka\u017cda koszulka jest wykonana z dba\u0142o\u015bci\u0105, zapewniaj\u0105c trwa\u0142o\u015b\u0107 i d\u0142ugotrwa\u0142\u0105 przyjemno\u015b\u0107 podczas wielu przysz\u0142ych przyg\u00f3d.<\/p>\n<h2>Idealny prezent dla superbohater\u00f3w<\/h2>\n<p>Ta spersonalizowana koszulka z superbohaterem to idealny prezent na urodziny lub specjalne okazje. Podaruj swojemu dziecku prezent w postaci wyobra\u017ani, pozwalaj\u0105c mu urzeczywistni\u0107 swoje superbohaterskie marzenia!<\/p>","protected":false},"excerpt":{"rendered":"<p>Uwolnij wyobra\u017ani\u0119 dzi\u0119ki przekszta\u0142ceniu swojej dziewczyny w niestandardow\u0105 koszulk\u0119 superbohatera. Spersonalizowane koszulki zamieniaj\u0105 ka\u017cde zdj\u0119cie w zabawn\u0105, jedyn\u0105 w swoim rodzaju koszulk\u0119 bohatera.<\/p>","protected":false},"featured_media":127332,"comment_status":"open","ping_status":"closed","template":"","meta":{"_acf_changed":false},"product_brand":[],"product_cat":[6193,6312,152,6412,6428,58],"product_tag":[6433,6439,6331,6221],"class_list":{"0":"post-127028","1":"product","2":"type-product","3":"status-publish","4":"has-post-thumbnail","6":"product_cat-girls-t-shirts","7":"product_cat-custom-gifts-ironman","8":"product_cat-girls","9":"product_cat-photo-to-tees","10":"product_cat-translate-products","11":"product_cat-youth-kids","12":"product_tag-ai-artwork","13":"product_tag-ai-kids-artwork","14":"product_tag-custom-picture-t-shirt-for-girls","15":"product_tag-custom-t-shirts-near-me","17":"first","18":"instock","19":"taxable","20":"shipping-taxable","21":"purchasable","22":"product-type-simple"},"acf":[],"wcpa_form_fields":null,"_links":{"self":[{"href":"https:\/\/www.customywear.com\/pl\/wp-json\/wp\/v2\/product\/127028","targetHints":{"allow":["GET"]}}],"collection":[{"href":"https:\/\/www.customywear.com\/pl\/wp-json\/wp\/v2\/product"}],"about":[{"href":"https:\/\/www.customywear.com\/pl\/wp-json\/wp\/v2\/types\/product"}],"replies":[{"embeddable":true,"href":"https:\/\/www.customywear.com\/pl\/wp-json\/wp\/v2\/comments?post=127028"}],"wp:featuredmedia":[{"embeddable":true,"href":"https:\/\/www.customywear.com\/pl\/wp-json\/wp\/v2\/media\/127332"}],"wp:attachment":[{"href":"https:\/\/www.customywear.com\/pl\/wp-json\/wp\/v2\/media?parent=127028"}],"wp:term":[{"taxonomy":"product_brand","embeddable":true,"href":"https:\/\/www.customywear.com\/pl\/wp-json\/wp\/v2\/product_brand?post=127028"},{"taxonomy":"product_cat","embeddable":true,"href":"https:\/\/www.customywear.com\/pl\/wp-json\/wp\/v2\/product_cat?post=127028"},{"taxonomy":"product_tag","embeddable":true,"href":"https:\/\/www.customywear.com\/pl\/wp-json\/wp\/v2\/product_tag?post=127028"}],"curies":[{"name":"wp","href":"https:\/\/api.w.org\/{rel}","templated":true}]}}