{"id":127109,"date":"2025-02-11T14:54:40","date_gmt":"2025-02-11T14:54:40","guid":{"rendered":"https:\/\/www.customywear.com\/?post_type=product&#038;p=127109"},"modified":"2026-05-05T20:23:27","modified_gmt":"2026-05-05T20:23:27","slug":"spersonalizowana-koszulka-z-superbohaterem-ironmanem-dla-kobiet","status":"publish","type":"product","link":"https:\/\/www.customywear.com\/pl\/custom-ironman-superhero-t-shirt-for-women\/","title":{"rendered":"Wykonane na Zam\u00f3wienie t-Shirt Superbohatera Ironman dla Kobiet"},"content":{"rendered":"<p>Przedstawiamy spersonalizowan\u0105 koszulk\u0119 Ironman superbohater dla kobiet, gdzie Twoje ulubione zdj\u0119cia s\u0105 przekszta\u0142cane w niesamowit\u0105 spersonalizowan\u0105 posta\u0107 superbohatera. Ten wyj\u0105tkowy prezent jest idealny dla mi\u0142o\u015bnik\u00f3w komiks\u00f3w o superbohaterach lub na ka\u017cd\u0105 okazj\u0119, \u0142\u0105cz\u0105c zabaw\u0119 i indywidualno\u015b\u0107 w jednym stylowym opakowaniu.<\/p>\n<h2>Komfort spotyka si\u0119 z jako\u015bci\u0105<\/h2>\n<p>Wykonany w 100% z mi\u0119kkiej bawe\u0142ny, zapewnia wygod\u0119 i delikatno\u015b\u0107 dla sk\u00f3ry. Nasz materia\u0142 najwy\u017cszej jako\u015bci gwarantuje trwa\u0142o\u015b\u0107 i d\u0142ugowieczno\u015b\u0107, dzi\u0119ki czemu jest podstawowym elementem garderoby.<\/p>\n<h2>\u017bywe, niestandardowe projekty<\/h2>\n<p>Poznaj wysokiej jako\u015bci druk bezpo\u015bredni na odzie\u017cy (DTG) dla \u017cywych, trwa\u0142ych wzor\u00f3w. Ka\u017cdy niestandardowy element jest wyj\u0105tkowo spersonalizowany przez naszych wykwalifikowanych artyst\u00f3w, co zapewnia, \u017ce \u200b\u200bTwoja koszulka to co\u015b wi\u0119cej ni\u017c tylko ubranie \u2014 to dzie\u0142o sztuki do noszenia, wykonane specjalnie dla Ciebie!<\/p>","protected":false},"excerpt":{"rendered":"<p>Wzmocnij kobiety za pomoc\u0105 niestandardowej koszulki superbohatera Ironman. Spersonalizowane koszulki zamieniaj\u0105 ka\u017cde zdj\u0119cie w odwa\u017cn\u0105, wyj\u0105tkow\u0105 koszulk\u0119 bohatera.<\/p>","protected":false},"featured_media":127395,"comment_status":"open","ping_status":"closed","template":"","meta":{"_acf_changed":false},"product_brand":[],"product_cat":[6191,6312,6412,6428,75,6350],"product_tag":[6214,6433,6328,229,6215],"class_list":{"0":"post-127109","1":"product","2":"type-product","3":"status-publish","4":"has-post-thumbnail","6":"product_cat-t-shirts-women","7":"product_cat-custom-gifts-ironman","8":"product_cat-photo-to-tees","9":"product_cat-translate-products","10":"product_cat-women","11":"product_cat-womens-superhero-t-shirts","12":"product_tag-affordable-custom-t-shirts","13":"product_tag-ai-artwork","14":"product_tag-custom-image-t-shirt-for-women","15":"product_tag-custom-tee-shirts","16":"product_tag-screen-printing-near-me","18":"first","19":"instock","20":"taxable","21":"shipping-taxable","22":"purchasable","23":"product-type-simple"},"acf":[],"wcpa_form_fields":null,"_links":{"self":[{"href":"https:\/\/www.customywear.com\/pl\/wp-json\/wp\/v2\/product\/127109","targetHints":{"allow":["GET"]}}],"collection":[{"href":"https:\/\/www.customywear.com\/pl\/wp-json\/wp\/v2\/product"}],"about":[{"href":"https:\/\/www.customywear.com\/pl\/wp-json\/wp\/v2\/types\/product"}],"replies":[{"embeddable":true,"href":"https:\/\/www.customywear.com\/pl\/wp-json\/wp\/v2\/comments?post=127109"}],"wp:featuredmedia":[{"embeddable":true,"href":"https:\/\/www.customywear.com\/pl\/wp-json\/wp\/v2\/media\/127395"}],"wp:attachment":[{"href":"https:\/\/www.customywear.com\/pl\/wp-json\/wp\/v2\/media?parent=127109"}],"wp:term":[{"taxonomy":"product_brand","embeddable":true,"href":"https:\/\/www.customywear.com\/pl\/wp-json\/wp\/v2\/product_brand?post=127109"},{"taxonomy":"product_cat","embeddable":true,"href":"https:\/\/www.customywear.com\/pl\/wp-json\/wp\/v2\/product_cat?post=127109"},{"taxonomy":"product_tag","embeddable":true,"href":"https:\/\/www.customywear.com\/pl\/wp-json\/wp\/v2\/product_tag?post=127109"}],"curies":[{"name":"wp","href":"https:\/\/api.w.org\/{rel}","templated":true}]}}