{"id":127138,"date":"2025-02-11T14:54:43","date_gmt":"2025-02-11T14:54:43","guid":{"rendered":"https:\/\/www.customywear.com\/?post_type=product&#038;p=127138"},"modified":"2026-05-05T20:24:06","modified_gmt":"2026-05-05T20:24:06","slug":"spersonalizowana-koszulka-z-superbohaterem-ironmanem-ze-zdjeciem","status":"publish","type":"product","link":"https:\/\/www.customywear.com\/pl\/custom-ironman-superhero-t-shirt-with-your-photo\/","title":{"rendered":"Wykonane na Zam\u00f3wienie t-shirt z superbohaterem Ironman z Twoim zdj\u0119ciem"},"content":{"rendered":"<p>Przedstawiamy nasz\u0105 spersonalizowan\u0105 koszulk\u0119 Ironman superbohater, w kt\u00f3rej Twoje zdj\u0119cia stan\u0105 si\u0119 wyj\u0105tkow\u0105 postaci\u0105 superbohatera! Ta koszulka to idealny prezent dla mi\u0142o\u015bnik\u00f3w komiks\u00f3w o superbohaterach lub na ka\u017cd\u0105 okazj\u0119, kt\u00f3ra wymaga wyj\u0105tkowego akcentu. Skupiaj\u0105c si\u0119 na komforcie, jest wykonana w 100% z mi\u0119kkiej bawe\u0142ny, zapewniaj\u0105c delikatno\u015b\u0107 w dotyku. Materia\u0142 najwy\u017cszej jako\u015bci sprawia, \u017ce \u200b\u200bjest trwa\u0142a i d\u0142ugotrwa\u0142a, a regularny kr\u00f3j jest odpowiedni zar\u00f3wno dla m\u0119\u017cczyzn, jak i kobiet, dzi\u0119ki czemu jest wszechstronnym dodatkiem do ka\u017cdej garderoby.<\/p>\n<h2>Jako\u015b\u0107, kt\u00f3rej mo\u017cesz zaufa\u0107<\/h2>\n<p>Nasze koszulki s\u0105 drukowane przy u\u017cyciu wysokiej jako\u015bci druku DTG, co daje \u017cywe i trwa\u0142e wzory. Ka\u017cdy element jest personalizowany przez naszych utalentowanych artyst\u00f3w, zamieniaj\u0105c Twoje ukochane zdj\u0119cia w niezwyk\u0142\u0105 sztuk\u0119 cyfrow\u0105. To spos\u00f3b na wyra\u017cenie swojej indywidualno\u015bci, jednocze\u015bnie \u015bwi\u0119tuj\u0105c swojego ulubionego superbohatera!<\/p>\n<h2>Idealne na ka\u017cd\u0105 okazj\u0119<\/h2>\n<p>Ta spersonalizowana koszulka z superbohaterem Ironmanem jest nie tylko stylowa, ale r\u00f3wnie\u017c praktyczna do noszenia na co dzie\u0144, dzi\u0119ki czemu nadaje si\u0119 na niezobowi\u0105zuj\u0105ce wyj\u015bcia, prezenty lub po prostu do zaprezentowania swojej pasji do bohater\u00f3w komiksowych. Wyr\u00f3\u017cnij si\u0119 dzi\u0119ki wyj\u0105tkowemu projektowi, kt\u00f3ry odzwierciedla Twoj\u0105 to\u017csamo\u015b\u0107!<\/p>","protected":false},"excerpt":{"rendered":"<p>O\u017cyw heroizm za pomoc\u0105 niestandardowej koszulki Superhero Superhero Ironman ze swoim zdj\u0119ciem. Spersonalizowane koszulki przekszta\u0142caj\u0105 ka\u017cde zdj\u0119cie w niepowtarzaln\u0105 koszulk\u0119 inspirowan\u0105 akcj\u0105.<\/p>","protected":false},"featured_media":127374,"comment_status":"open","ping_status":"closed","template":"","meta":{"_acf_changed":false},"product_brand":[6313],"product_cat":[6195,6312,186,6336,6412,6428],"product_tag":[6433,6327,6216,6168],"class_list":{"0":"post-127138","1":"product","2":"type-product","3":"status-publish","4":"has-post-thumbnail","6":"product_brand-customywear","7":"product_cat-t-shirts-men","8":"product_cat-custom-gifts-ironman","9":"product_cat-men","10":"product_cat-mens-superhero-t-shirts","11":"product_cat-photo-to-tees","12":"product_cat-translate-products","13":"product_tag-ai-artwork","14":"product_tag-custom-photo-t-shirt-for-men","15":"product_tag-mens-custom-t-shirts","16":"product_tag-unique-superhero-tees","18":"first","19":"instock","20":"taxable","21":"shipping-taxable","22":"purchasable","23":"product-type-simple"},"acf":[],"wcpa_form_fields":null,"_links":{"self":[{"href":"https:\/\/www.customywear.com\/pl\/wp-json\/wp\/v2\/product\/127138","targetHints":{"allow":["GET"]}}],"collection":[{"href":"https:\/\/www.customywear.com\/pl\/wp-json\/wp\/v2\/product"}],"about":[{"href":"https:\/\/www.customywear.com\/pl\/wp-json\/wp\/v2\/types\/product"}],"replies":[{"embeddable":true,"href":"https:\/\/www.customywear.com\/pl\/wp-json\/wp\/v2\/comments?post=127138"}],"wp:featuredmedia":[{"embeddable":true,"href":"https:\/\/www.customywear.com\/pl\/wp-json\/wp\/v2\/media\/127374"}],"wp:attachment":[{"href":"https:\/\/www.customywear.com\/pl\/wp-json\/wp\/v2\/media?parent=127138"}],"wp:term":[{"taxonomy":"product_brand","embeddable":true,"href":"https:\/\/www.customywear.com\/pl\/wp-json\/wp\/v2\/product_brand?post=127138"},{"taxonomy":"product_cat","embeddable":true,"href":"https:\/\/www.customywear.com\/pl\/wp-json\/wp\/v2\/product_cat?post=127138"},{"taxonomy":"product_tag","embeddable":true,"href":"https:\/\/www.customywear.com\/pl\/wp-json\/wp\/v2\/product_tag?post=127138"}],"curies":[{"name":"wp","href":"https:\/\/api.w.org\/{rel}","templated":true}]}}