{"id":127477,"date":"2025-02-18T10:29:50","date_gmt":"2025-02-18T10:29:50","guid":{"rendered":"https:\/\/www.customywear.com\/?post_type=product&#038;p=127477"},"modified":"2026-05-07T15:29:41","modified_gmt":"2026-05-07T15:29:41","slug":"niestandardowa-koszulka-neonowa-led-dla-chlopcow-2","status":"publish","type":"product","link":"https:\/\/www.customywear.com\/pl\/custom-neon-led-tshirt-boys\/","title":{"rendered":"Wykonane na Zam\u00f3wienie t-shirt z neonowym szyldem led dla ch\u0142opc\u00f3w \u2013 Spersonalizowana koszulka z wizerunkiem bohatera, Niepowtarzalny prezent dla dzieci"},"content":{"rendered":"<h2 class=\"wp-block-heading\">Przekszta\u0142\u0107 zdj\u0119cia swojego dziecka<\/h2>\r\n<p>O\u017cyw wyobra\u017ani\u0119 swojego dziecka dzi\u0119ki naszej spersonalizowanej koszulce z neonowym znakiem LED dla ch\u0142opc\u00f3w! Nasi utalentowani arty\u015bci cyfrowo przekszta\u0142c\u0105 ich zdj\u0119cia w \u017cywe, \u015bwietlne postaci, zapewniaj\u0105c wyj\u0105tkowy i osobisty akcent.<\/p>\r\n<h2>Idealne na ka\u017cd\u0105 okazj\u0119<\/h2>\r\n<p>Ta spersonalizowana koszulka to idealny prezent dla mi\u0142o\u015bnik\u00f3w neonowych diod LED lub na specjalne okazje, takie jak urodziny, Bo\u017ce Narodzenie czy \u015bluby. Twoje dziecko pokocha noszenie swojego jedynego w swoim rodzaju wzoru, gdziekolwiek p\u00f3jdzie!<\/p>\r\n<h2>Jako\u015b\u0107, kt\u00f3ra trwa<\/h2>\r\n<p>Wykonane w 100% z mi\u0119kkiej bawe\u0142ny, nasze koszulki zapewniaj\u0105 najwy\u017cszy komfort. Najwy\u017csza jako\u015b\u0107 gwarantuje trwa\u0142o\u015b\u0107, a wysokiej jako\u015bci nadruk bezpo\u015bredni na odzie\u017cy gwarantuje \u017cywe, trwa\u0142e wzory. Wyr\u00f3\u017cnij si\u0119 ju\u017c dzi\u015b dzi\u0119ki naszej koszulce z neonowym napisem LED!<\/p>\r\n<p><strong>Ostrze\u017cenie:<\/strong> Ta koszulka nie b\u0119dzie \u015bwieci\u0107. To jest grafika w stylu neon led.<\/p>","protected":false},"excerpt":{"rendered":"<p>Shine Bright z niestandardow\u0105 koszulk\u0105 LED z napisem neonowym dla ch\u0142opc\u00f3w. Spersonalizowane koszulki przekszta\u0142caj\u0105 zdj\u0119cia w \u017cywe neonowe wzory postaci dla dzieci.<\/p>","protected":false},"featured_media":127698,"comment_status":"open","ping_status":"closed","template":"","meta":{"_acf_changed":false},"product_brand":[],"product_cat":[6189,6314,6412,6428],"product_tag":[6433,6439,6221,6330],"class_list":{"0":"post-127477","1":"product","2":"type-product","3":"status-publish","4":"has-post-thumbnail","6":"product_cat-boys-t-shirts","7":"product_cat-custom-gifts-neon-led","8":"product_cat-photo-to-tees","9":"product_cat-translate-products","10":"product_tag-ai-artwork","11":"product_tag-ai-kids-artwork","12":"product_tag-custom-t-shirts-near-me","13":"product_tag-photo-print-t-shirt-for-boys","15":"first","16":"instock","17":"taxable","18":"shipping-taxable","19":"purchasable","20":"product-type-simple"},"acf":[],"wcpa_form_fields":null,"_links":{"self":[{"href":"https:\/\/www.customywear.com\/pl\/wp-json\/wp\/v2\/product\/127477","targetHints":{"allow":["GET"]}}],"collection":[{"href":"https:\/\/www.customywear.com\/pl\/wp-json\/wp\/v2\/product"}],"about":[{"href":"https:\/\/www.customywear.com\/pl\/wp-json\/wp\/v2\/types\/product"}],"replies":[{"embeddable":true,"href":"https:\/\/www.customywear.com\/pl\/wp-json\/wp\/v2\/comments?post=127477"}],"wp:featuredmedia":[{"embeddable":true,"href":"https:\/\/www.customywear.com\/pl\/wp-json\/wp\/v2\/media\/127698"}],"wp:attachment":[{"href":"https:\/\/www.customywear.com\/pl\/wp-json\/wp\/v2\/media?parent=127477"}],"wp:term":[{"taxonomy":"product_brand","embeddable":true,"href":"https:\/\/www.customywear.com\/pl\/wp-json\/wp\/v2\/product_brand?post=127477"},{"taxonomy":"product_cat","embeddable":true,"href":"https:\/\/www.customywear.com\/pl\/wp-json\/wp\/v2\/product_cat?post=127477"},{"taxonomy":"product_tag","embeddable":true,"href":"https:\/\/www.customywear.com\/pl\/wp-json\/wp\/v2\/product_tag?post=127477"}],"curies":[{"name":"wp","href":"https:\/\/api.w.org\/{rel}","templated":true}]}}