{"id":127780,"date":"2025-03-04T14:47:48","date_gmt":"2025-03-04T14:47:48","guid":{"rendered":"https:\/\/www.customywear.com\/?post_type=product&#038;p=127780"},"modified":"2026-05-07T15:29:41","modified_gmt":"2026-05-07T15:29:41","slug":"spersonalizowana-koszulka-do-gry-w-disc-golfa-dla-chlopcow","status":"publish","type":"product","link":"https:\/\/www.customywear.com\/pl\/personalized-disc-golf-tshirt-boys\/","title":{"rendered":"Spersonalizowana koszulka do gry w Dysk golfa dla ch\u0142opc\u00f3w \u2013 Custom Youth Disc Golf Player Shirt"},"content":{"rendered":"<p>Rozbud\u017a w swoim dziecku pasj\u0119 do disc golfa dzi\u0119ki naszej spersonalizowanej koszulce do disc golfa zaprojektowanej wy\u0142\u0105cznie dla ch\u0142opc\u00f3w! Robimy zdj\u0119cia Twojego dziecka i cyfrowo przekszta\u0142camy je w wyj\u0105tkow\u0105 posta\u0107 gracza disc golfa, uchwycaj\u0105c emocje zwi\u0105zane z gr\u0105. Ta koszulka, wykonana w 100% z mi\u0119kkiej bawe\u0142ny, zapewnia najwy\u017cszy komfort i trwa\u0142o\u015b\u0107, dzi\u0119ki czemu idealnie nadaje si\u0119 zar\u00f3wno do gry, jak i do codziennego noszenia. Dzi\u0119ki wysokiej jako\u015bci, \u017cywemu nadrukowi DTG ka\u017cda koszulka prezentuje wyj\u0105tkowy wz\u00f3r stworzony przez utalentowanych artyst\u00f3w. Niezale\u017cnie od tego, czy jest to prezent urodzinowy, \u015bwi\u0105teczny, \u015blubny czy po prostu tak, ten spersonalizowany prezent z pewno\u015bci\u0105 zachwyci ka\u017cdego m\u0142odego mi\u0142o\u015bnika disc golfa!<\/p>","protected":false},"excerpt":{"rendered":"<p>Graj w stylu z spersonalizowan\u0105 koszulk\u0105 disc golf dla ch\u0142opc\u00f3w. Niestandardowe koszulki dla m\u0142odzie\u017cowych graczy w golfie dyskowym zamieniaj\u0105 ka\u017cde zdj\u0119cie w zabawn\u0105, wyj\u0105tkow\u0105 koszulk\u0119.<\/p>","protected":false},"featured_media":127934,"comment_status":"open","ping_status":"closed","template":"","meta":{"_acf_changed":false},"product_brand":[],"product_cat":[6189,6315,6412,6428],"product_tag":[6433,6439,6221,6330],"class_list":{"0":"post-127780","1":"product","2":"type-product","3":"status-publish","4":"has-post-thumbnail","6":"product_cat-boys-t-shirts","7":"product_cat-custom-gifts-disc-golf","8":"product_cat-photo-to-tees","9":"product_cat-translate-products","10":"product_tag-ai-artwork","11":"product_tag-ai-kids-artwork","12":"product_tag-custom-t-shirts-near-me","13":"product_tag-photo-print-t-shirt-for-boys","15":"first","16":"instock","17":"taxable","18":"shipping-taxable","19":"purchasable","20":"product-type-simple"},"acf":[],"wcpa_form_fields":null,"_links":{"self":[{"href":"https:\/\/www.customywear.com\/pl\/wp-json\/wp\/v2\/product\/127780","targetHints":{"allow":["GET"]}}],"collection":[{"href":"https:\/\/www.customywear.com\/pl\/wp-json\/wp\/v2\/product"}],"about":[{"href":"https:\/\/www.customywear.com\/pl\/wp-json\/wp\/v2\/types\/product"}],"replies":[{"embeddable":true,"href":"https:\/\/www.customywear.com\/pl\/wp-json\/wp\/v2\/comments?post=127780"}],"wp:featuredmedia":[{"embeddable":true,"href":"https:\/\/www.customywear.com\/pl\/wp-json\/wp\/v2\/media\/127934"}],"wp:attachment":[{"href":"https:\/\/www.customywear.com\/pl\/wp-json\/wp\/v2\/media?parent=127780"}],"wp:term":[{"taxonomy":"product_brand","embeddable":true,"href":"https:\/\/www.customywear.com\/pl\/wp-json\/wp\/v2\/product_brand?post=127780"},{"taxonomy":"product_cat","embeddable":true,"href":"https:\/\/www.customywear.com\/pl\/wp-json\/wp\/v2\/product_cat?post=127780"},{"taxonomy":"product_tag","embeddable":true,"href":"https:\/\/www.customywear.com\/pl\/wp-json\/wp\/v2\/product_tag?post=127780"}],"curies":[{"name":"wp","href":"https:\/\/api.w.org\/{rel}","templated":true}]}}