{"id":127797,"date":"2025-03-04T14:47:49","date_gmt":"2025-03-04T14:47:49","guid":{"rendered":"https:\/\/www.customywear.com\/?post_type=product&#038;p=127797"},"modified":"2026-05-07T15:29:41","modified_gmt":"2026-05-07T15:29:41","slug":"spersonalizowana-koszulka-do-gry-w-disc-golfa-dla-malych-chlopcow","status":"publish","type":"product","link":"https:\/\/www.customywear.com\/pl\/personalized-disc-golf-tshirt-toddler-boys\/","title":{"rendered":"Personalizowana koszulka do gry w disc golfa dla ma\u0142ych ch\u0142opc\u00f3w \u2013 spersonalizowana m\u0142odzie\u017cowa koszulka do gry w disc golfa"},"content":{"rendered":"<p>Przedstawiamy nasz\u0105 spersonalizowan\u0105 koszulk\u0119 do disc golfa zaprojektowan\u0105 specjalnie dla ma\u0142ych ch\u0142opc\u00f3w! Bierzemy zdj\u0119cia Twojego dziecka i zamieniamy je w wyj\u0105tkowe, \u017cywe postacie graczy disc golfa, idealne do zaprezentowania ich mi\u0142o\u015bci do tego sportu. Wykonana z mi\u0119kkiej bawe\u0142ny w 100%, ta koszulka jest nie tylko wygodna, ale tak\u017ce trwa\u0142a i d\u0142ugowieczna. Nasz wysokiej jako\u015bci nadruk DTG zapewnia, \u017ce \u200b\u200bwzory s\u0105 ostre, \u017cywe i trwa\u0142e. Niezale\u017cnie od tego, czy s\u0105 to urodziny, Bo\u017ce Narodzenie czy jakakolwiek inna specjalna okazja, ta spersonalizowana koszulka jest idealnym prezentem dla m\u0142odych mi\u0142o\u015bnik\u00f3w i graczy disc golfa.<\/p>","protected":false},"excerpt":{"rendered":"<p>Zacznij od Young z spersonalizowan\u0105 koszulk\u0105 Disc Golf dla ma\u0142ych ch\u0142opc\u00f3w. Niestandardowe m\u0142odzie\u017cowe koszulki do golfa dyskowego przekszta\u0142caj\u0105 ka\u017cde zdj\u0119cie w zabawn\u0105, jedyn\u0105 w swoim rodzaju koszulk\u0119.<\/p>","protected":false},"featured_media":127955,"comment_status":"open","ping_status":"closed","template":"","meta":{"_acf_changed":false},"product_brand":[],"product_cat":[6209,6315,6412,6428],"product_tag":[6433,6439,6221],"class_list":{"0":"post-127797","1":"product","2":"type-product","3":"status-publish","4":"has-post-thumbnail","6":"product_cat-toddler-boy-t-shirts","7":"product_cat-custom-gifts-disc-golf","8":"product_cat-photo-to-tees","9":"product_cat-translate-products","10":"product_tag-ai-artwork","11":"product_tag-ai-kids-artwork","12":"product_tag-custom-t-shirts-near-me","14":"first","15":"instock","16":"taxable","17":"shipping-taxable","18":"purchasable","19":"product-type-simple"},"acf":[],"wcpa_form_fields":null,"_links":{"self":[{"href":"https:\/\/www.customywear.com\/pl\/wp-json\/wp\/v2\/product\/127797","targetHints":{"allow":["GET"]}}],"collection":[{"href":"https:\/\/www.customywear.com\/pl\/wp-json\/wp\/v2\/product"}],"about":[{"href":"https:\/\/www.customywear.com\/pl\/wp-json\/wp\/v2\/types\/product"}],"replies":[{"embeddable":true,"href":"https:\/\/www.customywear.com\/pl\/wp-json\/wp\/v2\/comments?post=127797"}],"wp:featuredmedia":[{"embeddable":true,"href":"https:\/\/www.customywear.com\/pl\/wp-json\/wp\/v2\/media\/127955"}],"wp:attachment":[{"href":"https:\/\/www.customywear.com\/pl\/wp-json\/wp\/v2\/media?parent=127797"}],"wp:term":[{"taxonomy":"product_brand","embeddable":true,"href":"https:\/\/www.customywear.com\/pl\/wp-json\/wp\/v2\/product_brand?post=127797"},{"taxonomy":"product_cat","embeddable":true,"href":"https:\/\/www.customywear.com\/pl\/wp-json\/wp\/v2\/product_cat?post=127797"},{"taxonomy":"product_tag","embeddable":true,"href":"https:\/\/www.customywear.com\/pl\/wp-json\/wp\/v2\/product_tag?post=127797"}],"curies":[{"name":"wp","href":"https:\/\/api.w.org\/{rel}","templated":true}]}}