{"id":128112,"date":"2025-03-15T15:21:29","date_gmt":"2025-03-15T15:21:29","guid":{"rendered":"https:\/\/www.customywear.com\/?post_type=product&#038;p=128112"},"modified":"2026-05-07T15:29:41","modified_gmt":"2026-05-07T15:29:41","slug":"spersonalizowana-koszulka-baseballowa-dla-malych-chlopcow","status":"publish","type":"product","link":"https:\/\/www.customywear.com\/pl\/personalized-baseball-tshirt-toddler-boys\/","title":{"rendered":"Personalizowana koszulka baseballowa dla ma\u0142ych ch\u0142opc\u00f3w \u2013 spersonalizowana koszulka z nadrukiem gracza baseballowego"},"content":{"rendered":"<p>Ta spersonalizowana koszulka baseballowa dla ma\u0142ych ch\u0142opc\u00f3w to wyj\u0105tkowy spos\u00f3b na \u015bwi\u0119towanie mi\u0142o\u015bci Twojego dziecka do baseballu. Przy ka\u017cdym zakupie cyfrowo przekszta\u0142camy zdj\u0119cie Twojego dziecka w \u017cyw\u0105, spersonalizowan\u0105 posta\u0107 baseballisty, kt\u00f3ra wygl\u0105da, jakby by\u0142a gotowa na home run! Wykonana w 100% z mi\u0119kkiej bawe\u0142ny, ta koszulka zapewnia wygod\u0119 i jest delikatna dla sk\u00f3ry Twojego dziecka. Najwy\u017csza jako\u015b\u0107 gwarantuje trwa\u0142o\u015b\u0107, dzi\u0119ki czemu wytrzymuje zabaw\u0119 i mo\u017cna j\u0105 pra\u0107 bez blakni\u0119cia. Nasza wysokiej jako\u015bci technika drukowania DTG o\u017cywia projekt \u017cywymi kolorami, a ka\u017cdy element jest wykonywany przez wykwalifikowanych artyst\u00f3w, kt\u00f3rzy dodaj\u0105 sw\u00f3j kreatywny akcent, aby ka\u017cda koszulka by\u0142a jedyna w swoim rodzaju. Niezale\u017cnie od tego, czy jest to prezent urodzinowy, \u015bwi\u0105teczny czy na inn\u0105 specjaln\u0105 okazj\u0119, ta koszulka jest idealnym prezentem dla ma\u0142ych mi\u0142o\u015bnik\u00f3w baseballu.<\/p>","protected":false},"excerpt":{"rendered":"<p>Zacznij Young z spersonalizowan\u0105 koszulk\u0105 baseballow\u0105 dla ma\u0142ych ch\u0142opc\u00f3w. Niestandardowe koszulki z baseballem ze zdj\u0119ciami przekszta\u0142caj\u0105 ka\u017cde zdj\u0119cie w zabawne, jedyne w swoim rodzaju koszulki.<\/p>","protected":false},"featured_media":128274,"comment_status":"open","ping_status":"closed","template":"","meta":{"_acf_changed":false},"product_brand":[],"product_cat":[6209,6316,6412,6428],"product_tag":[6433,6439,6221],"class_list":{"0":"post-128112","1":"product","2":"type-product","3":"status-publish","4":"has-post-thumbnail","6":"product_cat-toddler-boy-t-shirts","7":"product_cat-custom-gifts-ai-baseball","8":"product_cat-photo-to-tees","9":"product_cat-translate-products","10":"product_tag-ai-artwork","11":"product_tag-ai-kids-artwork","12":"product_tag-custom-t-shirts-near-me","14":"first","15":"instock","16":"taxable","17":"shipping-taxable","18":"purchasable","19":"product-type-simple"},"acf":[],"wcpa_form_fields":null,"_links":{"self":[{"href":"https:\/\/www.customywear.com\/pl\/wp-json\/wp\/v2\/product\/128112","targetHints":{"allow":["GET"]}}],"collection":[{"href":"https:\/\/www.customywear.com\/pl\/wp-json\/wp\/v2\/product"}],"about":[{"href":"https:\/\/www.customywear.com\/pl\/wp-json\/wp\/v2\/types\/product"}],"replies":[{"embeddable":true,"href":"https:\/\/www.customywear.com\/pl\/wp-json\/wp\/v2\/comments?post=128112"}],"wp:featuredmedia":[{"embeddable":true,"href":"https:\/\/www.customywear.com\/pl\/wp-json\/wp\/v2\/media\/128274"}],"wp:attachment":[{"href":"https:\/\/www.customywear.com\/pl\/wp-json\/wp\/v2\/media?parent=128112"}],"wp:term":[{"taxonomy":"product_brand","embeddable":true,"href":"https:\/\/www.customywear.com\/pl\/wp-json\/wp\/v2\/product_brand?post=128112"},{"taxonomy":"product_cat","embeddable":true,"href":"https:\/\/www.customywear.com\/pl\/wp-json\/wp\/v2\/product_cat?post=128112"},{"taxonomy":"product_tag","embeddable":true,"href":"https:\/\/www.customywear.com\/pl\/wp-json\/wp\/v2\/product_tag?post=128112"}],"curies":[{"name":"wp","href":"https:\/\/api.w.org\/{rel}","templated":true}]}}