{"id":128381,"date":"2025-03-25T13:57:04","date_gmt":"2025-03-25T13:57:04","guid":{"rendered":"https:\/\/www.customywear.com\/?post_type=product&#038;p=128381"},"modified":"2026-05-07T15:29:41","modified_gmt":"2026-05-07T15:29:41","slug":"spersonalizowana-koszulka-do-pickleballa-dla-malych-dziewczynek","status":"publish","type":"product","link":"https:\/\/www.customywear.com\/pl\/custom-toddler-pickleball-tshirt-girls\/","title":{"rendered":"Spersonalizowana koszulka Pickleball dla dziewczynek \u2013 spersonalizowany projekt postaci gracza ze zdj\u0119ciem"},"content":{"rendered":"<p>Zmie\u0144 zdj\u0119cie swojego malucha w \u017cyw\u0105 i weso\u0142\u0105 posta\u0107 gracza pickleballa dzi\u0119ki naszej koszulce Pickleball dla ma\u0142ych dziewczynek. Wykonana z mi\u0119kkiej bawe\u0142ny w 100%, ta koszulka jest wygodna i trwa\u0142a, idealna dla aktywnych dzieci. Unikalny projekt powstaje dzi\u0119ki wysokiej jako\u015bci nadrukowi bezpo\u015bredniemu na odzie\u017cy, co zapewnia, \u017ce \u200b\u200bka\u017cda koszulka ma \u017cywy i trwa\u0142y obraz. Niezale\u017cnie od tego, czy jest to prezent urodzinowy, \u015bwi\u0105teczny, czy po prostu tak, ta spersonalizowana koszulka jest idealnym prezentem dla m\u0142odych entuzjast\u00f3w pickleballa lub pocz\u0105tkuj\u0105cych graczy. Podaruj swojemu dziecku wyj\u0105tkowy element garderoby, kt\u00f3ry celebruje jego mi\u0142o\u015b\u0107 do tej gry!<\/p>","protected":false},"excerpt":{"rendered":"<p>Rozpocznij ma\u0142e dzieci na boisku z niestandardow\u0105 koszulk\u0105 z pickleballem dla dzieci dla dziewczynek. Spersonalizowane projekty postaci Photo Player zamieniaj\u0105 ka\u017cde zdj\u0119cie w zabawne koszulki.<\/p>","protected":false},"featured_media":128666,"comment_status":"open","ping_status":"closed","template":"","meta":{"_acf_changed":false},"product_brand":[],"product_cat":[6207,6318,6412,6428],"product_tag":[6433,6439,6221],"class_list":{"0":"post-128381","1":"product","2":"type-product","3":"status-publish","4":"has-post-thumbnail","6":"product_cat-toddler-girl-t-shirts","7":"product_cat-custom-gifts-pickleball","8":"product_cat-photo-to-tees","9":"product_cat-translate-products","10":"product_tag-ai-artwork","11":"product_tag-ai-kids-artwork","12":"product_tag-custom-t-shirts-near-me","14":"first","15":"instock","16":"taxable","17":"shipping-taxable","18":"purchasable","19":"product-type-simple"},"acf":[],"wcpa_form_fields":null,"_links":{"self":[{"href":"https:\/\/www.customywear.com\/pl\/wp-json\/wp\/v2\/product\/128381","targetHints":{"allow":["GET"]}}],"collection":[{"href":"https:\/\/www.customywear.com\/pl\/wp-json\/wp\/v2\/product"}],"about":[{"href":"https:\/\/www.customywear.com\/pl\/wp-json\/wp\/v2\/types\/product"}],"replies":[{"embeddable":true,"href":"https:\/\/www.customywear.com\/pl\/wp-json\/wp\/v2\/comments?post=128381"}],"wp:featuredmedia":[{"embeddable":true,"href":"https:\/\/www.customywear.com\/pl\/wp-json\/wp\/v2\/media\/128666"}],"wp:attachment":[{"href":"https:\/\/www.customywear.com\/pl\/wp-json\/wp\/v2\/media?parent=128381"}],"wp:term":[{"taxonomy":"product_brand","embeddable":true,"href":"https:\/\/www.customywear.com\/pl\/wp-json\/wp\/v2\/product_brand?post=128381"},{"taxonomy":"product_cat","embeddable":true,"href":"https:\/\/www.customywear.com\/pl\/wp-json\/wp\/v2\/product_cat?post=128381"},{"taxonomy":"product_tag","embeddable":true,"href":"https:\/\/www.customywear.com\/pl\/wp-json\/wp\/v2\/product_tag?post=128381"}],"curies":[{"name":"wp","href":"https:\/\/api.w.org\/{rel}","templated":true}]}}