{"id":128802,"date":"2025-03-27T20:32:29","date_gmt":"2025-03-27T20:32:29","guid":{"rendered":"https:\/\/www.customywear.com\/?post_type=product&#038;p=128802"},"modified":"2026-05-05T20:23:26","modified_gmt":"2026-05-05T20:23:26","slug":"spersonalizowana-koszulka-golfowa-damska","status":"publish","type":"product","link":"https:\/\/www.customywear.com\/pl\/custom-golf-tshirt-women-personalized\/","title":{"rendered":"Damska koszulka do golfa na zam\u00f3wienie \u2013 Dostosowane galeria sztuki, Sportowa koszulka z 100% Bawe\u0142ny"},"content":{"rendered":"<p>Podnie\u015b poziom swoich wra\u017ce\u0144 z gry w golfa dzi\u0119ki naszej spersonalizowanej koszulce golfowej dla kobiet, na kt\u00f3rej Twoje ulubione zdj\u0119cie zamieniamy w \u017cyw\u0105 i artystyczn\u0105 posta\u0107 golfisty, na tle kolorowego pola golfowego. Wykonana w 100% z mi\u0119kkiej bawe\u0142ny, ta najwy\u017cszej jako\u015bci koszulka jest trwa\u0142a i wygodna, idealna dla entuzjast\u00f3w sportu. Wysokiej jako\u015bci nadruk bezpo\u015bredni na odzie\u017cy (DTG) zapewnia, \u017ce \u200b\u200bTw\u00f3j spersonalizowany projekt jest \u017cywy i trwa\u0142y. Niezale\u017cnie od tego, czy jest to prezent urodzinowy, \u015bwi\u0105teczny czy \u015blubny, ta wyj\u0105tkowa koszulka stanowi przemy\u015blany prezent dla mi\u0142o\u015bnik\u00f3w i graczy golfa, dodaj\u0105c osobistego akcentu na ka\u017cd\u0105 okazj\u0119.<\/p>","protected":false},"excerpt":{"rendered":"<p>Swing w stylu z niestandardow\u0105 koszulk\u0105 golfow\u0105 dla kobiet. Spersonalizowana grafika na 100% bawe\u0142nianych koszulek sportowych zamienia ka\u017cde zdj\u0119cie w sportow\u0105, jedyn\u0105 w swoim rodzaju koszulk\u0119.<\/p>","protected":false},"featured_media":128882,"comment_status":"open","ping_status":"closed","template":"","meta":{"_acf_changed":false},"product_brand":[],"product_cat":[6191,6319,6412,6428,75,6352],"product_tag":[6214,6433,6328,229,6215],"class_list":{"0":"post-128802","1":"product","2":"type-product","3":"status-publish","4":"has-post-thumbnail","6":"product_cat-t-shirts-women","7":"product_cat-custom-gifts-ai-golf","8":"product_cat-photo-to-tees","9":"product_cat-translate-products","10":"product_cat-women","11":"product_cat-womens-sports-t-shirts","12":"product_tag-affordable-custom-t-shirts","13":"product_tag-ai-artwork","14":"product_tag-custom-image-t-shirt-for-women","15":"product_tag-custom-tee-shirts","16":"product_tag-screen-printing-near-me","18":"first","19":"instock","20":"taxable","21":"shipping-taxable","22":"purchasable","23":"product-type-simple"},"acf":[],"wcpa_form_fields":null,"_links":{"self":[{"href":"https:\/\/www.customywear.com\/pl\/wp-json\/wp\/v2\/product\/128802","targetHints":{"allow":["GET"]}}],"collection":[{"href":"https:\/\/www.customywear.com\/pl\/wp-json\/wp\/v2\/product"}],"about":[{"href":"https:\/\/www.customywear.com\/pl\/wp-json\/wp\/v2\/types\/product"}],"replies":[{"embeddable":true,"href":"https:\/\/www.customywear.com\/pl\/wp-json\/wp\/v2\/comments?post=128802"}],"wp:featuredmedia":[{"embeddable":true,"href":"https:\/\/www.customywear.com\/pl\/wp-json\/wp\/v2\/media\/128882"}],"wp:attachment":[{"href":"https:\/\/www.customywear.com\/pl\/wp-json\/wp\/v2\/media?parent=128802"}],"wp:term":[{"taxonomy":"product_brand","embeddable":true,"href":"https:\/\/www.customywear.com\/pl\/wp-json\/wp\/v2\/product_brand?post=128802"},{"taxonomy":"product_cat","embeddable":true,"href":"https:\/\/www.customywear.com\/pl\/wp-json\/wp\/v2\/product_cat?post=128802"},{"taxonomy":"product_tag","embeddable":true,"href":"https:\/\/www.customywear.com\/pl\/wp-json\/wp\/v2\/product_tag?post=128802"}],"curies":[{"name":"wp","href":"https:\/\/api.w.org\/{rel}","templated":true}]}}