{"id":129109,"date":"2025-03-29T13:55:42","date_gmt":"2025-03-29T13:55:42","guid":{"rendered":"https:\/\/www.customywear.com\/?post_type=product&#038;p=129109"},"modified":"2026-05-05T20:23:26","modified_gmt":"2026-05-05T20:23:26","slug":"koszulka-damska-francuski-motyw-spersonalizowana","status":"publish","type":"product","link":"https:\/\/www.customywear.com\/pl\/custom-french-themed-tshirt-women\/","title":{"rendered":"Damska koszulka na zam\u00f3wienie z francuskiej tematyce \u2013 Spersonalizowana koszulka z wizerunkiem bohatera"},"content":{"rendered":"<p>Odkryj urok Francji dzi\u0119ki naszej spersonalizowanej koszulce z motywem francuskim dla kobiet! Zmie\u0144 swoje ulubione zdj\u0119cie w \u017cyw\u0105, spersonalizowan\u0105 posta\u0107 ubran\u0105 w kolory francuskiej flagi, wszystko na tle fantazyjnego francuskiego placu zabaw. Wykonana z mi\u0119kkiej bawe\u0142ny w 100%, ta najwy\u017cszej jako\u015bci koszulka ma wysokiej jako\u015bci nadruk DTG, kt\u00f3ry zapewnia \u017cywe, trwa\u0142e wzory odzwierciedlaj\u0105ce Tw\u00f3j wyj\u0105tkowy styl. Idealny jako przemy\u015blany prezent na urodziny, Bo\u017ce Narodzenie, \u015bluby lub po prostu dla tych, kt\u00f3rzy ceni\u0105 francusk\u0105 kultur\u0119 i marz\u0105 o podr\u00f3\u017cy do Francji.<\/p>","protected":false},"excerpt":{"rendered":"<p>Podnie\u015b mod\u0119 dzi\u0119ki niestandardowej koszulce z motywem francuskim dla kobiet. Spersonalizowane koszulki z postaciami fotograficznymi przekszta\u0142caj\u0105 ka\u017cde zdj\u0119cie w stylow\u0105, jedyn\u0105 w swoim rodzaju koszulk\u0119.<\/p>","protected":false},"featured_media":129196,"comment_status":"open","ping_status":"closed","template":"","meta":{"_acf_changed":false},"product_brand":[],"product_cat":[6191,6320,6412,6428,75,6358,6355],"product_tag":[6214,6433,6328,229,6215],"class_list":{"0":"post-129109","1":"product","2":"type-product","3":"status-publish","4":"has-post-thumbnail","6":"product_cat-t-shirts-women","7":"product_cat-custom-gifts-french-culture","8":"product_cat-photo-to-tees","9":"product_cat-translate-products","10":"product_cat-women","11":"product_cat-womens-anniversary-t-shirts","12":"product_cat-womens-culture-country-t-shirts","13":"product_tag-affordable-custom-t-shirts","14":"product_tag-ai-artwork","15":"product_tag-custom-image-t-shirt-for-women","16":"product_tag-custom-tee-shirts","17":"product_tag-screen-printing-near-me","19":"first","20":"instock","21":"taxable","22":"shipping-taxable","23":"purchasable","24":"product-type-simple"},"acf":[],"wcpa_form_fields":null,"_links":{"self":[{"href":"https:\/\/www.customywear.com\/pl\/wp-json\/wp\/v2\/product\/129109","targetHints":{"allow":["GET"]}}],"collection":[{"href":"https:\/\/www.customywear.com\/pl\/wp-json\/wp\/v2\/product"}],"about":[{"href":"https:\/\/www.customywear.com\/pl\/wp-json\/wp\/v2\/types\/product"}],"replies":[{"embeddable":true,"href":"https:\/\/www.customywear.com\/pl\/wp-json\/wp\/v2\/comments?post=129109"}],"wp:featuredmedia":[{"embeddable":true,"href":"https:\/\/www.customywear.com\/pl\/wp-json\/wp\/v2\/media\/129196"}],"wp:attachment":[{"href":"https:\/\/www.customywear.com\/pl\/wp-json\/wp\/v2\/media?parent=129109"}],"wp:term":[{"taxonomy":"product_brand","embeddable":true,"href":"https:\/\/www.customywear.com\/pl\/wp-json\/wp\/v2\/product_brand?post=129109"},{"taxonomy":"product_cat","embeddable":true,"href":"https:\/\/www.customywear.com\/pl\/wp-json\/wp\/v2\/product_cat?post=129109"},{"taxonomy":"product_tag","embeddable":true,"href":"https:\/\/www.customywear.com\/pl\/wp-json\/wp\/v2\/product_tag?post=129109"}],"curies":[{"name":"wp","href":"https:\/\/api.w.org\/{rel}","templated":true}]}}