{"id":129443,"date":"2025-04-10T09:32:18","date_gmt":"2025-04-10T09:32:18","guid":{"rendered":"https:\/\/www.customywear.com\/?post_type=product&#038;p=129443"},"modified":"2026-05-05T20:23:26","modified_gmt":"2026-05-05T20:23:26","slug":"niestandardowa-damska-koszulka-kierowcy-samochodu-wyscigowego","status":"publish","type":"product","link":"https:\/\/www.customywear.com\/pl\/custom-womens-racing-car-driver-tshirt\/","title":{"rendered":"Wykonane na zam\u00f3wienie t-shirt dla kierowcy samochodu wy\u015bcigowego - Spersonalizowany prezent ze zdj\u0119ciem dla Kobiet\u2013fan\u00f3w Wy\u015bcig\u00f3w, \u0410\u0432\u0442\u043e\u043b\u044e\u0431\u0438\u0442\u0435\u043b\u044c\u043d\u0438\u0446, Mi\u0142o\u015bnik\u00f3w pr\u0119dko\u015bci"},"content":{"rendered":"<p>Uwolnij swojego wewn\u0119trznego kierowc\u0119 wy\u015bcigowego dzi\u0119ki tej spersonalizowanej koszulce Pro Racing Car Driver dla kobiet, zaprojektowanej tak, aby pokaza\u0107 Twoj\u0105 pasj\u0119 do pr\u0119dko\u015bci i stylu. Ta spersonalizowana koszulka z Twoim w\u0142asnym zdj\u0119ciem przekszta\u0142conym w osza\u0142amiaj\u0105c\u0105 sztuk\u0119 cyfrow\u0105 sprawia, \u017ce \u200b\u200bstajesz si\u0119 gwiazd\u0105 toru. Wykonana w 100% z najwy\u017cszej jako\u015bci bawe\u0142ny, jest mi\u0119kka, trwa\u0142a i idealna do codziennego noszenia lub na specjalne wydarzenia o tematyce samochodowej. Niezale\u017cnie od tego, czy podarujesz j\u0105 entuzja\u015bcie wy\u015bcig\u00f3w, czy sprawisz przyjemno\u015b\u0107 sobie, ta wyj\u0105tkowa koszulka to odwa\u017cny spos\u00f3b na \u015bwi\u0119towanie mi\u0142o\u015bci do sport\u00f3w motorowych.<\/p>","protected":false},"excerpt":{"rendered":"<p>\u015awi\u0119tuj damskie speedstery za pomoc\u0105 niestandardowej damskiej koszulki kierowcy wy\u015bcigowego samochodu wy\u015bcigowego. Spersonalizowane prezenty fotograficzne zamieniaj\u0105 ka\u017cde zdj\u0119cie w zabawn\u0105, wyj\u0105tkow\u0105 koszulk\u0119 dla mi\u0142o\u015bnik\u00f3w samochod\u00f3w.<\/p>","protected":false},"featured_media":129526,"comment_status":"open","ping_status":"closed","template":"","meta":{"_acf_changed":false},"product_brand":[],"product_cat":[6191,6323,6412,6428,75,6352],"product_tag":[6214,6433,6328,229,6215],"class_list":{"0":"post-129443","1":"product","2":"type-product","3":"status-publish","4":"has-post-thumbnail","6":"product_cat-t-shirts-women","7":"product_cat-custom-gifts-formula-1-racing-car","8":"product_cat-photo-to-tees","9":"product_cat-translate-products","10":"product_cat-women","11":"product_cat-womens-sports-t-shirts","12":"product_tag-affordable-custom-t-shirts","13":"product_tag-ai-artwork","14":"product_tag-custom-image-t-shirt-for-women","15":"product_tag-custom-tee-shirts","16":"product_tag-screen-printing-near-me","18":"first","19":"instock","20":"taxable","21":"shipping-taxable","22":"purchasable","23":"product-type-simple"},"acf":[],"wcpa_form_fields":null,"_links":{"self":[{"href":"https:\/\/www.customywear.com\/pl\/wp-json\/wp\/v2\/product\/129443","targetHints":{"allow":["GET"]}}],"collection":[{"href":"https:\/\/www.customywear.com\/pl\/wp-json\/wp\/v2\/product"}],"about":[{"href":"https:\/\/www.customywear.com\/pl\/wp-json\/wp\/v2\/types\/product"}],"replies":[{"embeddable":true,"href":"https:\/\/www.customywear.com\/pl\/wp-json\/wp\/v2\/comments?post=129443"}],"wp:featuredmedia":[{"embeddable":true,"href":"https:\/\/www.customywear.com\/pl\/wp-json\/wp\/v2\/media\/129526"}],"wp:attachment":[{"href":"https:\/\/www.customywear.com\/pl\/wp-json\/wp\/v2\/media?parent=129443"}],"wp:term":[{"taxonomy":"product_brand","embeddable":true,"href":"https:\/\/www.customywear.com\/pl\/wp-json\/wp\/v2\/product_brand?post=129443"},{"taxonomy":"product_cat","embeddable":true,"href":"https:\/\/www.customywear.com\/pl\/wp-json\/wp\/v2\/product_cat?post=129443"},{"taxonomy":"product_tag","embeddable":true,"href":"https:\/\/www.customywear.com\/pl\/wp-json\/wp\/v2\/product_tag?post=129443"}],"curies":[{"name":"wp","href":"https:\/\/api.w.org\/{rel}","templated":true}]}}