{"id":129472,"date":"2025-04-10T09:32:18","date_gmt":"2025-04-10T09:32:18","guid":{"rendered":"https:\/\/www.customywear.com\/?post_type=product&#038;p=129472"},"modified":"2026-05-05T20:24:06","modified_gmt":"2026-05-05T20:24:06","slug":"niestandardowa-koszulka-kierowcy-grand-prix-meska","status":"publish","type":"product","link":"https:\/\/www.customywear.com\/pl\/custom-grand-prix-driver-tshirt-men\/","title":{"rendered":"Koszulka m\u0119ska z zawodnikiem Grand prix na zam\u00f3wienie Indywidualne wy\u015bcigi prezent"},"content":{"rendered":"<p>Uwolnij swojego wewn\u0119trznego kierowc\u0119 wy\u015bcigowego dzi\u0119ki naszej koszulce Custom Men&#039;s Grand Prix Driver T-Shirt, na kt\u00f3rej Twoje zdj\u0119cie zamieni si\u0119 w epick\u0105 sztuk\u0119 wy\u015bcigow\u0105! Idealna dla mi\u0142o\u015bnik\u00f3w sport\u00f3w motorowych, weekendowych kierowc\u00f3w wy\u015bcigowych lub fan\u00f3w Formu\u0142y 1, ta spersonalizowana koszulka przedstawia Tw\u00f3j wizerunek jako profesjonalnego kierowcy z ekscytuj\u0105cym t\u0142em samochodu wy\u015bcigowego z odkrytym ko\u0142em. Wykonana w 100% z mi\u0119kkiej bawe\u0142ny, ta koszulka oferuje niezr\u00f3wnany komfort i jako\u015b\u0107. \u017bywy, trwa\u0142y nadruk DTG zapewnia, \u017ce \u200b\u200bka\u017cdy szczeg\u00f3\u0142 si\u0119 wyr\u00f3\u017cnia. To wyj\u0105tkowy i niezapomniany prezent na urodziny, \u015bluby, rocznice lub ka\u017cd\u0105 inn\u0105 uroczysto\u015b\u0107, kt\u00f3ra wymaga szybko\u015bci i stylu. Niezale\u017cnie od tego, czy wr\u0119czasz j\u0105 jako prezent, czy nosisz j\u0105 sam, ta koszulka stanowi \u015bmia\u0142e o\u015bwiadczenie na torze i poza nim.<\/p>","protected":false},"excerpt":{"rendered":"<p>Podbij tor za pomoc\u0105 niestandardowej koszulki kierowcy Grand Prix dla m\u0119\u017cczyzn. Spersonalizowane prezenty wy\u015bcigowe zamieniaj\u0105 ka\u017cde zdj\u0119cie w odwa\u017cn\u0105, jedyn\u0105 w swoim rodzaju koszulk\u0119.<\/p>","protected":false},"featured_media":129505,"comment_status":"open","ping_status":"closed","template":"","meta":{"_acf_changed":false},"product_brand":[],"product_cat":[6195,6323,186,6341,6412,6428],"product_tag":[6433,6327,6216],"class_list":{"0":"post-129472","1":"product","2":"type-product","3":"status-publish","4":"has-post-thumbnail","6":"product_cat-t-shirts-men","7":"product_cat-custom-gifts-formula-1-racing-car","8":"product_cat-men","9":"product_cat-mens-profession-t-shirts","10":"product_cat-photo-to-tees","11":"product_cat-translate-products","12":"product_tag-ai-artwork","13":"product_tag-custom-photo-t-shirt-for-men","14":"product_tag-mens-custom-t-shirts","16":"first","17":"instock","18":"taxable","19":"shipping-taxable","20":"purchasable","21":"product-type-simple"},"acf":[],"wcpa_form_fields":null,"_links":{"self":[{"href":"https:\/\/www.customywear.com\/pl\/wp-json\/wp\/v2\/product\/129472","targetHints":{"allow":["GET"]}}],"collection":[{"href":"https:\/\/www.customywear.com\/pl\/wp-json\/wp\/v2\/product"}],"about":[{"href":"https:\/\/www.customywear.com\/pl\/wp-json\/wp\/v2\/types\/product"}],"replies":[{"embeddable":true,"href":"https:\/\/www.customywear.com\/pl\/wp-json\/wp\/v2\/comments?post=129472"}],"wp:featuredmedia":[{"embeddable":true,"href":"https:\/\/www.customywear.com\/pl\/wp-json\/wp\/v2\/media\/129505"}],"wp:attachment":[{"href":"https:\/\/www.customywear.com\/pl\/wp-json\/wp\/v2\/media?parent=129472"}],"wp:term":[{"taxonomy":"product_brand","embeddable":true,"href":"https:\/\/www.customywear.com\/pl\/wp-json\/wp\/v2\/product_brand?post=129472"},{"taxonomy":"product_cat","embeddable":true,"href":"https:\/\/www.customywear.com\/pl\/wp-json\/wp\/v2\/product_cat?post=129472"},{"taxonomy":"product_tag","embeddable":true,"href":"https:\/\/www.customywear.com\/pl\/wp-json\/wp\/v2\/product_tag?post=129472"}],"curies":[{"name":"wp","href":"https:\/\/api.w.org\/{rel}","templated":true}]}}