{"id":129677,"date":"2025-04-11T12:47:15","date_gmt":"2025-04-11T12:47:15","guid":{"rendered":"https:\/\/www.customywear.com\/?post_type=product&#038;p=129677"},"modified":"2026-05-05T20:23:26","modified_gmt":"2026-05-05T20:23:26","slug":"koszulka-kobieta-postac-wojsko-na-zamowienie","status":"publish","type":"product","link":"https:\/\/www.customywear.com\/pl\/personalized-army-character-tshirt-women\/","title":{"rendered":"Spersonalizowana koszulka z armi\u0105 postaci\u0105 dla kobiet \u2013 Indywidualne wojskowy prezent z \u0424\u043e\u0442\u043e\u0438\u043b\u043b\u044e\u0441\u0442\u0440\u0430\u0446\u0438\u0435\u0439, Wyj\u0105tkowa koszulka z wzorem \u0431\u0430\u0442\u0430\u043b\u044c\u043d\u043e\u0439 sceny"},"content":{"rendered":"<p>Poka\u017c swoj\u0105 dum\u0119 z wojska w stylowy spos\u00f3b dzi\u0119ki naszej spersonalizowanej koszulce z postaci\u0105 armii dla kobiet, idealnemu prezentowi dla kobiet \u017co\u0142nierzy, weteranek i entuzjastek wojska. Prze\u015blij swoje ulubione zdj\u0119cie, a my przekszta\u0142cimy je w dynamiczn\u0105 posta\u0107 armii w pe\u0142nym rynsztunku, na tle uderzaj\u0105cego t\u0142a pola bitwy. Wykonana z ultrami\u0119kkiej bawe\u0142ny w 100% i zadrukowana przy u\u017cyciu najwy\u017cszej jako\u015bci technologii DTG, ta koszulka zapewnia wygod\u0119, trwa\u0142o\u015b\u0107 i \u017cywe detale. Niezale\u017cnie od tego, czy jest to urodziny, uko\u0144czenie szko\u0142y, czy po prostu, aby uczci\u0107 Twoj\u0105 mi\u0142o\u015b\u0107 do wojska, ta spersonalizowana koszulka jest pot\u0119\u017cnym i osobistym sposobem na wyra\u017cenie jej.<\/p>","protected":false},"excerpt":{"rendered":"<p>\u015awi\u0119tuj kobiety w s\u0142u\u017cbie dzi\u0119ki spersonalizowanej koszulce z postaci\u0105 wojskow\u0105 dla kobiet. Niestandardowe wojskowe koszulki z prezentami zamieniaj\u0105 ka\u017cde zdj\u0119cie w odwa\u017cn\u0105, wyj\u0105tkow\u0105 koszulk\u0119.<\/p>","protected":false},"featured_media":129760,"comment_status":"open","ping_status":"closed","template":"","meta":{"_acf_changed":false},"product_brand":[],"product_cat":[6191,6324,6412,6428,75,6354],"product_tag":[6214,6433,6328,229,6215],"class_list":{"0":"post-129677","1":"product","2":"type-product","3":"status-publish","4":"has-post-thumbnail","6":"product_cat-t-shirts-women","7":"product_cat-custom-gifts-ai-army","8":"product_cat-photo-to-tees","9":"product_cat-translate-products","10":"product_cat-women","11":"product_cat-womens-profession-t-shirts","12":"product_tag-affordable-custom-t-shirts","13":"product_tag-ai-artwork","14":"product_tag-custom-image-t-shirt-for-women","15":"product_tag-custom-tee-shirts","16":"product_tag-screen-printing-near-me","18":"first","19":"instock","20":"taxable","21":"shipping-taxable","22":"purchasable","23":"product-type-simple"},"acf":[],"wcpa_form_fields":null,"_links":{"self":[{"href":"https:\/\/www.customywear.com\/pl\/wp-json\/wp\/v2\/product\/129677","targetHints":{"allow":["GET"]}}],"collection":[{"href":"https:\/\/www.customywear.com\/pl\/wp-json\/wp\/v2\/product"}],"about":[{"href":"https:\/\/www.customywear.com\/pl\/wp-json\/wp\/v2\/types\/product"}],"replies":[{"embeddable":true,"href":"https:\/\/www.customywear.com\/pl\/wp-json\/wp\/v2\/comments?post=129677"}],"wp:featuredmedia":[{"embeddable":true,"href":"https:\/\/www.customywear.com\/pl\/wp-json\/wp\/v2\/media\/129760"}],"wp:attachment":[{"href":"https:\/\/www.customywear.com\/pl\/wp-json\/wp\/v2\/media?parent=129677"}],"wp:term":[{"taxonomy":"product_brand","embeddable":true,"href":"https:\/\/www.customywear.com\/pl\/wp-json\/wp\/v2\/product_brand?post=129677"},{"taxonomy":"product_cat","embeddable":true,"href":"https:\/\/www.customywear.com\/pl\/wp-json\/wp\/v2\/product_cat?post=129677"},{"taxonomy":"product_tag","embeddable":true,"href":"https:\/\/www.customywear.com\/pl\/wp-json\/wp\/v2\/product_tag?post=129677"}],"curies":[{"name":"wp","href":"https:\/\/api.w.org\/{rel}","templated":true}]}}