{"id":129706,"date":"2025-04-11T12:47:15","date_gmt":"2025-04-11T12:47:15","guid":{"rendered":"https:\/\/www.customywear.com\/?post_type=product&#038;p=129706"},"modified":"2026-05-05T20:24:06","modified_gmt":"2026-05-05T20:24:06","slug":"personalizowana-koszulka-wojskowa-zdjecie-mezczyzna","status":"publish","type":"product","link":"https:\/\/www.customywear.com\/pl\/custom-military-photo-t-shirt-men\/","title":{"rendered":"Koszulka m\u0119ska z wojskowej zdj\u0119ciem na zam\u00f3wienie \u2013 Spersonalizowany prezent dla \u017co\u0142nierzy i weteran\u00f3w, Wyj\u0105tkowa koszulka z wizerunkiem armii"},"content":{"rendered":"<p>\u015awi\u0119tuj wojskow\u0105 duma z pomoc\u0105 naszej wykonane na zam\u00f3wienie m\u0119\u017cczyzna spersonalizowane koszulki z wojskiem zdj\u0119\u0107 - idealne na prezent dla \u017co\u0142nierzy, weteran\u00f3w i mi\u0142o\u015bnik\u00f3w wojskowo\u015bci. Wystarczy przes\u0142a\u0107 zdj\u0119cie, i zmienimy j\u0105 w \u015bwietn\u0105 ilustracj\u0119 armii bohatera na tle realistyczne sceny walki. Wykonana z mi\u0119kkiej 100% bawe\u0142ny i twarz\u0105 przy u\u017cyciu wysokiej jako\u015bci technologii DTG, ta koszula zapewnia niezr\u00f3wnany komfort, oddychalno\u015b\u0107 i \u017cywe, trwa\u0142e cz\u0119\u015bci. Czy to na urodziny, rocznice, studni\u00f3wki lub tak po prostu - b\u0119d\u0105 nosi\u0107 go z dum\u0105 i rado\u015bci\u0105.<\/p>","protected":false},"excerpt":{"rendered":"<p>Uhonoruj weteran\u00f3w niestandardow\u0105 militarn\u0105 koszulk\u0105 fotograficzn\u0105 dla m\u0119\u017cczyzn. Spersonalizowane koszulki z motywem armii przekszta\u0142caj\u0105 ka\u017cde zdj\u0119cie w odwa\u017cn\u0105, jedyn\u0105 w swoim rodzaju koszulk\u0119.<\/p>","protected":false},"featured_media":129739,"comment_status":"open","ping_status":"closed","template":"","meta":{"_acf_changed":false},"product_brand":[],"product_cat":[6195,6324,186,6341,6412,6428],"product_tag":[6433,6327,6216],"class_list":{"0":"post-129706","1":"product","2":"type-product","3":"status-publish","4":"has-post-thumbnail","6":"product_cat-t-shirts-men","7":"product_cat-custom-gifts-ai-army","8":"product_cat-men","9":"product_cat-mens-profession-t-shirts","10":"product_cat-photo-to-tees","11":"product_cat-translate-products","12":"product_tag-ai-artwork","13":"product_tag-custom-photo-t-shirt-for-men","14":"product_tag-mens-custom-t-shirts","16":"first","17":"instock","18":"taxable","19":"shipping-taxable","20":"purchasable","21":"product-type-simple"},"acf":[],"wcpa_form_fields":null,"_links":{"self":[{"href":"https:\/\/www.customywear.com\/pl\/wp-json\/wp\/v2\/product\/129706","targetHints":{"allow":["GET"]}}],"collection":[{"href":"https:\/\/www.customywear.com\/pl\/wp-json\/wp\/v2\/product"}],"about":[{"href":"https:\/\/www.customywear.com\/pl\/wp-json\/wp\/v2\/types\/product"}],"replies":[{"embeddable":true,"href":"https:\/\/www.customywear.com\/pl\/wp-json\/wp\/v2\/comments?post=129706"}],"wp:featuredmedia":[{"embeddable":true,"href":"https:\/\/www.customywear.com\/pl\/wp-json\/wp\/v2\/media\/129739"}],"wp:attachment":[{"href":"https:\/\/www.customywear.com\/pl\/wp-json\/wp\/v2\/media?parent=129706"}],"wp:term":[{"taxonomy":"product_brand","embeddable":true,"href":"https:\/\/www.customywear.com\/pl\/wp-json\/wp\/v2\/product_brand?post=129706"},{"taxonomy":"product_cat","embeddable":true,"href":"https:\/\/www.customywear.com\/pl\/wp-json\/wp\/v2\/product_cat?post=129706"},{"taxonomy":"product_tag","embeddable":true,"href":"https:\/\/www.customywear.com\/pl\/wp-json\/wp\/v2\/product_tag?post=129706"}],"curies":[{"name":"wp","href":"https:\/\/api.w.org\/{rel}","templated":true}]}}