{"id":130179,"date":"2025-04-25T11:07:09","date_gmt":"2025-04-25T11:07:09","guid":{"rendered":"https:\/\/www.customywear.com\/?post_type=product&#038;p=130179"},"modified":"2026-05-07T15:29:31","modified_gmt":"2026-05-07T15:29:31","slug":"spersonalizowana-koszulka-dla-dziewczat-z-nadrukiem-kucharza","status":"publish","type":"product","link":"https:\/\/www.customywear.com\/pl\/personalized-girls-chef-cooking-shirt\/","title":{"rendered":"Spersonalizowana koszulka Szefa kuchni dla dziewczyn \u2013 Wykonane na zam\u00f3wienie kucharska koszulka dla m\u0142odych piekarzy, Przysz\u0142ych szef\u00f3w kuchni, Gwiazdek grilla i kulinarnych entuzjast\u00f3w"},"content":{"rendered":"<p>Spe\u0142nij jej marzenia o kuchni z pomoc\u0105 naszej spersonalizowane koszulki dla dziewczyn &#034;kucharz&#034;, kt\u00f3ry zamieni zdj\u0119cie swojego dziecka w kolorowy portret szefa kuchni na zam\u00f3wienie! Wykonana z \u0443\u043b\u044c\u0442\u0440\u0430\u043c\u044f\u0433\u043a\u043e\u0433\u043e 100% bawe\u0142ny, ta koszula premium zapewnia d\u0142ugotrwa\u0142y komfort i styl przysz\u0142ych szef\u00f3w kuchni, dla pocz\u0105tkuj\u0105cych piekarzy, mistrz\u00f3w na grilla i kandydat\u00f3w w kulinarne szko\u0142y. Dzi\u0119ki zaawansowanej technologii druku DTG ka\u017cdy oryginalny design odzwierciedla jej pasja do gotowania i pozostaj\u0105 \u017cywe nawet po wielu praniach. Idealny prezent na urodziny, wakacje lub szczeg\u00f3lny przypadek, kt\u00f3ry zainspiruje m\u0142odych dziewcz\u0105t z dum\u0105 realizowa\u0107 swoje kulinarne ambicje!<\/p>","protected":false},"excerpt":{"rendered":"<p>Celebrate culinary passion with a Personalized Girls&#8217; Chef T-Shirt. Custom Cooking Shirts turn any photo into a one-of-a-kind t-shirt for young bakers.<\/p>","protected":false},"featured_media":130346,"comment_status":"open","ping_status":"closed","template":"","meta":{"_acf_changed":false},"product_brand":[],"product_cat":[6193,6325,152,6412,6428,58],"product_tag":[6433,6439,6331,6221],"class_list":{"0":"post-130179","1":"product","2":"type-product","3":"status-publish","4":"has-post-thumbnail","6":"product_cat-girls-t-shirts","7":"product_cat-custom-gifts-chef-artworks","8":"product_cat-girls","9":"product_cat-photo-to-tees","10":"product_cat-translate-products","11":"product_cat-youth-kids","12":"product_tag-ai-artwork","13":"product_tag-ai-kids-artwork","14":"product_tag-custom-picture-t-shirt-for-girls","15":"product_tag-custom-t-shirts-near-me","17":"first","18":"instock","19":"taxable","20":"shipping-taxable","21":"purchasable","22":"product-type-simple"},"acf":[],"wcpa_form_fields":null,"_links":{"self":[{"href":"https:\/\/www.customywear.com\/pl\/wp-json\/wp\/v2\/product\/130179","targetHints":{"allow":["GET"]}}],"collection":[{"href":"https:\/\/www.customywear.com\/pl\/wp-json\/wp\/v2\/product"}],"about":[{"href":"https:\/\/www.customywear.com\/pl\/wp-json\/wp\/v2\/types\/product"}],"replies":[{"embeddable":true,"href":"https:\/\/www.customywear.com\/pl\/wp-json\/wp\/v2\/comments?post=130179"}],"wp:featuredmedia":[{"embeddable":true,"href":"https:\/\/www.customywear.com\/pl\/wp-json\/wp\/v2\/media\/130346"}],"wp:attachment":[{"href":"https:\/\/www.customywear.com\/pl\/wp-json\/wp\/v2\/media?parent=130179"}],"wp:term":[{"taxonomy":"product_brand","embeddable":true,"href":"https:\/\/www.customywear.com\/pl\/wp-json\/wp\/v2\/product_brand?post=130179"},{"taxonomy":"product_cat","embeddable":true,"href":"https:\/\/www.customywear.com\/pl\/wp-json\/wp\/v2\/product_cat?post=130179"},{"taxonomy":"product_tag","embeddable":true,"href":"https:\/\/www.customywear.com\/pl\/wp-json\/wp\/v2\/product_tag?post=130179"}],"curies":[{"name":"wp","href":"https:\/\/api.w.org\/{rel}","templated":true}]}}