{"id":130196,"date":"2025-04-25T11:07:10","date_gmt":"2025-04-25T11:07:10","guid":{"rendered":"https:\/\/www.customywear.com\/?post_type=product&#038;p=130196"},"modified":"2026-05-07T15:29:31","modified_gmt":"2026-05-07T15:29:31","slug":"koszulka-chlopiec-szef-spersonalizowana","status":"publish","type":"product","link":"https:\/\/www.customywear.com\/pl\/custom-chef-tshirt-for-boys\/","title":{"rendered":"Koszulka szefa kuchni na zam\u00f3wienie dla ch\u0142opc\u00f3w - Spersonalizowany prezent dla m\u0142odych kucharzy, przysz\u0142ych mistrz\u00f3w grillowania, cukiernik\u00f3w i student\u00f3w wydzia\u0142u kulinarnego"},"content":{"rendered":"<p class=\"\" data-start=\"368\" data-end=\"963\">\u0412\u0434\u043e\u0445\u043d\u043e\u0432\u0438\u0442\u0435 kulinarne marzenia twojego dziecka za pomoc\u0105 naszej indywidualnej koszulki Cooking Chef dla ch\u0142opc\u00f3w, uosobiona ze wzgl\u0119du na przemiany ich zdj\u0119cia w \u017cywe dzie\u0142o sztuki szefa kuchni! Wykonana z 100% mi\u0119kkiej bawe\u0142ny, ta solidna i wygodna koszulka jest idealny dla m\u0142odych kucharzy, dla pocz\u0105tkuj\u0105cych mistrz\u00f3w grillowania, \u043a\u043e\u043d\u0434\u0438\u0442\u0435\u0440\u0430\u043c lub studentom-kucharzy. Dzi\u0119ki wysokiej jako\u015bci druku DTG oryginalny design pozostaje jasny po praniu. Idealnie nadaje si\u0119 na urodziny, \u015bwi\u0119ta, promocji lub innej uroczysto\u015bci, ten t-shirt na zam\u00f3wienie b\u0119dzie przemy\u015blany, motywowanie prezent, kt\u00f3ry pozwoli dzieciom nosi\u0107 swoj\u0105 pasj\u0119 z dum\u0105!<\/p>","protected":false},"excerpt":{"rendered":"<p>Gotuj zabaw\u0119 z niestandardow\u0105 koszulk\u0105 do gotowania szefa kuchni dla ch\u0142opc\u00f3w. Spersonalizowane prezenty zamieniaj\u0105 ka\u017cde zdj\u0119cie w zabawn\u0105, wyj\u0105tkow\u0105 koszulk\u0119 dla m\u0142odych szef\u00f3w kuchni.<\/p>","protected":false},"featured_media":130325,"comment_status":"open","ping_status":"closed","template":"","meta":{"_acf_changed":false},"product_brand":[],"product_cat":[6189,6325,6412,6428],"product_tag":[6433,6439,6221,6330],"class_list":{"0":"post-130196","1":"product","2":"type-product","3":"status-publish","4":"has-post-thumbnail","6":"product_cat-boys-t-shirts","7":"product_cat-custom-gifts-chef-artworks","8":"product_cat-photo-to-tees","9":"product_cat-translate-products","10":"product_tag-ai-artwork","11":"product_tag-ai-kids-artwork","12":"product_tag-custom-t-shirts-near-me","13":"product_tag-photo-print-t-shirt-for-boys","15":"first","16":"instock","17":"taxable","18":"shipping-taxable","19":"purchasable","20":"product-type-simple"},"acf":[],"wcpa_form_fields":null,"_links":{"self":[{"href":"https:\/\/www.customywear.com\/pl\/wp-json\/wp\/v2\/product\/130196","targetHints":{"allow":["GET"]}}],"collection":[{"href":"https:\/\/www.customywear.com\/pl\/wp-json\/wp\/v2\/product"}],"about":[{"href":"https:\/\/www.customywear.com\/pl\/wp-json\/wp\/v2\/types\/product"}],"replies":[{"embeddable":true,"href":"https:\/\/www.customywear.com\/pl\/wp-json\/wp\/v2\/comments?post=130196"}],"wp:featuredmedia":[{"embeddable":true,"href":"https:\/\/www.customywear.com\/pl\/wp-json\/wp\/v2\/media\/130325"}],"wp:attachment":[{"href":"https:\/\/www.customywear.com\/pl\/wp-json\/wp\/v2\/media?parent=130196"}],"wp:term":[{"taxonomy":"product_brand","embeddable":true,"href":"https:\/\/www.customywear.com\/pl\/wp-json\/wp\/v2\/product_brand?post=130196"},{"taxonomy":"product_cat","embeddable":true,"href":"https:\/\/www.customywear.com\/pl\/wp-json\/wp\/v2\/product_cat?post=130196"},{"taxonomy":"product_tag","embeddable":true,"href":"https:\/\/www.customywear.com\/pl\/wp-json\/wp\/v2\/product_tag?post=130196"}],"curies":[{"name":"wp","href":"https:\/\/api.w.org\/{rel}","templated":true}]}}