{"id":130213,"date":"2025-04-25T11:07:10","date_gmt":"2025-04-25T11:07:10","guid":{"rendered":"https:\/\/www.customywear.com\/?post_type=product&#038;p=130213"},"modified":"2026-05-07T15:29:31","modified_gmt":"2026-05-07T15:29:31","slug":"koszulka-maly-chlopiec-szef-kuchni","status":"publish","type":"product","link":"https:\/\/www.customywear.com\/pl\/toddler-boy-custom-chef-tshirt\/","title":{"rendered":"Koszulka szefa kuchni na zam\u00f3wienie dla ma\u0142ych ch\u0142opc\u00f3w \u2013 Spersonalizowany prezent ze zdj\u0119ciem dla ma\u0142ych przysz\u0142ych szef\u00f3w kuchni, mistrz\u00f3w grillowania, cukiernik\u00f3w i wielu innych"},"content":{"rendered":"<p>Rozpal wyobra\u017ani\u0119 twojego dziecka za pomoc\u0105 naszej marki t-shirty szefa kuchni, aby przekszta\u0142ci\u0107 swojego malucha w kulinarn\u0105 gwiazd\u0119! Pobierz urocze zdj\u0119cie swojego dziecka i obserwuj, jak zmienia si\u0119 w dzie\u0142o szefa kuchni wraz z \u043f\u043e\u0432\u0430\u0440\u0441\u043a\u0438\u043c kloszem i smaczne dania w r\u0119kach. Idealnie nadaje si\u0119 na urodziny, uroczysto\u015bci i szczeg\u00f3lnych przypadk\u00f3w, ta wyj\u0105tkowa i zabawna koszulka inspiruje kreatywno\u015b\u0107 i zabawne przygody. Wykonana z \u0443\u043b\u044c\u0442\u0440\u0430\u043c\u044f\u0433\u043a\u043e\u0433\u043e 100% bawe\u0142ny premium z jasnym solidn\u0105 technologi\u0105 DTG, daje komfort i niezapomniane wspomnienia. Obowi\u0105zkowy indywidualny prezent dla ka\u017cdego ma\u0142ego pocz\u0105tkuj\u0105cego kucharza!<\/p>","protected":false},"excerpt":{"rendered":"<p>Zainspiruj przysz\u0142ych szef\u00f3w kuchni niestandardow\u0105 koszulk\u0105 szefa kuchni dla ma\u0142ych ch\u0142opc\u00f3w. Spersonalizowane prezenty fotograficzne przekszta\u0142caj\u0105 ka\u017cde zdj\u0119cie w zabawn\u0105, jedyn\u0105 w swoim rodzaju koszulk\u0119.<\/p>","protected":false},"featured_media":130368,"comment_status":"open","ping_status":"closed","template":"","meta":{"_acf_changed":false},"product_brand":[],"product_cat":[6209,6325,6412,6428],"product_tag":[6433,6439,6221],"class_list":{"0":"post-130213","1":"product","2":"type-product","3":"status-publish","4":"has-post-thumbnail","6":"product_cat-toddler-boy-t-shirts","7":"product_cat-custom-gifts-chef-artworks","8":"product_cat-photo-to-tees","9":"product_cat-translate-products","10":"product_tag-ai-artwork","11":"product_tag-ai-kids-artwork","12":"product_tag-custom-t-shirts-near-me","14":"first","15":"instock","16":"taxable","17":"shipping-taxable","18":"purchasable","19":"product-type-simple"},"acf":[],"wcpa_form_fields":null,"_links":{"self":[{"href":"https:\/\/www.customywear.com\/pl\/wp-json\/wp\/v2\/product\/130213","targetHints":{"allow":["GET"]}}],"collection":[{"href":"https:\/\/www.customywear.com\/pl\/wp-json\/wp\/v2\/product"}],"about":[{"href":"https:\/\/www.customywear.com\/pl\/wp-json\/wp\/v2\/types\/product"}],"replies":[{"embeddable":true,"href":"https:\/\/www.customywear.com\/pl\/wp-json\/wp\/v2\/comments?post=130213"}],"wp:featuredmedia":[{"embeddable":true,"href":"https:\/\/www.customywear.com\/pl\/wp-json\/wp\/v2\/media\/130368"}],"wp:attachment":[{"href":"https:\/\/www.customywear.com\/pl\/wp-json\/wp\/v2\/media?parent=130213"}],"wp:term":[{"taxonomy":"product_brand","embeddable":true,"href":"https:\/\/www.customywear.com\/pl\/wp-json\/wp\/v2\/product_brand?post=130213"},{"taxonomy":"product_cat","embeddable":true,"href":"https:\/\/www.customywear.com\/pl\/wp-json\/wp\/v2\/product_cat?post=130213"},{"taxonomy":"product_tag","embeddable":true,"href":"https:\/\/www.customywear.com\/pl\/wp-json\/wp\/v2\/product_tag?post=130213"}],"curies":[{"name":"wp","href":"https:\/\/api.w.org\/{rel}","templated":true}]}}