{"id":130224,"date":"2025-04-25T11:07:10","date_gmt":"2025-04-25T11:07:10","guid":{"rendered":"https:\/\/www.customywear.com\/?post_type=product&#038;p=130224"},"modified":"2026-05-05T20:23:26","modified_gmt":"2026-05-05T20:23:26","slug":"koszulka-prezent-kobieta-kucharz-na-zamowienie","status":"publish","type":"product","link":"https:\/\/www.customywear.com\/pl\/custom-womens-chef-tshirt-gift\/","title":{"rendered":"Damska koszulka szefa kuchni na zam\u00f3wienie \u2013 Spersonalizowany prezent dla kucharzy restauracji, mistrz\u00f3w grilla, student\u00f3w kucharzy i mi\u0142o\u015bnik\u00f3w gotowania"},"content":{"rendered":"<p>\u015awi\u0119tuj kulinarn\u0105 pasj\u0119 z naszej wykonane na zam\u00f3wienie kobiec\u0105 koszulk\u0119 szefa kuchni restauracji, fachowo uosobiona w fotografii i \u043f\u0440\u0435\u0432\u0440\u0430\u0449\u0435\u043d\u043d\u043e\u0439 w dzie\u0142o szefa kuchni. Wykonana z 100% mi\u0119kkiej bawe\u0142ny, zapewnia komfort i trwa\u0142o\u015b\u0107, ta koszulka jest idealny szef kuchni restauracji, \u043a\u043e\u043d\u0434\u0438\u0442\u0435\u0440\u0430\u043c, mistrz\u00f3w grillowania, studentom-kucharzy i smakoszy. Dzi\u0119ki jasnym i trwa\u0142ego druku DTG to idealny prezent na urodziny, wesela, rocznice lub promocje. Poka\u017c swoj\u0105 mi\u0142o\u015b\u0107 do gotowania za pomoc\u0105 stylowego, unikalnego produktu, kt\u00f3ry zamieni twoje kuchenne przygody w \u043d\u043e\u0441\u0438\u043c\u043e\u0435 sztuka!<\/p>","protected":false},"excerpt":{"rendered":"<p>Cook in style with a Custom Women&#8217;s Chef T-Shirt. Personalized Gifts for Culinary Lovers turn any photo into a bold, one-of-a-kind t-shirt.<\/p>","protected":false},"featured_media":130304,"comment_status":"open","ping_status":"closed","template":"","meta":{"_acf_changed":false},"product_brand":[],"product_cat":[6191,6325,6412,6428,75,6354],"product_tag":[6214,6433,6328,229,6215],"class_list":{"0":"post-130224","1":"product","2":"type-product","3":"status-publish","4":"has-post-thumbnail","6":"product_cat-t-shirts-women","7":"product_cat-custom-gifts-chef-artworks","8":"product_cat-photo-to-tees","9":"product_cat-translate-products","10":"product_cat-women","11":"product_cat-womens-profession-t-shirts","12":"product_tag-affordable-custom-t-shirts","13":"product_tag-ai-artwork","14":"product_tag-custom-image-t-shirt-for-women","15":"product_tag-custom-tee-shirts","16":"product_tag-screen-printing-near-me","18":"first","19":"instock","20":"taxable","21":"shipping-taxable","22":"purchasable","23":"product-type-simple"},"acf":[],"wcpa_form_fields":null,"_links":{"self":[{"href":"https:\/\/www.customywear.com\/pl\/wp-json\/wp\/v2\/product\/130224","targetHints":{"allow":["GET"]}}],"collection":[{"href":"https:\/\/www.customywear.com\/pl\/wp-json\/wp\/v2\/product"}],"about":[{"href":"https:\/\/www.customywear.com\/pl\/wp-json\/wp\/v2\/types\/product"}],"replies":[{"embeddable":true,"href":"https:\/\/www.customywear.com\/pl\/wp-json\/wp\/v2\/comments?post=130224"}],"wp:featuredmedia":[{"embeddable":true,"href":"https:\/\/www.customywear.com\/pl\/wp-json\/wp\/v2\/media\/130304"}],"wp:attachment":[{"href":"https:\/\/www.customywear.com\/pl\/wp-json\/wp\/v2\/media?parent=130224"}],"wp:term":[{"taxonomy":"product_brand","embeddable":true,"href":"https:\/\/www.customywear.com\/pl\/wp-json\/wp\/v2\/product_brand?post=130224"},{"taxonomy":"product_cat","embeddable":true,"href":"https:\/\/www.customywear.com\/pl\/wp-json\/wp\/v2\/product_cat?post=130224"},{"taxonomy":"product_tag","embeddable":true,"href":"https:\/\/www.customywear.com\/pl\/wp-json\/wp\/v2\/product_tag?post=130224"}],"curies":[{"name":"wp","href":"https:\/\/api.w.org\/{rel}","templated":true}]}}