{"id":133485,"date":"2025-05-16T12:39:34","date_gmt":"2025-05-16T12:39:34","guid":{"rendered":"https:\/\/www.customywear.com\/?post_type=product&#038;p=133485"},"modified":"2026-05-07T15:29:31","modified_gmt":"2026-05-07T15:29:31","slug":"koszulka-dziewczyny-flaga-dania-na-zamowienie","status":"publish","type":"product","link":"https:\/\/www.customywear.com\/pl\/girls-danish-flag-custom-t-shirt\/","title":{"rendered":"Dziewcz\u0119ca koszulka z du\u0144sk\u0105 flag\u0105 \u2013 spersonalizowany portret fotograficzny w sukience z du\u0144sk\u0105 flag\u0105 | Pami\u0105tkowy prezent kulturowy dla dzieci"},"content":{"rendered":"<p>Zmie\u0144 ulubione zdj\u0119cie swojej ma\u0142ej c\u00f3reczki w czaruj\u0105cy element sztuki do noszenia dzi\u0119ki naszej koszulce z du\u0144sk\u0105 flag\u0105. Koszulka wykonana w 100% z mi\u0119kkiej bawe\u0142ny, ozdobiona zachwycaj\u0105cym t\u0142em inspirowanym Dani\u0105 i Twoj\u0105 c\u00f3rk\u0105 w fantazyjnej postaci w tradycyjnej sukience z du\u0144sk\u0105 flag\u0105, jest zadrukowana odpornymi na blakni\u0119cie tuszami DTG, co zapewnia jej d\u0142ugotrwa\u0142\u0105 \u017cywotno\u015b\u0107. Idealna na urodziny, wesela, rodzinne wycieczki lub ka\u017cd\u0105 okazj\u0119, podczas kt\u00f3rej \u015bwi\u0119tuje si\u0119 du\u0144skie dziedzictwo, jest to spersonalizowana pami\u0105tka, kt\u00f3ra wnosi rado\u015b\u0107 i dum\u0119 kulturow\u0105 do ka\u017cdej garderoby.<\/p>","protected":false},"excerpt":{"rendered":"<p>\u015awi\u0119tuj dziedzictwo z niestandardow\u0105 du\u0144sk\u0105 koszulk\u0105 z flag\u0105 dziewczyny. Spersonalizowane portrety fotograficzne w du\u0144skiej sukience z flag\u0105 Zmie\u0144 ka\u017cde zdj\u0119cie w kulturow\u0105 koszulk\u0119 z pami\u0105tkami dla dzieci.<\/p>","protected":false},"featured_media":133604,"comment_status":"open","ping_status":"closed","template":"","meta":{"_acf_changed":false},"product_brand":[],"product_cat":[6193,6379,152,6412,6428,58],"product_tag":[6433,6439,6331,6221],"class_list":{"0":"post-133485","1":"product","2":"type-product","3":"status-publish","4":"has-post-thumbnail","6":"product_cat-girls-t-shirts","7":"product_cat-custom-gifts-denmark-culture","8":"product_cat-girls","9":"product_cat-photo-to-tees","10":"product_cat-translate-products","11":"product_cat-youth-kids","12":"product_tag-ai-artwork","13":"product_tag-ai-kids-artwork","14":"product_tag-custom-picture-t-shirt-for-girls","15":"product_tag-custom-t-shirts-near-me","17":"first","18":"instock","19":"taxable","20":"shipping-taxable","21":"purchasable","22":"product-type-simple"},"acf":[],"wcpa_form_fields":null,"_links":{"self":[{"href":"https:\/\/www.customywear.com\/pl\/wp-json\/wp\/v2\/product\/133485","targetHints":{"allow":["GET"]}}],"collection":[{"href":"https:\/\/www.customywear.com\/pl\/wp-json\/wp\/v2\/product"}],"about":[{"href":"https:\/\/www.customywear.com\/pl\/wp-json\/wp\/v2\/types\/product"}],"replies":[{"embeddable":true,"href":"https:\/\/www.customywear.com\/pl\/wp-json\/wp\/v2\/comments?post=133485"}],"wp:featuredmedia":[{"embeddable":true,"href":"https:\/\/www.customywear.com\/pl\/wp-json\/wp\/v2\/media\/133604"}],"wp:attachment":[{"href":"https:\/\/www.customywear.com\/pl\/wp-json\/wp\/v2\/media?parent=133485"}],"wp:term":[{"taxonomy":"product_brand","embeddable":true,"href":"https:\/\/www.customywear.com\/pl\/wp-json\/wp\/v2\/product_brand?post=133485"},{"taxonomy":"product_cat","embeddable":true,"href":"https:\/\/www.customywear.com\/pl\/wp-json\/wp\/v2\/product_cat?post=133485"},{"taxonomy":"product_tag","embeddable":true,"href":"https:\/\/www.customywear.com\/pl\/wp-json\/wp\/v2\/product_tag?post=133485"}],"curies":[{"name":"wp","href":"https:\/\/api.w.org\/{rel}","templated":true}]}}