{"id":133515,"date":"2025-05-16T12:39:35","date_gmt":"2025-05-16T12:39:35","guid":{"rendered":"https:\/\/www.customywear.com\/?post_type=product&#038;p=133515"},"modified":"2026-05-05T20:24:06","modified_gmt":"2026-05-05T20:24:06","slug":"spersonalizowana-koszulka-mezczyzna-flaga-danii","status":"publish","type":"product","link":"https:\/\/www.customywear.com\/pl\/custom-mens-danish-flag-tshirt\/","title":{"rendered":"Koszulka m\u0119ska z du\u0144sk\u0105 flag\u0105 dla mi\u0142o\u015bnik\u00f3w Danii \u2013 spersonalizowany projekt ze zdj\u0119ciem upami\u0119tniaj\u0105cy du\u0144skie dziedzictwo i kultur\u0119, idealny prezent"},"content":{"rendered":"Wyka\u017c si\u0119 dum\u0105 dzi\u0119ki tej koszulce z du\u0144sk\u0105 flag\u0105 dla m\u0119\u017cczyzn, spersonalizowanej Twoim ulubionym zdj\u0119ciem na tle \u017cywej, czerwono-bia\u0142ej flagi Danii. Wykonana z mi\u0119kkiej bawe\u0142ny w 100% i zadrukowana za pomoc\u0105 najwy\u017cszej jako\u015bci technologii Direct-To-Garment (DTG), zapewnia niezr\u00f3wnany komfort i trwa\u0142o\u015b\u0107 kolor\u00f3w. Idealna zar\u00f3wno dla mi\u0142o\u015bnik\u00f3w Danii, jak i podr\u00f3\u017cnik\u00f3w, stanowi szczery prezent urodzinowy, \u015blubny lub rocznicowy \u2014 i mo\u017ce s\u0142u\u017cy\u0107 jako temat do rozmowy na ka\u017cdej uroczysto\u015bci zwi\u0105zanej z dziedzictwem kulturowym.\r\n\r\n<!-- \/wp:post-content -->","protected":false},"excerpt":{"rendered":"<p>Poka\u017c du\u0144skiego ducha z niestandardow\u0105 m\u0119sk\u0105 koszulk\u0105 z flag\u0105 z flag\u0105. Spersonalizowane projekty zdj\u0119\u0107 \u015bwi\u0119tuj\u0105 du\u0144skie dziedzictwo i kultur\u0119 w jedynej w swoim rodzaju koszulce.<\/p>","protected":false},"featured_media":133520,"comment_status":"open","ping_status":"closed","template":"","meta":{"_acf_changed":false},"product_brand":[],"product_cat":[6195,6379,186,6345,6412,6428],"product_tag":[6433,6327,6216],"class_list":{"0":"post-133515","1":"product","2":"type-product","3":"status-publish","4":"has-post-thumbnail","6":"product_cat-t-shirts-men","7":"product_cat-custom-gifts-denmark-culture","8":"product_cat-men","9":"product_cat-mens-country-culture-t-shirts","10":"product_cat-photo-to-tees","11":"product_cat-translate-products","12":"product_tag-ai-artwork","13":"product_tag-custom-photo-t-shirt-for-men","14":"product_tag-mens-custom-t-shirts","16":"first","17":"instock","18":"taxable","19":"shipping-taxable","20":"purchasable","21":"product-type-simple"},"acf":[],"wcpa_form_fields":null,"_links":{"self":[{"href":"https:\/\/www.customywear.com\/pl\/wp-json\/wp\/v2\/product\/133515","targetHints":{"allow":["GET"]}}],"collection":[{"href":"https:\/\/www.customywear.com\/pl\/wp-json\/wp\/v2\/product"}],"about":[{"href":"https:\/\/www.customywear.com\/pl\/wp-json\/wp\/v2\/types\/product"}],"replies":[{"embeddable":true,"href":"https:\/\/www.customywear.com\/pl\/wp-json\/wp\/v2\/comments?post=133515"}],"wp:featuredmedia":[{"embeddable":true,"href":"https:\/\/www.customywear.com\/pl\/wp-json\/wp\/v2\/media\/133520"}],"wp:attachment":[{"href":"https:\/\/www.customywear.com\/pl\/wp-json\/wp\/v2\/media?parent=133515"}],"wp:term":[{"taxonomy":"product_brand","embeddable":true,"href":"https:\/\/www.customywear.com\/pl\/wp-json\/wp\/v2\/product_brand?post=133515"},{"taxonomy":"product_cat","embeddable":true,"href":"https:\/\/www.customywear.com\/pl\/wp-json\/wp\/v2\/product_cat?post=133515"},{"taxonomy":"product_tag","embeddable":true,"href":"https:\/\/www.customywear.com\/pl\/wp-json\/wp\/v2\/product_tag?post=133515"}],"curies":[{"name":"wp","href":"https:\/\/api.w.org\/{rel}","templated":true}]}}