{"id":133887,"date":"2025-05-18T08:46:13","date_gmt":"2025-05-18T08:46:13","guid":{"rendered":"https:\/\/www.customywear.com\/?post_type=product&#038;p=133887"},"modified":"2026-05-07T15:29:31","modified_gmt":"2026-05-07T15:29:31","slug":"spersonalizowana-koszulka-chlopieca-z-flaga-wloska","status":"publish","type":"product","link":"https:\/\/www.customywear.com\/pl\/custom-italian-flag-tshirt-boys\/","title":{"rendered":"Koszulka z w\u0142osk\u0105 flag\u0105 dla ch\u0142opc\u00f3w \u2013 spersonalizowana koszulka ze zdj\u0119ciem i wzorem w\u0142oskiej flagi, idealny prezent dla m\u0142odych mi\u0142o\u015bnik\u00f3w w\u0142oskiej kultury"},"content":{"rendered":"<p>Uczcij w\u0142oskie dziedzictwo swojego dziecka dzi\u0119ki naszej koszulce z w\u0142osk\u0105 flag\u0105 dla ch\u0142opc\u00f3w. Wykonana w 100% z najwy\u017cszej jako\u015bci bawe\u0142ny, ta koszulka oferuje wyj\u0105tkowy komfort i trwa\u0142o\u015b\u0107, dzi\u0119ki czemu idealnie nadaje si\u0119 do codziennego noszenia lub na specjalne okazje. Ka\u017cda koszulka ma spersonalizowany wz\u00f3r, w kt\u00f3rym zdj\u0119cie Twojego dziecka jest artystycznie przekszta\u0142cane w obraz przedstawiaj\u0105cy je ozdobione \u017cyw\u0105 w\u0142osk\u0105 flag\u0105 na malowniczym w\u0142oskim tle. Dzi\u0119ki wykorzystaniu wysokiej jako\u015bci nadruku bezpo\u015bredniego na odzie\u017cy (DTG) kolory pozostaj\u0105 \u017cywe po ka\u017cdym praniu. Niezale\u017cnie od tego, czy jest to urodziny, \u015bwi\u0119to kulturowe, czy po prostu pokazanie dumy z w\u0142oskich korzeni, ta koszulka stanowi wyj\u0105tkow\u0105 i znacz\u0105c\u0105 pami\u0105tk\u0119, kt\u00f3ra o\u017cywia cenne wspomnienia.<\/p>","protected":false},"excerpt":{"rendered":"<p>\u015awi\u0119tuj kultur\u0119 za pomoc\u0105 niestandardowej w\u0142oskiej flagi T-shirt dla ch\u0142opc\u00f3w. Spersonalizowane koszulki fotograficzne z w\u0142oskimi flagami tworz\u0105 wyj\u0105tkowe pami\u0105tki dla dzieci.<\/p>","protected":false},"featured_media":133994,"comment_status":"open","ping_status":"closed","template":"","meta":{"_acf_changed":false},"product_brand":[],"product_cat":[6189,6412,6428],"product_tag":[6433,6439,6221,6382,6330],"class_list":{"0":"post-133887","1":"product","2":"type-product","3":"status-publish","4":"has-post-thumbnail","6":"product_cat-boys-t-shirts","7":"product_cat-photo-to-tees","8":"product_cat-translate-products","9":"product_tag-ai-artwork","10":"product_tag-ai-kids-artwork","11":"product_tag-custom-t-shirts-near-me","12":"product_tag-personalized-gifts-italian-culture","13":"product_tag-photo-print-t-shirt-for-boys","15":"first","16":"instock","17":"taxable","18":"shipping-taxable","19":"purchasable","20":"product-type-simple"},"acf":[],"wcpa_form_fields":null,"_links":{"self":[{"href":"https:\/\/www.customywear.com\/pl\/wp-json\/wp\/v2\/product\/133887","targetHints":{"allow":["GET"]}}],"collection":[{"href":"https:\/\/www.customywear.com\/pl\/wp-json\/wp\/v2\/product"}],"about":[{"href":"https:\/\/www.customywear.com\/pl\/wp-json\/wp\/v2\/types\/product"}],"replies":[{"embeddable":true,"href":"https:\/\/www.customywear.com\/pl\/wp-json\/wp\/v2\/comments?post=133887"}],"wp:featuredmedia":[{"embeddable":true,"href":"https:\/\/www.customywear.com\/pl\/wp-json\/wp\/v2\/media\/133994"}],"wp:attachment":[{"href":"https:\/\/www.customywear.com\/pl\/wp-json\/wp\/v2\/media?parent=133887"}],"wp:term":[{"taxonomy":"product_brand","embeddable":true,"href":"https:\/\/www.customywear.com\/pl\/wp-json\/wp\/v2\/product_brand?post=133887"},{"taxonomy":"product_cat","embeddable":true,"href":"https:\/\/www.customywear.com\/pl\/wp-json\/wp\/v2\/product_cat?post=133887"},{"taxonomy":"product_tag","embeddable":true,"href":"https:\/\/www.customywear.com\/pl\/wp-json\/wp\/v2\/product_tag?post=133887"}],"curies":[{"name":"wp","href":"https:\/\/api.w.org\/{rel}","templated":true}]}}