{"id":133892,"date":"2025-05-18T08:46:14","date_gmt":"2025-05-18T08:46:14","guid":{"rendered":"https:\/\/www.customywear.com\/?post_type=product&#038;p=133892"},"modified":"2026-05-07T15:29:31","modified_gmt":"2026-05-07T15:29:31","slug":"koszulka-flaga-wloska-chlopiec-na-zamowienie","status":"publish","type":"product","link":"https:\/\/www.customywear.com\/pl\/personalized-italian-flag-tshirt-toddler-boys\/","title":{"rendered":"Personalizowana koszulka z w\u0142osk\u0105 flag\u0105 dla ma\u0142ych ch\u0142opc\u00f3w \u2013 spersonalizowana koszulka do selfie ze zdj\u0119ciem Twojego dziecka i w\u0142oskim wzorem inspirowanym podr\u00f3\u017cami"},"content":{"rendered":"<p>Uczy\u0144 garderob\u0119 swojego malucha niezapomnian\u0105 dzi\u0119ki naszej spersonalizowanej koszulce z w\u0142osk\u0105 flag\u0105 dla maluch\u00f3w, spersonalizowanej koszulce do selfie, na kt\u00f3rej zdj\u0119cie Twojego dziecka zmienia si\u0119 w urocz\u0105 posta\u0107 o w\u0142oskim motywie ubran\u0105 w str\u00f3j z flag\u0105 narodow\u0105, na tle kultowego w\u0142oskiego t\u0142a. Wykonana z mi\u0119kkiej, oddychaj\u0105cej bawe\u0142ny zapewniaj\u0105cej ca\u0142odzienny komfort i zadrukowana w \u017cywych, trwa\u0142ych kolorach, ta koszulka jest idealnym prezentem na urodziny, \u015bwi\u0119ta lub uroczysto\u015bci kulturalne. Zaprojektowana przez profesjonalnych artyst\u00f3w, ka\u017cda koszulka jest dzie\u0142em sztuki, kt\u00f3re mo\u017cna nosi\u0107, piel\u0119gnuj\u0105c mi\u0142o\u015b\u0107 do W\u0142och i podr\u00f3\u017cy od najm\u0142odszych lat. Idealna dla w\u0142oskich rodzin lub ka\u017cdego ma\u0142ego odkrywcy, kt\u00f3ry marzy o Europie!<\/p>","protected":false},"excerpt":{"rendered":"<p>Honor Heritage ze spersonalizowan\u0105 w\u0142osk\u0105 flag\u0105 T-shirt dla ma\u0142ych ch\u0142opc\u00f3w. Niestandardowe koszule do selfie z wzorami inspirowanymi podr\u00f3\u017cami zamieniaj\u0105 ka\u017cde zdj\u0119cie w zabawn\u0105, jedyn\u0105 w swoim rodzaju koszulk\u0119.<\/p>","protected":false},"featured_media":134036,"comment_status":"open","ping_status":"closed","template":"","meta":{"_acf_changed":false},"product_brand":[],"product_cat":[6209,6412,6428],"product_tag":[6433,6439,6221,6382],"class_list":{"0":"post-133892","1":"product","2":"type-product","3":"status-publish","4":"has-post-thumbnail","6":"product_cat-toddler-boy-t-shirts","7":"product_cat-photo-to-tees","8":"product_cat-translate-products","9":"product_tag-ai-artwork","10":"product_tag-ai-kids-artwork","11":"product_tag-custom-t-shirts-near-me","12":"product_tag-personalized-gifts-italian-culture","14":"first","15":"instock","16":"taxable","17":"shipping-taxable","18":"purchasable","19":"product-type-simple"},"acf":[],"wcpa_form_fields":null,"_links":{"self":[{"href":"https:\/\/www.customywear.com\/pl\/wp-json\/wp\/v2\/product\/133892","targetHints":{"allow":["GET"]}}],"collection":[{"href":"https:\/\/www.customywear.com\/pl\/wp-json\/wp\/v2\/product"}],"about":[{"href":"https:\/\/www.customywear.com\/pl\/wp-json\/wp\/v2\/types\/product"}],"replies":[{"embeddable":true,"href":"https:\/\/www.customywear.com\/pl\/wp-json\/wp\/v2\/comments?post=133892"}],"wp:featuredmedia":[{"embeddable":true,"href":"https:\/\/www.customywear.com\/pl\/wp-json\/wp\/v2\/media\/134036"}],"wp:attachment":[{"href":"https:\/\/www.customywear.com\/pl\/wp-json\/wp\/v2\/media?parent=133892"}],"wp:term":[{"taxonomy":"product_brand","embeddable":true,"href":"https:\/\/www.customywear.com\/pl\/wp-json\/wp\/v2\/product_brand?post=133892"},{"taxonomy":"product_cat","embeddable":true,"href":"https:\/\/www.customywear.com\/pl\/wp-json\/wp\/v2\/product_cat?post=133892"},{"taxonomy":"product_tag","embeddable":true,"href":"https:\/\/www.customywear.com\/pl\/wp-json\/wp\/v2\/product_tag?post=133892"}],"curies":[{"name":"wp","href":"https:\/\/api.w.org\/{rel}","templated":true}]}}