{"id":133907,"date":"2025-05-18T08:46:14","date_gmt":"2025-05-18T08:46:14","guid":{"rendered":"https:\/\/www.customywear.com\/?post_type=product&#038;p=133907"},"modified":"2026-05-05T20:23:26","modified_gmt":"2026-05-05T20:23:26","slug":"spersonalizowana-koszulka-damska-z-flaga-wloska","status":"publish","type":"product","link":"https:\/\/www.customywear.com\/pl\/custom-italian-flag-shirt-women\/","title":{"rendered":"Koszulka z w\u0142osk\u0105 flag\u0105 dla kobiet \u2013 spersonalizowana koszulka ze zdj\u0119ciem dla mi\u0142o\u015bnik\u00f3w w\u0142oskiej kultury, idealny prezent dla dumnych W\u0142och\u00f3w"},"content":{"rendered":"<p>\u015awi\u0119tuj w\u0142oskie dziedzictwo z nasz\u0105 koszulk\u0105 z w\u0142osk\u0105 flag\u0105 dla kobiet \u2014 idealny prezent dla ka\u017cdego, kto kocha w\u0142osk\u0105 kultur\u0119, jedzenie lub podr\u00f3\u017ce. Ta koszulka wykonana w 100% z bawe\u0142ny oferuje zar\u00f3wno wygod\u0119, jak i jako\u015b\u0107 dzi\u0119ki trwa\u0142emu nadrukowi DTG, kt\u00f3ry o\u017cywia Twoje zdj\u0119cia obok kultowej w\u0142oskiej flagi. Niezale\u017cnie od tego, czy s\u0105 to urodziny, rocznica czy \u015bwi\u0119to kulturowe, ta spersonalizowana koszulka stanowi znacz\u0105cy i stylowy prezent. Ka\u017cda koszulka zaprojektowana przez utalentowanych artyst\u00f3w odzwierciedla dum\u0119 narodow\u0105 z wyj\u0105tkowym osobistym akcentem.<\/p>","protected":false},"excerpt":{"rendered":"<p>\u015awi\u0119tuj kobiety z niestandardow\u0105 w\u0142osk\u0105 flag\u0105 T-shirt. Spersonalizowane koszulki ze zdj\u0119ciami dla mi\u0142o\u015bnik\u00f3w w\u0142oskiej kultury zamieniaj\u0105 ka\u017cde zdj\u0119cie w odwa\u017cn\u0105, jedyn\u0105 w swoim rodzaju koszulk\u0119.<\/p>","protected":false},"featured_media":133944,"comment_status":"open","ping_status":"closed","template":"","meta":{"_acf_changed":false},"product_brand":[],"product_cat":[6191,6412,6428,75,6355],"product_tag":[6214,6433,6328,229,6382,6215],"class_list":{"0":"post-133907","1":"product","2":"type-product","3":"status-publish","4":"has-post-thumbnail","6":"product_cat-t-shirts-women","7":"product_cat-photo-to-tees","8":"product_cat-translate-products","9":"product_cat-women","10":"product_cat-womens-culture-country-t-shirts","11":"product_tag-affordable-custom-t-shirts","12":"product_tag-ai-artwork","13":"product_tag-custom-image-t-shirt-for-women","14":"product_tag-custom-tee-shirts","15":"product_tag-personalized-gifts-italian-culture","16":"product_tag-screen-printing-near-me","18":"first","19":"instock","20":"taxable","21":"shipping-taxable","22":"purchasable","23":"product-type-simple"},"acf":[],"wcpa_form_fields":null,"_links":{"self":[{"href":"https:\/\/www.customywear.com\/pl\/wp-json\/wp\/v2\/product\/133907","targetHints":{"allow":["GET"]}}],"collection":[{"href":"https:\/\/www.customywear.com\/pl\/wp-json\/wp\/v2\/product"}],"about":[{"href":"https:\/\/www.customywear.com\/pl\/wp-json\/wp\/v2\/types\/product"}],"replies":[{"embeddable":true,"href":"https:\/\/www.customywear.com\/pl\/wp-json\/wp\/v2\/comments?post=133907"}],"wp:featuredmedia":[{"embeddable":true,"href":"https:\/\/www.customywear.com\/pl\/wp-json\/wp\/v2\/media\/133944"}],"wp:attachment":[{"href":"https:\/\/www.customywear.com\/pl\/wp-json\/wp\/v2\/media?parent=133907"}],"wp:term":[{"taxonomy":"product_brand","embeddable":true,"href":"https:\/\/www.customywear.com\/pl\/wp-json\/wp\/v2\/product_brand?post=133907"},{"taxonomy":"product_cat","embeddable":true,"href":"https:\/\/www.customywear.com\/pl\/wp-json\/wp\/v2\/product_cat?post=133907"},{"taxonomy":"product_tag","embeddable":true,"href":"https:\/\/www.customywear.com\/pl\/wp-json\/wp\/v2\/product_tag?post=133907"}],"curies":[{"name":"wp","href":"https:\/\/api.w.org\/{rel}","templated":true}]}}