{"id":133912,"date":"2025-05-18T08:46:14","date_gmt":"2025-05-18T08:46:14","guid":{"rendered":"https:\/\/www.customywear.com\/?post_type=product&#038;p=133912"},"modified":"2026-05-05T20:24:06","modified_gmt":"2026-05-05T20:24:06","slug":"spersonalizowana-koszulka-meska-z-flaga-wloska","status":"publish","type":"product","link":"https:\/\/www.customywear.com\/pl\/custom-italian-flag-shirt-men\/","title":{"rendered":"Koszulka z w\u0142osk\u0105 flag\u0105 dla m\u0119\u017cczyzn \u2013 spersonalizowana koszulka ze zdj\u0119ciem dla mi\u0142o\u015bnik\u00f3w w\u0142oskiej kultury, idealny prezent dla dumnych W\u0142och\u00f3w"},"content":{"rendered":"<p>\u015awi\u0119tuj w\u0142oskie dziedzictwo z nasz\u0105 koszulk\u0105 z w\u0142osk\u0105 flag\u0105 dla m\u0119\u017cczyzn \u2014 idealny prezent dla ka\u017cdego, kto kocha w\u0142osk\u0105 kultur\u0119, jedzenie lub podr\u00f3\u017ce. Ta koszulka wykonana w 100% z bawe\u0142ny oferuje zar\u00f3wno wygod\u0119, jak i jako\u015b\u0107 dzi\u0119ki trwa\u0142emu nadrukowi DTG, kt\u00f3ry o\u017cywia Twoje zdj\u0119cia obok kultowej w\u0142oskiej flagi. Niezale\u017cnie od tego, czy s\u0105 to urodziny, rocznica czy \u015bwi\u0119to kulturowe, ta spersonalizowana koszulka stanowi znacz\u0105cy i stylowy prezent. Ka\u017cda koszulka zaprojektowana przez utalentowanych artyst\u00f3w odzwierciedla dum\u0119 narodow\u0105 z wyj\u0105tkowym osobistym akcentem.<\/p>","protected":false},"excerpt":{"rendered":"<p>Poka\u017c w\u0142osk\u0105 dum\u0119 z niestandardow\u0105 w\u0142osk\u0105 flag\u0105 T-shirt dla m\u0119\u017cczyzn. Spersonalizowane koszulki ze zdj\u0119ciami przekszta\u0142caj\u0105 ka\u017cde zdj\u0119cie w wyj\u0105tkow\u0105 kulturow\u0105 pami\u0105tk\u0119.<\/p>","protected":false},"featured_media":133923,"comment_status":"open","ping_status":"closed","template":"","meta":{"_acf_changed":false},"product_brand":[],"product_cat":[6195,186,6345,6412,6428],"product_tag":[6433,6327,6216,6382],"class_list":{"0":"post-133912","1":"product","2":"type-product","3":"status-publish","4":"has-post-thumbnail","6":"product_cat-t-shirts-men","7":"product_cat-men","8":"product_cat-mens-country-culture-t-shirts","9":"product_cat-photo-to-tees","10":"product_cat-translate-products","11":"product_tag-ai-artwork","12":"product_tag-custom-photo-t-shirt-for-men","13":"product_tag-mens-custom-t-shirts","14":"product_tag-personalized-gifts-italian-culture","16":"first","17":"instock","18":"taxable","19":"shipping-taxable","20":"purchasable","21":"product-type-simple"},"acf":[],"wcpa_form_fields":null,"_links":{"self":[{"href":"https:\/\/www.customywear.com\/pl\/wp-json\/wp\/v2\/product\/133912","targetHints":{"allow":["GET"]}}],"collection":[{"href":"https:\/\/www.customywear.com\/pl\/wp-json\/wp\/v2\/product"}],"about":[{"href":"https:\/\/www.customywear.com\/pl\/wp-json\/wp\/v2\/types\/product"}],"replies":[{"embeddable":true,"href":"https:\/\/www.customywear.com\/pl\/wp-json\/wp\/v2\/comments?post=133912"}],"wp:featuredmedia":[{"embeddable":true,"href":"https:\/\/www.customywear.com\/pl\/wp-json\/wp\/v2\/media\/133923"}],"wp:attachment":[{"href":"https:\/\/www.customywear.com\/pl\/wp-json\/wp\/v2\/media?parent=133912"}],"wp:term":[{"taxonomy":"product_brand","embeddable":true,"href":"https:\/\/www.customywear.com\/pl\/wp-json\/wp\/v2\/product_brand?post=133912"},{"taxonomy":"product_cat","embeddable":true,"href":"https:\/\/www.customywear.com\/pl\/wp-json\/wp\/v2\/product_cat?post=133912"},{"taxonomy":"product_tag","embeddable":true,"href":"https:\/\/www.customywear.com\/pl\/wp-json\/wp\/v2\/product_tag?post=133912"}],"curies":[{"name":"wp","href":"https:\/\/api.w.org\/{rel}","templated":true}]}}