{"id":20301,"date":"2023-07-28T13:32:47","date_gmt":"2023-07-28T13:32:47","guid":{"rendered":"https:\/\/www.customywear.com\/?post_type=product&#038;p=20301"},"modified":"2026-05-07T15:29:59","modified_gmt":"2026-05-07T15:29:59","slug":"niestandardowa-koszulka-dla-chlopca-z-motywem-statku-kosmicznego","status":"publish","type":"product","link":"https:\/\/www.customywear.com\/pl\/custom-alien-spaceship-boy-shirt\/","title":{"rendered":"Koszulka dla ch\u0142opc\u00f3w z nadrukiem Alien Spaceship | Spersonalizowana koszulka dla dzieci UFO"},"content":{"rendered":"<p>Rozpal wyobra\u017ani\u0119 swojego dziecka dzi\u0119ki naszej koszulce dla ch\u0142opc\u00f3w z nadrukiem Alien Spaceship, spersonalizowanemu arcydzie\u0142u, kt\u00f3re przeniesie je do \u015bwiata poza gwiazdami. Wykorzystuj\u0105c zdj\u0119cie Twojego dziecka, tworzymy urzekaj\u0105cy portret wektorowy, kt\u00f3ry przedstawia je jako uroczego kosmit\u0119 na pok\u0142adzie statku kosmicznego. Ta wyj\u0105tkowa i zabawna spersonalizowana koszulka to idealny prezent, kt\u00f3ry wywo\u0142a u\u015bmiech na twarzy Twojego dziecka i rozbudzi w nim poczucie zachwytu. Nasz oddany zesp\u00f3\u0142 projektant\u00f3w wykorzystuje kreatywn\u0105 moc program\u00f3w Adobe Illustrator i Adobe Photoshop, aby p\u0142ynnie po\u0142\u0105czy\u0107 wizerunek Twojego dziecka z kapry\u015bnym \u015bwiatem pozaziemskich przyg\u00f3d. Projekt o\u017cywa dzi\u0119ki zaawansowanej technologii druku DTG, zapewniaj\u0105cej \u017cywe kolory i wyj\u0105tkow\u0105 trwa\u0142o\u015b\u0107. Dost\u0119pne w wersji z d\u0142ugim i kr\u00f3tkim r\u0119kawem, nasze koszulki unisex s\u0105 przeznaczone dla dzieci w ka\u017cdym wieku, zapewniaj\u0105c wygodne dopasowanie dla ka\u017cdego mi\u0119dzygwiezdnego odkrywcy. Ulepsz garderob\u0119 swojego dziecka dzi\u0119ki spersonalizowanej koszulce, kt\u00f3ra rozbudzi jego ciekawo\u015b\u0107 i obejmie magi\u0119 nieznanego. Nasza kolekcja obejmuje szereg wzor\u00f3w, kt\u00f3re oddaj\u0105 istot\u0119 dzieci\u0119cej wyobra\u017ani, ka\u017cdy z nich starannie wykonany, aby stworzy\u0107 trwa\u0142e wspomnienie. Niezale\u017cnie od tego, czy jest to prezent na specjaln\u0105 okazj\u0119, czy zachwycaj\u0105cy dodatek do codziennego stroju, nasze spersonalizowane koszulki s\u0105 dzie\u0142ami sztuki, kt\u00f3re mo\u017cna nosi\u0107, zach\u0119caj\u0105c do eksploracji i kreatywno\u015bci.<\/p>","protected":false},"excerpt":{"rendered":"<p>Spraw, aby Twoje dziecko sta\u0142o si\u0119 kosmicznym bohaterem z nasz\u0105 niestandardow\u0105 koszulk\u0105 Alien Spaceship Boy. Ta spersonalizowana koszulka UFO Kids zamienia ka\u017cde zdj\u0119cie w niestandardow\u0105 koszulk\u0119 niestandardow\u0105 pe\u0142n\u0105 zabawy i wyobra\u017ani.<\/p>","protected":false},"featured_media":142400,"comment_status":"open","ping_status":"closed","template":"","meta":{"_acf_changed":false},"product_brand":[],"product_cat":[6189,113,6412,6428],"product_tag":[6433,6439,65,136,137,138,141,73],"class_list":{"0":"post-20301","1":"product","2":"type-product","3":"status-publish","4":"has-post-thumbnail","6":"product_cat-boys-t-shirts","7":"product_cat-custom-gifts-alien-shirts","8":"product_cat-photo-to-tees","9":"product_cat-translate-products","10":"product_tag-ai-artwork","11":"product_tag-ai-kids-artwork","12":"product_tag-kid","13":"product_tag-science_shirt","14":"product_tag-space_shirt","15":"product_tag-t-shirt-ufo","16":"product_tag-ufo-shirt","17":"product_tag-youth-boy","19":"first","20":"instock","21":"taxable","22":"shipping-taxable","23":"purchasable","24":"product-type-simple"},"acf":[],"wcpa_form_fields":null,"_links":{"self":[{"href":"https:\/\/www.customywear.com\/pl\/wp-json\/wp\/v2\/product\/20301","targetHints":{"allow":["GET"]}}],"collection":[{"href":"https:\/\/www.customywear.com\/pl\/wp-json\/wp\/v2\/product"}],"about":[{"href":"https:\/\/www.customywear.com\/pl\/wp-json\/wp\/v2\/types\/product"}],"replies":[{"embeddable":true,"href":"https:\/\/www.customywear.com\/pl\/wp-json\/wp\/v2\/comments?post=20301"}],"wp:featuredmedia":[{"embeddable":true,"href":"https:\/\/www.customywear.com\/pl\/wp-json\/wp\/v2\/media\/142400"}],"wp:attachment":[{"href":"https:\/\/www.customywear.com\/pl\/wp-json\/wp\/v2\/media?parent=20301"}],"wp:term":[{"taxonomy":"product_brand","embeddable":true,"href":"https:\/\/www.customywear.com\/pl\/wp-json\/wp\/v2\/product_brand?post=20301"},{"taxonomy":"product_cat","embeddable":true,"href":"https:\/\/www.customywear.com\/pl\/wp-json\/wp\/v2\/product_cat?post=20301"},{"taxonomy":"product_tag","embeddable":true,"href":"https:\/\/www.customywear.com\/pl\/wp-json\/wp\/v2\/product_tag?post=20301"}],"curies":[{"name":"wp","href":"https:\/\/api.w.org\/{rel}","templated":true}]}}