{"id":20302,"date":"2023-07-28T13:32:48","date_gmt":"2023-07-28T13:32:48","guid":{"rendered":"https:\/\/www.customywear.com\/?post_type=product&#038;p=20302"},"modified":"2026-05-07T15:29:59","modified_gmt":"2026-05-07T15:29:59","slug":"niestandardowa-przewiewna-koszulka-dla-chlopca-aniola","status":"publish","type":"product","link":"https:\/\/www.customywear.com\/pl\/custom-angel-boy-airy-shirt\/","title":{"rendered":"Spersonalizowana koszulka Angel Boy Airy | Spersonalizowana koszulka Fantasy Wings"},"content":{"rendered":"<p>Podnie\u015b marzenia swojego dziecka dzi\u0119ki naszej czaruj\u0105cej koszulce Custom Angel Boy Airy Shirt, spersonalizowanemu arcydzie\u0142u, kt\u00f3re przemienia je w istot\u0119 niebia\u0144sk\u0105. Wykorzystuj\u0105c zdj\u0119cie Twojego dziecka, tworzymy urzekaj\u0105cy portret wektorowy, kt\u00f3ry przedstawia je jako czaruj\u0105cego anio\u0142a z delikatnymi skrzyd\u0142ami. Ta wyj\u0105tkowa i rozgrzewaj\u0105ca serce spersonalizowana koszulka to idealny prezent na urodziny i rozpalenie magii wyobra\u017ani. Nasz oddany zesp\u00f3\u0142 projektant\u00f3w wykorzystuje kreatywny potencja\u0142 program\u00f3w Adobe Illustrator i Adobe Photoshop, aby p\u0142ynnie po\u0142\u0105czy\u0107 wizerunek Twojego dziecka z eterycznym kr\u00f3lestwem fantazji. Projekt jest fachowo drukowany przy u\u017cyciu najnowocze\u015bniejszej technologii DTG, co zapewnia \u017cywe kolory i wyj\u0105tkow\u0105 trwa\u0142o\u015b\u0107. Dost\u0119pne zar\u00f3wno w wersji z kr\u00f3tkim, jak i d\u0142ugim r\u0119kawem, nasze koszulki unisex s\u0105 przeznaczone dla dzieci w ka\u017cdym wieku, zapewniaj\u0105c wygodne dopasowanie dla ka\u017cdego aspiruj\u0105cego anio\u0142a. Dodaj odrobin\u0119 fantazji do garderoby swojego dziecka dzi\u0119ki spersonalizowanej koszulce, kt\u00f3ra celebruje cud dzieci\u0119cej fantazji. Nasza kolekcja zawiera szereg wzor\u00f3w, kt\u00f3re oddaj\u0105 istot\u0119 kreatywnej zabawy, ka\u017cdy z nich zosta\u0142 starannie wykonany, aby tworzy\u0107 trwa\u0142e wspomnienia. Niezale\u017cnie od tego, czy jest to wyj\u0105tkowa urodzinowa niespodzianka, czy te\u017c wspania\u0142y dodatek do codziennego ubioru, nasze spersonalizowane koszulki s\u0105 dzie\u0142ami sztuki, kt\u00f3re mo\u017cna nosi\u0107, inspiruj\u0105c do marze\u0144 i kreatywno\u015bci.<\/p>","protected":false},"excerpt":{"rendered":"<p>Zmie\u0144 zdj\u0119cie swojego dziecka w niebia\u0144sk\u0105, niestandardow\u0105 koszul\u0119 Angel Boy Airy. Nasza spersonalizowana koszulka Fantasy Wings wnosi anielski urok i pomys\u0142owe skrzyd\u0142a do jedynej w swoim rodzaju niestandardowej koszulki.<\/p>","protected":false},"featured_media":142726,"comment_status":"open","ping_status":"closed","template":"","meta":{"_acf_changed":false},"product_brand":[],"product_cat":[6189,145,6412,6428],"product_tag":[6433,6439,146,65,67,149,73],"class_list":{"0":"post-20302","1":"product","2":"type-product","3":"status-publish","4":"has-post-thumbnail","6":"product_cat-boys-t-shirts","7":"product_cat-custom-gifts-fairy-angels","8":"product_cat-photo-to-tees","9":"product_cat-translate-products","10":"product_tag-ai-artwork","11":"product_tag-ai-kids-artwork","12":"product_tag-angel_shirt","13":"product_tag-kid","14":"product_tag-kids_birthday_shirt","15":"product_tag-toddler_birthday","16":"product_tag-youth-boy","18":"first","19":"instock","20":"taxable","21":"shipping-taxable","22":"purchasable","23":"product-type-simple"},"acf":[],"wcpa_form_fields":null,"_links":{"self":[{"href":"https:\/\/www.customywear.com\/pl\/wp-json\/wp\/v2\/product\/20302","targetHints":{"allow":["GET"]}}],"collection":[{"href":"https:\/\/www.customywear.com\/pl\/wp-json\/wp\/v2\/product"}],"about":[{"href":"https:\/\/www.customywear.com\/pl\/wp-json\/wp\/v2\/types\/product"}],"replies":[{"embeddable":true,"href":"https:\/\/www.customywear.com\/pl\/wp-json\/wp\/v2\/comments?post=20302"}],"wp:featuredmedia":[{"embeddable":true,"href":"https:\/\/www.customywear.com\/pl\/wp-json\/wp\/v2\/media\/142726"}],"wp:attachment":[{"href":"https:\/\/www.customywear.com\/pl\/wp-json\/wp\/v2\/media?parent=20302"}],"wp:term":[{"taxonomy":"product_brand","embeddable":true,"href":"https:\/\/www.customywear.com\/pl\/wp-json\/wp\/v2\/product_brand?post=20302"},{"taxonomy":"product_cat","embeddable":true,"href":"https:\/\/www.customywear.com\/pl\/wp-json\/wp\/v2\/product_cat?post=20302"},{"taxonomy":"product_tag","embeddable":true,"href":"https:\/\/www.customywear.com\/pl\/wp-json\/wp\/v2\/product_tag?post=20302"}],"curies":[{"name":"wp","href":"https:\/\/api.w.org\/{rel}","templated":true}]}}