{"id":20303,"date":"2023-07-28T13:32:49","date_gmt":"2023-07-28T13:32:49","guid":{"rendered":"https:\/\/www.customywear.com\/?post_type=product&#038;p=20303"},"modified":"2026-05-07T15:29:59","modified_gmt":"2026-05-07T15:29:59","slug":"niestandardowa-koszulka-z-aniolem-i-dziewczynka-wrozka","status":"publish","type":"product","link":"https:\/\/www.customywear.com\/pl\/custom-angel-girl-fairy-shirt\/","title":{"rendered":"Wykonane Na Zam\u00f3wienie Kochanie Fantastyczna Koszula Angel Girl | Uosobiona M\u0142odzie\u017cowa Fantastyczny T-Shirt"},"content":{"rendered":"<p>Podnie\u015b wyobra\u017ani\u0119 swojego dziecka dzi\u0119ki naszej czaruj\u0105cej koszulce Custom Angel Girl Cute Fairy Shirt, spersonalizowanemu arcydzie\u0142u, kt\u00f3re o\u017cywia ich marzenia. Dzi\u0119ki magii naszego procesu projektowania przekszta\u0142camy zdj\u0119cie Twojego dziecka w urzekaj\u0105cy portret wektorowy, przedstawiaj\u0105cy je jako urocz\u0105 wr\u00f3\u017ck\u0119 z delikatnymi skrzyd\u0142ami. Ta urocza i rozgrzewaj\u0105ca serce spersonalizowana koszulka to idealny prezent, aby uczci\u0107 ich niewinno\u015b\u0107 i kreatywno\u015b\u0107. Nasz oddany zesp\u00f3\u0142 projektant\u00f3w wykorzystuje kreatywn\u0105 moc program\u00f3w Adobe Illustrator i Adobe Photoshop, aby p\u0142ynnie po\u0142\u0105czy\u0107 wizerunek Twojego dziecka z fantazyjnym \u015bwiatem fantazji. Projekt jest starannie drukowany przy u\u017cyciu najnowocze\u015bniejszej technologii DTG, co zapewnia \u017cywe kolory i wyj\u0105tkow\u0105 trwa\u0142o\u015b\u0107. Dost\u0119pne zar\u00f3wno w wersji z kr\u00f3tkim, jak i d\u0142ugim r\u0119kawem, nasze koszulki unisex s\u0105 przeznaczone dla dzieci w ka\u017cdym wieku, zapewniaj\u0105c wygodne dopasowanie dla ka\u017cdego ma\u0142ego marzyciela. Dodaj odrobin\u0119 czaru do garderoby swojego dziecka dzi\u0119ki spersonalizowanej koszulce, kt\u00f3ra celebruje magi\u0119 dzieci\u0119cej fantazji. Nasza r\u00f3\u017cnorodna kolekcja obejmuje r\u00f3\u017cnorodne wzory, kt\u00f3re oddaj\u0105 istot\u0119 wyobra\u017ceniowej zabawy, ka\u017cdy starannie wykonany, aby wywo\u0142a\u0107 zdziwienie i zachwyt. Niezale\u017cnie od tego, czy jest to specjalna okazja, czy zachwycaj\u0105cy dodatek do codziennego stroju, nasze spersonalizowane koszulki s\u0105 dzie\u0142ami sztuki, kt\u00f3re mo\u017cna nosi\u0107, inspiruj\u0105c marzenia i rozpalaj\u0105c kreatywno\u015b\u0107.<\/p>","protected":false},"excerpt":{"rendered":"<p>Zamie\u0144 swoje zdj\u0119cie w magiczn\u0105, niestandardow\u0105 anielsk\u0105 dziewczyn\u0119, urocz\u0105 wr\u00f3\u017ck\u0119. Spersonalizowana koszulka dla m\u0142odzie\u017cy dodaje fantazyjnych skrzyde\u0142 wr\u00f3\u017cek i uroku, co zapewnia wyj\u0105tkowy, czaruj\u0105cy projekt, kt\u00f3ry pokocha Twoje dziecko.<\/p>","protected":false},"featured_media":142733,"comment_status":"open","ping_status":"closed","template":"","meta":{"_acf_changed":false},"product_brand":[],"product_cat":[6193,145,6412,6428],"product_tag":[6433,6439,146,65,67,149,156],"class_list":{"0":"post-20303","1":"product","2":"type-product","3":"status-publish","4":"has-post-thumbnail","6":"product_cat-girls-t-shirts","7":"product_cat-custom-gifts-fairy-angels","8":"product_cat-photo-to-tees","9":"product_cat-translate-products","10":"product_tag-ai-artwork","11":"product_tag-ai-kids-artwork","12":"product_tag-angel_shirt","13":"product_tag-kid","14":"product_tag-kids_birthday_shirt","15":"product_tag-toddler_birthday","16":"product_tag-youth-girl","18":"first","19":"instock","20":"taxable","21":"shipping-taxable","22":"purchasable","23":"product-type-simple"},"acf":[],"wcpa_form_fields":null,"_links":{"self":[{"href":"https:\/\/www.customywear.com\/pl\/wp-json\/wp\/v2\/product\/20303","targetHints":{"allow":["GET"]}}],"collection":[{"href":"https:\/\/www.customywear.com\/pl\/wp-json\/wp\/v2\/product"}],"about":[{"href":"https:\/\/www.customywear.com\/pl\/wp-json\/wp\/v2\/types\/product"}],"replies":[{"embeddable":true,"href":"https:\/\/www.customywear.com\/pl\/wp-json\/wp\/v2\/comments?post=20303"}],"wp:featuredmedia":[{"embeddable":true,"href":"https:\/\/www.customywear.com\/pl\/wp-json\/wp\/v2\/media\/142733"}],"wp:attachment":[{"href":"https:\/\/www.customywear.com\/pl\/wp-json\/wp\/v2\/media?parent=20303"}],"wp:term":[{"taxonomy":"product_brand","embeddable":true,"href":"https:\/\/www.customywear.com\/pl\/wp-json\/wp\/v2\/product_brand?post=20303"},{"taxonomy":"product_cat","embeddable":true,"href":"https:\/\/www.customywear.com\/pl\/wp-json\/wp\/v2\/product_cat?post=20303"},{"taxonomy":"product_tag","embeddable":true,"href":"https:\/\/www.customywear.com\/pl\/wp-json\/wp\/v2\/product_tag?post=20303"}],"curies":[{"name":"wp","href":"https:\/\/api.w.org\/{rel}","templated":true}]}}