{"id":20304,"date":"2023-07-28T13:32:49","date_gmt":"2023-07-28T13:32:49","guid":{"rendered":"https:\/\/www.customywear.com\/?post_type=product&#038;p=20304"},"modified":"2026-05-16T11:40:39","modified_gmt":"2026-05-16T11:40:39","slug":"niestandardowa-koszulka-z-aniolem-i-skrzydlami","status":"publish","type":"product","link":"https:\/\/www.customywear.com\/pl\/custom-angel-woman-wings-shirt\/","title":{"rendered":"Spersonalizowana koszulka Angel Woman with Wings | Personalizowana koszulka Fantasy"},"content":{"rendered":"<p>Podnie\u015b swoje poczucie zachwytu dzi\u0119ki naszej urzekaj\u0105cej koszulce Custom Angel Woman with Wings, spersonalizowanemu arcydzie\u0142u, kt\u00f3re o\u017cywia eteryczne pi\u0119kno. Dzi\u0119ki kunsztowi naszego procesu projektowania przekszta\u0142camy Twoje zdj\u0119cie w hipnotyzuj\u0105cy portret wektorowy, przedstawiaj\u0105cy Ci\u0119 jako wdzi\u0119cznego anio\u0142a z majestatycznymi skrzyd\u0142ami. Ta osza\u0142amiaj\u0105ca i szczera spersonalizowana koszulka to przemy\u015blany prezent, kt\u00f3ry celebruje Twojego wewn\u0119trznego ducha i indywidualno\u015b\u0107. Nasz oddany zesp\u00f3\u0142 projektant\u00f3w wykorzystuje kreatywn\u0105 moc program\u00f3w Adobe Illustrator i Adobe Photoshop, aby p\u0142ynnie po\u0142\u0105czy\u0107 Tw\u00f3j obraz z krain\u0105 fantazji. Projekt jest nieskazitelnie wydrukowany przy u\u017cyciu najnowocze\u015bniejszej technologii DTG, zapewniaj\u0105cej \u017cywe kolory i wyj\u0105tkow\u0105 trwa\u0142o\u015b\u0107. Dost\u0119pne zar\u00f3wno w wersji z kr\u00f3tkim, jak i d\u0142ugim r\u0119kawem, nasze koszulki unisex s\u0105 przeznaczone dla doros\u0142ych w ka\u017cdym wieku, zapewniaj\u0105c wygodne dopasowanie dla ka\u017cdego u\u017cytkownika. Dodaj odrobin\u0119 niebia\u0144skiej elegancji do swojej garderoby dzi\u0119ki spersonalizowanej koszulce, kt\u00f3ra oddaje magi\u0119 wyobra\u017ani. Nasza r\u00f3\u017cnorodna kolekcja obejmuje szereg wzor\u00f3w, kt\u00f3re oddaj\u0105 istot\u0119 fantazji i samoekspresji, ka\u017cdy starannie wykonany, aby inspirowa\u0107 podziw i zachwyt. Niezale\u017cnie od tego, czy jest to wyj\u0105tkowy prezent, czy uroczy dodatek do codziennego stroju, nasze spersonalizowane koszulki to dzie\u0142a sztuki, kt\u00f3re mo\u017cna nosi\u0107, emanuj\u0105c wewn\u0119trznym pi\u0119knem i rozpalaj\u0105c poczucie podziwu.<\/p>","protected":false},"excerpt":{"rendered":"<p>Stw\u00f3rz osza\u0142amiaj\u0105c\u0105 niestandardow\u0105 kobiet\u0119 anio\u0142k\u0119 z koszul\u0105 ze skrzyd\u0142ami z dowolnego zdj\u0119cia. Nasza spersonalizowana koszulka fantasy \u0142\u0105czy elegancj\u0119 i fantazj\u0119, tworz\u0105c jedyny w swoim rodzaju niestandardowy t-shirt.<\/p>","protected":false},"featured_media":142719,"comment_status":"open","ping_status":"closed","template":"","meta":{"_acf_changed":false},"product_brand":[],"product_cat":[6191,145,6412,6428,6358,6357,6356],"product_tag":[6214,6433,146,6328,229,6215,6442,112],"class_list":{"0":"post-20304","1":"product","2":"type-product","3":"status-publish","4":"has-post-thumbnail","6":"product_cat-t-shirts-women","7":"product_cat-custom-gifts-fairy-angels","8":"product_cat-photo-to-tees","9":"product_cat-translate-products","10":"product_cat-womens-anniversary-t-shirts","11":"product_cat-womens-birthday-t-shirts","12":"product_cat-womens-summer-t-shirts","13":"product_tag-affordable-custom-t-shirts","14":"product_tag-ai-artwork","15":"product_tag-angel_shirt","16":"product_tag-custom-image-t-shirt-for-women","17":"product_tag-custom-tee-shirts","18":"product_tag-screen-printing-near-me","19":"product_tag-top-artwork","20":"product_tag-women","22":"first","23":"instock","24":"taxable","25":"shipping-taxable","26":"purchasable","27":"product-type-simple"},"acf":[],"wcpa_form_fields":null,"_links":{"self":[{"href":"https:\/\/www.customywear.com\/pl\/wp-json\/wp\/v2\/product\/20304","targetHints":{"allow":["GET"]}}],"collection":[{"href":"https:\/\/www.customywear.com\/pl\/wp-json\/wp\/v2\/product"}],"about":[{"href":"https:\/\/www.customywear.com\/pl\/wp-json\/wp\/v2\/types\/product"}],"replies":[{"embeddable":true,"href":"https:\/\/www.customywear.com\/pl\/wp-json\/wp\/v2\/comments?post=20304"}],"wp:featuredmedia":[{"embeddable":true,"href":"https:\/\/www.customywear.com\/pl\/wp-json\/wp\/v2\/media\/142719"}],"wp:attachment":[{"href":"https:\/\/www.customywear.com\/pl\/wp-json\/wp\/v2\/media?parent=20304"}],"wp:term":[{"taxonomy":"product_brand","embeddable":true,"href":"https:\/\/www.customywear.com\/pl\/wp-json\/wp\/v2\/product_brand?post=20304"},{"taxonomy":"product_cat","embeddable":true,"href":"https:\/\/www.customywear.com\/pl\/wp-json\/wp\/v2\/product_cat?post=20304"},{"taxonomy":"product_tag","embeddable":true,"href":"https:\/\/www.customywear.com\/pl\/wp-json\/wp\/v2\/product_tag?post=20304"}],"curies":[{"name":"wp","href":"https:\/\/api.w.org\/{rel}","templated":true}]}}