{"id":20307,"date":"2023-07-28T13:32:53","date_gmt":"2023-07-28T13:32:53","guid":{"rendered":"https:\/\/www.customywear.com\/?post_type=product&#038;p=20307"},"modified":"2026-05-05T20:24:12","modified_gmt":"2026-05-05T20:24:12","slug":"niestandardowa-koszula-arabska-2","status":"publish","type":"product","link":"https:\/\/www.customywear.com\/pl\/custom-arabian-man-shirt\/","title":{"rendered":"Spersonalizowana koszula arabska | Spersonalizowana koszulka dla mi\u0142o\u015bnika podr\u00f3\u017cy"},"content":{"rendered":"<p>Wyrusz w spersonalizowan\u0105 podr\u00f3\u017c stylu i kultury z nasz\u0105 wykwintn\u0105 koszulk\u0105 Custom Arabian Man, zaprojektowan\u0105 tak, aby uchwyci\u0107 istot\u0119 tradycji i \u017c\u0105dzy podr\u00f3\u017cy. Nasi wykwalifikowani rzemie\u015blnicy wykorzystuj\u0105 moc program\u00f3w Adobe Illustrator i Adobe Photoshop, aby przekszta\u0142ci\u0107 Twoje zdj\u0119cie w urzekaj\u0105cy portret wektorowy, kt\u00f3ry o\u017cywia urok tradycyjnego arabskiego stroju. Ta wyj\u0105tkowa koszulka to nie tylko wyraz mody, ale tak\u017ce ceniona pami\u0105tka dla entuzjast\u00f3w podr\u00f3\u017cy i mi\u0142o\u015bnik\u00f3w kultury. Rozkoszuj si\u0119 urokiem arabskiego dziedzictwa z nut\u0105 wsp\u00f3\u0142czesnej mody. Wysokiej jako\u015bci projekt grafiki wektorowej, starannie wykonany przez nasz zesp\u00f3\u0142, zdobi zar\u00f3wno nasze koszulki unisex z kr\u00f3tkim, jak i d\u0142ugim r\u0119kawem. Skomplikowane detale i \u017cywe kolory o\u017cywaj\u0105 dzi\u0119ki zaawansowanej technologii druku DTG, zapewniaj\u0105c, \u017ce Twoja spersonalizowana koszulka emanuje niezr\u00f3wnan\u0105 jako\u015bci\u0105 i stylem. Niezale\u017cnie od tego, czy eksplorujesz odleg\u0142e krainy, czy po prostu obejmujesz swoje korzenie kulturowe, ta koszulka staje si\u0119 wszechstronnym dodatkiem do Twojej garderoby. \u015awi\u0119tuj swoj\u0105 mi\u0142o\u015b\u0107 do podr\u00f3\u017cy, kultury i samoekspresji dzi\u0119ki spersonalizowanej koszulce, kt\u00f3ra uciele\u015bnia ducha przygody i r\u00f3\u017cnorodno\u015bci. Ka\u017cda koszulka to p\u0142\u00f3tno artystycznej pomys\u0142owo\u015bci, zapraszaj\u0105ce do zaprezentowania swojej wyj\u0105tkowej to\u017csamo\u015bci i pasji. Nasza kolekcja wykracza poza granice, oferuj\u0105c szereg wzor\u00f3w, kt\u00f3re odpowiadaj\u0105 doros\u0142ym, m\u0142odzie\u017cy, dzieciom i maluchom. Pozw\u00f3l, aby Twoje ubrania m\u00f3wi\u0142y wiele o Twojej indywidualno\u015bci, jednocze\u015bnie piel\u0119gnuj\u0105c wspomnienia, kt\u00f3re zainspirowa\u0142y ich stworzenie.<\/p>","protected":false},"excerpt":{"rendered":"<p>Spraw, aby ka\u017cde zdj\u0119cie o\u017cy\u0142o na niestandardowej koszuli arabskiego m\u0119\u017cczyzny. Spersonalizowana koszulka dla mi\u0142o\u015bnik\u00f3w podr\u00f3\u017cy \u0142\u0105czy kulturowy talent i przygod\u0119 w wyj\u0105tkowy, niestandardowy projekt koszulki.<\/p>","protected":false},"featured_media":142461,"comment_status":"open","ping_status":"closed","template":"","meta":{"_acf_changed":false},"product_brand":[],"product_cat":[6195,6157,6156,179,186,6345,6412,6428],"product_tag":[6433,193,6216,209],"class_list":{"0":"post-20307","1":"product","2":"type-product","3":"status-publish","4":"has-post-thumbnail","6":"product_cat-t-shirts-men","7":"product_cat-country","8":"product_cat-culture","9":"product_cat-custom-gifts-arabic-culture","10":"product_cat-men","11":"product_cat-mens-country-culture-t-shirts","12":"product_cat-photo-to-tees","13":"product_cat-translate-products","14":"product_tag-ai-artwork","15":"product_tag-boyfriend_gift","16":"product_tag-mens-custom-t-shirts","17":"product_tag-travel_lover_gift","19":"first","20":"instock","21":"taxable","22":"shipping-taxable","23":"purchasable","24":"product-type-simple"},"acf":[],"wcpa_form_fields":null,"_links":{"self":[{"href":"https:\/\/www.customywear.com\/pl\/wp-json\/wp\/v2\/product\/20307","targetHints":{"allow":["GET"]}}],"collection":[{"href":"https:\/\/www.customywear.com\/pl\/wp-json\/wp\/v2\/product"}],"about":[{"href":"https:\/\/www.customywear.com\/pl\/wp-json\/wp\/v2\/types\/product"}],"replies":[{"embeddable":true,"href":"https:\/\/www.customywear.com\/pl\/wp-json\/wp\/v2\/comments?post=20307"}],"wp:featuredmedia":[{"embeddable":true,"href":"https:\/\/www.customywear.com\/pl\/wp-json\/wp\/v2\/media\/142461"}],"wp:attachment":[{"href":"https:\/\/www.customywear.com\/pl\/wp-json\/wp\/v2\/media?parent=20307"}],"wp:term":[{"taxonomy":"product_brand","embeddable":true,"href":"https:\/\/www.customywear.com\/pl\/wp-json\/wp\/v2\/product_brand?post=20307"},{"taxonomy":"product_cat","embeddable":true,"href":"https:\/\/www.customywear.com\/pl\/wp-json\/wp\/v2\/product_cat?post=20307"},{"taxonomy":"product_tag","embeddable":true,"href":"https:\/\/www.customywear.com\/pl\/wp-json\/wp\/v2\/product_tag?post=20307"}],"curies":[{"name":"wp","href":"https:\/\/api.w.org\/{rel}","templated":true}]}}