{"id":20308,"date":"2023-07-28T13:32:55","date_gmt":"2023-07-28T13:32:55","guid":{"rendered":"https:\/\/www.customywear.com\/?post_type=product&#038;p=20308"},"modified":"2026-05-05T20:23:37","modified_gmt":"2026-05-05T20:23:37","slug":"niestandardowa-koszula-arabska","status":"publish","type":"product","link":"https:\/\/www.customywear.com\/pl\/custom-arabian-woman-shirt\/","title":{"rendered":"Niestandardowa koszula dla kobiet arabskich | Spersonalizowana koszulka z hid\u017cabu dla arabskiej dziewczyny"},"content":{"rendered":"<p>Podnie\u015b sw\u00f3j styl dzi\u0119ki naszej osza\u0142amiaj\u0105cej koszulce Custom Arabian Woman, spersonalizowanemu arcydzie\u0142u \u0142\u0105cz\u0105cemu tradycj\u0119 i wsp\u00f3\u0142czesn\u0105 sztuk\u0119. Dzi\u0119ki po\u0142\u0105czeniu Twojego zdj\u0119cia i naszej mistrzowsko wykonanej sztuki wektorowej portretu uciele\u015bnisz elegancj\u0119 tradycyjnej arabskiej sukienki w po\u0142\u0105czeniu z nowoczesnym urokiem spersonalizowanej koszulki. Ten wyj\u0105tkowy i przemy\u015blany projekt stanowi wyj\u0105tkowy prezent, idealny dla entuzjast\u00f3w podr\u00f3\u017cy i odkrywc\u00f3w kulturowych. Do\u015bwiadcz synergii technologii i kreatywno\u015bci, gdy wykorzystujemy Adobe Illustrator i Adobe Photoshop, aby przekszta\u0142ci\u0107 Twoje zdj\u0119cie w dzie\u0142o sztuki do noszenia. Nasza spersonalizowana koszulka mo\u017ce pochwali\u0107 si\u0119 najwy\u017cszej jako\u015bci grafik\u0105 wektorow\u0105, starannie dobran\u0105, aby uchwyci\u0107 istot\u0119 arabskiego dziedzictwa. Dzi\u0119ki zaawansowanej technologii druku DTG misterne detale i \u017cywe kolory o\u017cywaj\u0105, zapewniaj\u0105c, \u017ce Twoja spersonalizowana koszulka jest \u015bwiadectwem doskona\u0142ego rzemios\u0142a. \u015awi\u0119tuj r\u00f3\u017cnorodno\u015b\u0107 i samoekspresj\u0119 dzi\u0119ki unisexowemu projektowi koszulki dla doros\u0142ych z kr\u00f3tkim i d\u0142ugim r\u0119kawem, kt\u00f3ry przekracza granice. Dost\u0119pna zar\u00f3wno dla doros\u0142ych i m\u0142odzie\u017cy, jak i dzieci i maluch\u00f3w, nasza kolekcja oferuje szeroki wachlarz wzor\u00f3w, kt\u00f3re pasuj\u0105 do ka\u017cdej osoby. Nasze zaanga\u017cowanie w jako\u015b\u0107, w po\u0142\u0105czeniu z mo\u017cliwo\u015bci\u0105 personalizacji za pomoc\u0105 w\u0142asnego, niepowtarzalnego akcentu, sprawia, \u017ce \u200b\u200bta koszulka jest cenionym dodatkiem do Twojej garderoby. Wyra\u017a swoj\u0105 mi\u0142o\u015b\u0107 do kultury, mody i indywidualno\u015bci za pomoc\u0105 spersonalizowanej koszulki, kt\u00f3ra opowiada Twoj\u0105 histori\u0119.<\/p>","protected":false},"excerpt":{"rendered":"<p>Zamie\u0144 swoje zdj\u0119cie w wspania\u0142\u0105, niestandardow\u0105 koszul\u0119 z arabskiej kobiety. Spersonalizowana arabska koszulka Hid\u017cab z arabsk\u0105 dziewczyn\u0105 prezentuje elegancj\u0119 i dum\u0119 kulturow\u0105 na jedynej w swoim rodzaju niestandardowej koszulce.<\/p>","protected":false},"featured_media":142468,"comment_status":"open","ping_status":"closed","template":"","meta":{"_acf_changed":false},"product_brand":[],"product_cat":[6191,179,6412,6428,6355],"product_tag":[6214,6433,229,6215,209,112],"class_list":{"0":"post-20308","1":"product","2":"type-product","3":"status-publish","4":"has-post-thumbnail","6":"product_cat-t-shirts-women","7":"product_cat-custom-gifts-arabic-culture","8":"product_cat-photo-to-tees","9":"product_cat-translate-products","10":"product_cat-womens-culture-country-t-shirts","11":"product_tag-affordable-custom-t-shirts","12":"product_tag-ai-artwork","13":"product_tag-custom-tee-shirts","14":"product_tag-screen-printing-near-me","15":"product_tag-travel_lover_gift","16":"product_tag-women","18":"first","19":"instock","20":"taxable","21":"shipping-taxable","22":"purchasable","23":"product-type-simple"},"acf":[],"wcpa_form_fields":null,"_links":{"self":[{"href":"https:\/\/www.customywear.com\/pl\/wp-json\/wp\/v2\/product\/20308","targetHints":{"allow":["GET"]}}],"collection":[{"href":"https:\/\/www.customywear.com\/pl\/wp-json\/wp\/v2\/product"}],"about":[{"href":"https:\/\/www.customywear.com\/pl\/wp-json\/wp\/v2\/types\/product"}],"replies":[{"embeddable":true,"href":"https:\/\/www.customywear.com\/pl\/wp-json\/wp\/v2\/comments?post=20308"}],"wp:featuredmedia":[{"embeddable":true,"href":"https:\/\/www.customywear.com\/pl\/wp-json\/wp\/v2\/media\/142468"}],"wp:attachment":[{"href":"https:\/\/www.customywear.com\/pl\/wp-json\/wp\/v2\/media?parent=20308"}],"wp:term":[{"taxonomy":"product_brand","embeddable":true,"href":"https:\/\/www.customywear.com\/pl\/wp-json\/wp\/v2\/product_brand?post=20308"},{"taxonomy":"product_cat","embeddable":true,"href":"https:\/\/www.customywear.com\/pl\/wp-json\/wp\/v2\/product_cat?post=20308"},{"taxonomy":"product_tag","embeddable":true,"href":"https:\/\/www.customywear.com\/pl\/wp-json\/wp\/v2\/product_tag?post=20308"}],"curies":[{"name":"wp","href":"https:\/\/api.w.org\/{rel}","templated":true}]}}