{"id":20312,"date":"2023-07-28T13:32:58","date_gmt":"2023-07-28T13:32:58","guid":{"rendered":"https:\/\/www.customywear.com\/?post_type=product&#038;p=20312"},"modified":"2026-05-07T15:29:59","modified_gmt":"2026-05-07T15:29:59","slug":"niestandardowa-koszulka-dla-astronautki","status":"publish","type":"product","link":"https:\/\/www.customywear.com\/pl\/custom-astronaut-girl-shirt\/","title":{"rendered":"Wykonane Na Zam\u00f3wienie Koszula Dla Dziewczynki-Astronauta | Spersonalizowana Koszulka Little Sister Alien Moon Tee"},"content":{"rendered":"<p>Rozpal bezgraniczn\u0105 wyobra\u017ani\u0119 swojego ma\u0142ego podr\u00f3\u017cnika dzi\u0119ki naszej czaruj\u0105cej koszulce Custom Astronaut Girl, spersonalizowanemu ho\u0142dowi dla marze\u0144, kt\u00f3re wznosz\u0105 si\u0119 ponad gwiazdy. Wykorzystuj\u0105c magi\u0119 zdj\u0119cia Twojego dziecka, fachowo tworzymy urzekaj\u0105cy portret wektorowy, kt\u00f3ry przemienia j\u0105 w nieustraszon\u0105 astronautk\u0119 eksploruj\u0105c\u0105 nieziemski ksi\u0119\u017cyc. Ten pomys\u0142owy projekt s\u0142u\u017cy jako ponadczasowe \u017ar\u00f3d\u0142o inspiracji, dzi\u0119ki czemu jest najlepszym prezentem dla m\u0142odych wizjoner\u00f3w i kosmicznych marzycieli, kt\u00f3rzy pragn\u0105 si\u0119gn\u0105\u0107 nieba. Nasi wykwalifikowani rzemie\u015blnicy wykorzystuj\u0105 synergi\u0119 najnowocze\u015bniejszej technologii i artystycznego mistrzostwa, kieruj\u0105c moc\u0105 Adobe Illustrator i Adobe Photoshop, aby podnie\u015b\u0107 zdj\u0119cie Twojego dziecka do niezwyk\u0142ego dzie\u0142a sztuki. Spersonalizowana koszulka prezentuje najwy\u017cszej jako\u015bci ilustracj\u0119 wektorow\u0105, misternie oddaj\u0105c\u0105 ducha eksploracji i odkry\u0107 kosmosu. Dzi\u0119ki zaawansowanym technikom drukowania DTG ka\u017cdy szczeg\u00f3\u0142 i odcie\u0144 o\u017cywaj\u0105, zapewniaj\u0105c, \u017ce Twoja spersonalizowana koszulka uosabia szczyt kunsztu i kreatywno\u015bci. Zaprojektowana, aby obj\u0105\u0107 ducha ciekawo\u015bci i zachwytu, nasza kolekcja koszulek m\u0142odzie\u017cowych z kr\u00f3tkim i d\u0142ugim r\u0119kawem typu unisex jest dost\u0119pna w r\u00f3\u017cnych rozmiarach, idealnie dostosowanych do r\u00f3\u017cnych grup wiekowych. Wszechstronno\u015b\u0107 naszych projekt\u00f3w pozwala Twojemu m\u0142odemu odkrywcy z dum\u0105 prezentowa\u0107 swoje wyj\u0105tkowe dzie\u0142o przy ka\u017cdej okazji. Uhonoruj \u200b\u200bjej nieograniczon\u0105 wyobra\u017ani\u0119 i pasj\u0119 do kosmosu dzi\u0119ki spersonalizowanej koszulce, kt\u00f3ra oddaje jej indywidualno\u015b\u0107 i podsyca jej kosmiczne aspiracje.<\/p>","protected":false},"excerpt":{"rendered":"<p>Stw\u00f3rz kosmiczn\u0105 przygod\u0119 z niestandardow\u0105 koszulk\u0105 astronaut\u00f3w dla dziewczynki. Spersonalizowana koszulka z ma\u0142ej siostry Alien Moon przekszta\u0142ca ka\u017cde zdj\u0119cie w zabawn\u0105, pomys\u0142ow\u0105 koszulk\u0119 kosmiczn\u0105.<\/p>","protected":false},"featured_media":142510,"comment_status":"open","ping_status":"closed","template":"","meta":{"_acf_changed":false},"product_brand":[],"product_cat":[6193,248,6412,6428],"product_tag":[6433,6439,249],"class_list":{"0":"post-20312","1":"product","2":"type-product","3":"status-publish","4":"has-post-thumbnail","6":"product_cat-girls-t-shirts","7":"product_cat-custom-gifts-astronauts","8":"product_cat-photo-to-tees","9":"product_cat-translate-products","10":"product_tag-ai-artwork","11":"product_tag-ai-kids-artwork","12":"product_tag-astronaut-tees","14":"first","15":"instock","16":"taxable","17":"shipping-taxable","18":"purchasable","19":"product-type-simple"},"acf":[],"wcpa_form_fields":null,"_links":{"self":[{"href":"https:\/\/www.customywear.com\/pl\/wp-json\/wp\/v2\/product\/20312","targetHints":{"allow":["GET"]}}],"collection":[{"href":"https:\/\/www.customywear.com\/pl\/wp-json\/wp\/v2\/product"}],"about":[{"href":"https:\/\/www.customywear.com\/pl\/wp-json\/wp\/v2\/types\/product"}],"replies":[{"embeddable":true,"href":"https:\/\/www.customywear.com\/pl\/wp-json\/wp\/v2\/comments?post=20312"}],"wp:featuredmedia":[{"embeddable":true,"href":"https:\/\/www.customywear.com\/pl\/wp-json\/wp\/v2\/media\/142510"}],"wp:attachment":[{"href":"https:\/\/www.customywear.com\/pl\/wp-json\/wp\/v2\/media?parent=20312"}],"wp:term":[{"taxonomy":"product_brand","embeddable":true,"href":"https:\/\/www.customywear.com\/pl\/wp-json\/wp\/v2\/product_brand?post=20312"},{"taxonomy":"product_cat","embeddable":true,"href":"https:\/\/www.customywear.com\/pl\/wp-json\/wp\/v2\/product_cat?post=20312"},{"taxonomy":"product_tag","embeddable":true,"href":"https:\/\/www.customywear.com\/pl\/wp-json\/wp\/v2\/product_tag?post=20312"}],"curies":[{"name":"wp","href":"https:\/\/api.w.org\/{rel}","templated":true}]}}