{"id":20340,"date":"2023-07-28T13:33:20","date_gmt":"2023-07-28T13:33:20","guid":{"rendered":"https:\/\/www.customywear.com\/?post_type=product&#038;p=20340"},"modified":"2026-05-05T20:23:37","modified_gmt":"2026-05-05T20:23:37","slug":"spersonalizowana-koszulka-z-motylem-do-jogi-dla-kobiet","status":"publish","type":"product","link":"https:\/\/www.customywear.com\/pl\/custom-butterfly-yoga-woman-t-shirt\/","title":{"rendered":"Koszulka z nadrukiem motyla dla kobiet do jogi | Spersonalizowana koszulka inspirowana natur\u0105"},"content":{"rendered":"<p>Podnie\u015b poziom swojej przygody z jog\u0105 dzi\u0119ki naszej koszulce Custom Butterfly Yoga Woman, harmonijnemu po\u0142\u0105czeniu spersonalizowanego kunsztu i spokojnej natury. Zanurz si\u0119 w \u015bwiecie uwa\u017cnego ruchu, gdy uchwyc\u0119 Twoj\u0105 esencj\u0119 w urzekaj\u0105cej pozie jogi, uzupe\u0142nionej o wdzi\u0119czne skrzyd\u0142a motyla po\u015br\u00f3d majestatycznych g\u00f3r. Ta wyj\u0105tkowa koszulka jest \u015bwiadectwem Twojego oddania jodze i mi\u0142o\u015bci do wielkiego \u015bwiata zewn\u0119trznego, pozwalaj\u0105c Ci z dum\u0105 nosi\u0107 swoje pasje.<\/p>\n<p>Wyobra\u017a sobie siebie jako anio\u0142a jogi, wdzi\u0119czne uciele\u015bnienie si\u0142y i spokoju, ozdobione czarem skrzyde\u0142 motyla. Nasi utalentowani arty\u015bci wykorzystuj\u0105 kreatywne mo\u017cliwo\u015bci program\u00f3w Adobe Illustrator i Adobe Photoshop, aby stworzy\u0107 osza\u0142amiaj\u0105cy portret wektorowy, kt\u00f3ry o\u017cywi Twoj\u0105 praktyk\u0119 jogi. Dzi\u0119ki starannemu drukowi DTG \u017cywy projekt zosta\u0142 uwieczniony na wysokiej jako\u015bci koszulce unisex, zapewniaj\u0105c trwa\u0142e po\u0142\u0105czenie mi\u0119dzy Tob\u0105 a pi\u0119knem natury.<\/p>\n<p>Ta spersonalizowana koszulka przekracza granice, trafiaj\u0105c zar\u00f3wno do kobiet, doros\u0142ych, m\u0142odzie\u017cy, dzieci, jak i maluch\u00f3w. Niezale\u017cnie od tego, czy szukasz towarzysza \u0107wicze\u0144, prezentu urodzinowego czy te\u017c dowodu uznania dla kolegi jogina, nasza spersonalizowana koszulka Butterfly Yoga Woman T-Shirt rezonuje na g\u0142\u0119bokim poziomie. Odkryj rado\u015b\u0107 z noszenia sztuki i zapoznaj si\u0119 z nasz\u0105 ofert\u0105 podobnych wzor\u00f3w, z kt\u00f3rych ka\u017cdy oferuje unikalne okno na Twoje pasje, dost\u0119pne zar\u00f3wno dla ludzi, jak i ich ukochanych zwierz\u0105t.<\/p>","protected":false},"excerpt":{"rendered":"<p>Znajd\u017a r\u00f3wnowag\u0119 dzi\u0119ki niestandardowej koszulce Butterfly Yoga Woman. Spersonalizowane koszulki inspirowane natur\u0105 zamieniaj\u0105 ka\u017cde zdj\u0119cie w uspokajaj\u0105cy, jedyny w swoim rodzaju T-shirt.<\/p>","protected":false},"featured_media":143212,"comment_status":"open","ping_status":"closed","template":"","meta":{"_acf_changed":false},"product_brand":[],"product_cat":[6191,6412,6428,6362,6248],"product_tag":[6433,6217,576,326,112,594],"class_list":{"0":"post-20340","1":"product","2":"type-product","3":"status-publish","4":"has-post-thumbnail","6":"product_cat-t-shirts-women","7":"product_cat-photo-to-tees","8":"product_cat-translate-products","9":"product_cat-womens-yoga-t-shirts","10":"product_cat-yoga-gifts","11":"product_tag-ai-artwork","12":"product_tag-custom-t-shirt","13":"product_tag-cute-yoga-shirts","14":"product_tag-sports","15":"product_tag-women","16":"product_tag-yoga_tee_shirt","18":"first","19":"instock","20":"taxable","21":"shipping-taxable","22":"purchasable","23":"product-type-simple"},"acf":[],"wcpa_form_fields":null,"_links":{"self":[{"href":"https:\/\/www.customywear.com\/pl\/wp-json\/wp\/v2\/product\/20340","targetHints":{"allow":["GET"]}}],"collection":[{"href":"https:\/\/www.customywear.com\/pl\/wp-json\/wp\/v2\/product"}],"about":[{"href":"https:\/\/www.customywear.com\/pl\/wp-json\/wp\/v2\/types\/product"}],"replies":[{"embeddable":true,"href":"https:\/\/www.customywear.com\/pl\/wp-json\/wp\/v2\/comments?post=20340"}],"wp:featuredmedia":[{"embeddable":true,"href":"https:\/\/www.customywear.com\/pl\/wp-json\/wp\/v2\/media\/143212"}],"wp:attachment":[{"href":"https:\/\/www.customywear.com\/pl\/wp-json\/wp\/v2\/media?parent=20340"}],"wp:term":[{"taxonomy":"product_brand","embeddable":true,"href":"https:\/\/www.customywear.com\/pl\/wp-json\/wp\/v2\/product_brand?post=20340"},{"taxonomy":"product_cat","embeddable":true,"href":"https:\/\/www.customywear.com\/pl\/wp-json\/wp\/v2\/product_cat?post=20340"},{"taxonomy":"product_tag","embeddable":true,"href":"https:\/\/www.customywear.com\/pl\/wp-json\/wp\/v2\/product_tag?post=20340"}],"curies":[{"name":"wp","href":"https:\/\/api.w.org\/{rel}","templated":true}]}}