{"id":20348,"date":"2023-07-28T13:33:48","date_gmt":"2023-07-28T13:33:48","guid":{"rendered":"https:\/\/www.customywear.com\/?post_type=product&#038;p=20348"},"modified":"2026-05-07T15:29:58","modified_gmt":"2026-05-07T15:29:58","slug":"niestandardowa-koszulka-jaskiniowca-dziewczyny","status":"publish","type":"product","link":"https:\/\/www.customywear.com\/pl\/custom-caveman-girl-shirt\/","title":{"rendered":"Koszulka Caveman Girl na zam\u00f3wienie | Spersonalizowana koszulka dla dzieci Ancient Black"},"content":{"rendered":"<p>Przenie\u015b si\u0119 w przesz\u0142o\u015b\u0107 z nasz\u0105 koszulk\u0105 Custom Caveman Girl, zabawn\u0105 i spersonalizowan\u0105 od\u0105 do staro\u017cytno\u015bci. Zanurz swoje dziecko w \u015bwiecie wyobra\u017ani, gdy tworzymy wektorow\u0105 sztuk\u0119 portretow\u0105 ze zdj\u0119cia Twojego dziecka, przekszta\u0142caj\u0105c je w staro\u017cytnego jaskiniowca z odrobin\u0105 humoru. Ta kreatywna m\u0142odzie\u017cowa koszulka to co\u015b wi\u0119cej ni\u017c ubranie; to zachwycaj\u0105cy i zabawny prezent, kt\u00f3ry celebruje m\u0142odzie\u0144cz\u0105 rado\u015b\u0107. Wyobra\u017a sobie swoje dziecko jako ma\u0142ego podr\u00f3\u017cnika z minionej epoki, o staro\u017cytnym wygl\u0105dzie, kt\u00f3ry rozpala \u015bmiech i ciekawo\u015b\u0107. Nasi utalentowani arty\u015bci wykorzystuj\u0105 artystyczne umiej\u0119tno\u015bci Adobe Illustrator i Adobe Photoshop, aby stworzy\u0107 wizualnie urzekaj\u0105ce przedstawienie, kt\u00f3re \u0142\u0105czy histori\u0119 z humorem. Dzi\u0119ki starannemu drukowi DTG ta wysokiej jako\u015bci koszulka unisex staje si\u0119 p\u0142\u00f3tnem kreatywno\u015bci i rado\u015bci, zapewniaj\u0105c trwa\u0142\u0105 wi\u0119\u017a mi\u0119dzy Twoim dzieckiem a jego spersonalizowanym arcydzie\u0142em. Prze\u017cyj rado\u015b\u0107 personalizacji dzi\u0119ki dost\u0119pnym rozmiarom dla m\u0142odzie\u017cy, dzieci i maluch\u00f3w, dzi\u0119ki czemu ta koszulka jest idealnym prezentem dla m\u0142odych entuzjast\u00f3w humoru. Zanurz si\u0119 w \u015bwiecie sztuki u\u017cytkowej i odkryj szereg podobnych projekt\u00f3w, kt\u00f3re oddaj\u0105 ducha zabawy i kreatywno\u015bci, wszystkie z mo\u017cliwo\u015bci\u0105 personalizacji zar\u00f3wno ludzkimi, jak i zwierz\u0119cymi twarzami. Pobud\u017a wyobra\u017ani\u0119 swojego dziecka i podziel si\u0119 \u015bmiechem dzi\u0119ki spersonalizowanej koszulce, kt\u00f3ra oddaje istot\u0119 m\u0142odzie\u0144czego zachwytu i beztroski.<\/p>","protected":false},"excerpt":{"rendered":"<p>Cofnij si\u0119 w czasie z niestandardow\u0105 koszulk\u0105 dla dziewczynki jaskiniowej. Spersonalizowana koszulka ze staro\u017cytnych czarnych dzieci zamienia ka\u017cde zdj\u0119cie w zabawn\u0105, niestandardow\u0105 koszulk\u0119 o tematyce prehistorycznej.<\/p>","protected":false},"featured_media":142616,"comment_status":"open","ping_status":"closed","template":"","meta":{"_acf_changed":false},"product_brand":[],"product_cat":[6193,691,6412,6428],"product_tag":[6433,6439,694,65,67,156],"class_list":{"0":"post-20348","1":"product","2":"type-product","3":"status-publish","4":"has-post-thumbnail","6":"product_cat-girls-t-shirts","7":"product_cat-custom-gifts-caveman","8":"product_cat-photo-to-tees","9":"product_cat-translate-products","10":"product_tag-ai-artwork","11":"product_tag-ai-kids-artwork","12":"product_tag-children_birthday","13":"product_tag-kid","14":"product_tag-kids_birthday_shirt","15":"product_tag-youth-girl","17":"first","18":"instock","19":"taxable","20":"shipping-taxable","21":"purchasable","22":"product-type-simple"},"acf":[],"wcpa_form_fields":null,"_links":{"self":[{"href":"https:\/\/www.customywear.com\/pl\/wp-json\/wp\/v2\/product\/20348","targetHints":{"allow":["GET"]}}],"collection":[{"href":"https:\/\/www.customywear.com\/pl\/wp-json\/wp\/v2\/product"}],"about":[{"href":"https:\/\/www.customywear.com\/pl\/wp-json\/wp\/v2\/types\/product"}],"replies":[{"embeddable":true,"href":"https:\/\/www.customywear.com\/pl\/wp-json\/wp\/v2\/comments?post=20348"}],"wp:featuredmedia":[{"embeddable":true,"href":"https:\/\/www.customywear.com\/pl\/wp-json\/wp\/v2\/media\/142616"}],"wp:attachment":[{"href":"https:\/\/www.customywear.com\/pl\/wp-json\/wp\/v2\/media?parent=20348"}],"wp:term":[{"taxonomy":"product_brand","embeddable":true,"href":"https:\/\/www.customywear.com\/pl\/wp-json\/wp\/v2\/product_brand?post=20348"},{"taxonomy":"product_cat","embeddable":true,"href":"https:\/\/www.customywear.com\/pl\/wp-json\/wp\/v2\/product_cat?post=20348"},{"taxonomy":"product_tag","embeddable":true,"href":"https:\/\/www.customywear.com\/pl\/wp-json\/wp\/v2\/product_tag?post=20348"}],"curies":[{"name":"wp","href":"https:\/\/api.w.org\/{rel}","templated":true}]}}