{"id":20350,"date":"2023-07-28T13:34:00","date_gmt":"2023-07-28T13:34:00","guid":{"rendered":"https:\/\/www.customywear.com\/?post_type=product&#038;p=20350"},"modified":"2026-05-07T15:29:56","modified_gmt":"2026-05-07T15:29:56","slug":"niestandardowa-koszulka-jaskiniowca-dla-chlopcow","status":"publish","type":"product","link":"https:\/\/www.customywear.com\/pl\/custom-caveman-youth-boy-shirt\/","title":{"rendered":"Spersonalizowana koszulka dla ch\u0142opc\u00f3w Caveman Youth | Spersonalizowana staro\u017cytna afryka\u0144ska koszulka dla dzieci"},"content":{"rendered":"<p>Przenie\u015b si\u0119 w przesz\u0142o\u015b\u0107 z nasz\u0105 koszulk\u0105 Custom Caveman Youth Boy Shirt, zabawnym i spersonalizowanym \u015bwi\u0119towaniem staro\u017cytnych czas\u00f3w. Przenie\u015b swoje dziecko do krainy wyobra\u017ani, gdy tworzymy wektorow\u0105 sztuk\u0119 portretow\u0105 ze zdj\u0119cia Twojego dziecka, przekszta\u0142caj\u0105c je w uroczego staro\u017cytnego jaskiniowca. Ta kreatywna m\u0142odzie\u017cowa koszulka to co\u015b wi\u0119cej ni\u017c ubranie; to zachwycaj\u0105cy i zabawny prezent, kt\u00f3ry oddaje ducha m\u0142odzie\u0144czej ciekawo\u015bci. Wyobra\u017a sobie swoje dziecko jako m\u0142odego jaskiniowca pe\u0142nego przyg\u00f3d, emanuj\u0105cego urokiem i humorem staro\u017cytnych czas\u00f3w, o\u017cywionego dzi\u0119ki artystycznej finezji Adobe Illustrator i Adobe Photoshop. Nasi wykwalifikowani projektanci skrupulatnie opracowuj\u0105 ka\u017cdy element, co skutkuje wizualnie urzekaj\u0105cym przedstawieniem, kt\u00f3re uciele\u015bnia istot\u0119 zabawnej eksploracji. Dzi\u0119ki starannemu drukowi DTG ta wysokiej jako\u015bci koszulka unisex staje si\u0119 p\u0142\u00f3tnem rado\u015bci i \u015bmiechu, zapewniaj\u0105c trwa\u0142\u0105 wi\u0119\u017a mi\u0119dzy Twoim dzieckiem a jego spersonalizowanym arcydzie\u0142em. Do\u015bwiadcz rado\u015bci personalizacji dzi\u0119ki dost\u0119pnym rozmiarom dla m\u0142odzie\u017cy, dzieci i maluch\u00f3w, dzi\u0119ki czemu ta koszulka jest idealnym prezentem dla m\u0142odych poszukiwaczy przyg\u00f3d i mi\u0142o\u015bnik\u00f3w historii. Zanurz si\u0119 w \u015bwiecie sztuki u\u017cytkowej i odkryj szereg podobnych projekt\u00f3w, kt\u00f3re oddaj\u0105 ducha zabawy i kreatywno\u015bci, wszystkie z mo\u017cliwo\u015bci\u0105 personalizacji zar\u00f3wno ludzkimi, jak i zwierz\u0119cymi twarzami. Pobud\u017a wyobra\u017ani\u0119 swojego dziecka i podziel si\u0119 \u015bmiechem dzi\u0119ki spersonalizowanej koszulce, kt\u00f3ra oddaje istot\u0119 m\u0142odzie\u0144czego zachwytu i beztroski.<\/p>","protected":false},"excerpt":{"rendered":"<p>O\u017cyw histori\u0119 dzi\u0119ki niestandardowej koszulce ch\u0142opi\u0119cej Caveman Youth. Nasza spersonalizowana koszulka ze staro\u017cytnego afryka\u0144skiego dzieciaka przekszta\u0142ca ka\u017cde zdj\u0119cie w wyj\u0105tkow\u0105, niestandardow\u0105 koszulk\u0119 o tematyce staro\u017cytnej.<\/p>","protected":false},"featured_media":142609,"comment_status":"open","ping_status":"closed","template":"","meta":{"_acf_changed":false},"product_brand":[],"product_cat":[6189,691,6412,6428],"product_tag":[6433,6439,694,65,67,73],"class_list":{"0":"post-20350","1":"product","2":"type-product","3":"status-publish","4":"has-post-thumbnail","6":"product_cat-boys-t-shirts","7":"product_cat-custom-gifts-caveman","8":"product_cat-photo-to-tees","9":"product_cat-translate-products","10":"product_tag-ai-artwork","11":"product_tag-ai-kids-artwork","12":"product_tag-children_birthday","13":"product_tag-kid","14":"product_tag-kids_birthday_shirt","15":"product_tag-youth-boy","17":"first","18":"instock","19":"taxable","20":"shipping-taxable","21":"purchasable","22":"product-type-simple"},"acf":[],"wcpa_form_fields":null,"_links":{"self":[{"href":"https:\/\/www.customywear.com\/pl\/wp-json\/wp\/v2\/product\/20350","targetHints":{"allow":["GET"]}}],"collection":[{"href":"https:\/\/www.customywear.com\/pl\/wp-json\/wp\/v2\/product"}],"about":[{"href":"https:\/\/www.customywear.com\/pl\/wp-json\/wp\/v2\/types\/product"}],"replies":[{"embeddable":true,"href":"https:\/\/www.customywear.com\/pl\/wp-json\/wp\/v2\/comments?post=20350"}],"wp:featuredmedia":[{"embeddable":true,"href":"https:\/\/www.customywear.com\/pl\/wp-json\/wp\/v2\/media\/142609"}],"wp:attachment":[{"href":"https:\/\/www.customywear.com\/pl\/wp-json\/wp\/v2\/media?parent=20350"}],"wp:term":[{"taxonomy":"product_brand","embeddable":true,"href":"https:\/\/www.customywear.com\/pl\/wp-json\/wp\/v2\/product_brand?post=20350"},{"taxonomy":"product_cat","embeddable":true,"href":"https:\/\/www.customywear.com\/pl\/wp-json\/wp\/v2\/product_cat?post=20350"},{"taxonomy":"product_tag","embeddable":true,"href":"https:\/\/www.customywear.com\/pl\/wp-json\/wp\/v2\/product_tag?post=20350"}],"curies":[{"name":"wp","href":"https:\/\/api.w.org\/{rel}","templated":true}]}}