{"id":20352,"date":"2023-07-28T13:34:06","date_gmt":"2023-07-28T13:34:06","guid":{"rendered":"https:\/\/www.customywear.com\/?post_type=product&#038;p=20352"},"modified":"2026-05-05T20:24:12","modified_gmt":"2026-05-05T20:24:12","slug":"niestandardowa-chinska-meska-koszula","status":"publish","type":"product","link":"https:\/\/www.customywear.com\/pl\/custom-chinese-dressed-men-shirt\/","title":{"rendered":"Spersonalizowana koszula m\u0119ska w chi\u0144skim stroju | Spersonalizowana koszulka w tradycyjnym stroju"},"content":{"rendered":"<p>Wkrocz do \u015bwiata kultury i humoru z nasz\u0105 koszulk\u0105 Custom Chinese Dressed Men Shirt, spersonalizowanym ho\u0142dem dla tradycji i kreatywno\u015bci. Prze\u017cyj rado\u015b\u0107 stawania si\u0119 cz\u0119\u015bci\u0105 historii, gdy przekszta\u0142cimy Twoje zdj\u0119cie w urzekaj\u0105cy portret wektorowy, przedstawiaj\u0105cy Ci\u0119 w tradycyjnej chi\u0144skiej sukience. Ta spersonalizowana koszulka to co\u015b wi\u0119cej ni\u017c ubranie; to \u015bwi\u0119towanie eksploracji kulturowej i wyj\u0105tkowy prezent, kt\u00f3ry \u0142\u0105czy tradycj\u0119 z nowoczesnym humorem. Wyobra\u017a sobie siebie zak\u0142adaj\u0105cego tradycyjn\u0105 chi\u0144sk\u0105 sukienk\u0119, p\u0142ynnie \u0142\u0105cz\u0105cego elegancj\u0119 przesz\u0142o\u015bci z zabaw\u0105 tera\u017aniejszo\u015bci, o\u017cywion\u0105 dzi\u0119ki artystycznemu kunsztowi program\u00f3w Adobe Illustrator i Adobe Photoshop. Nasi wykwalifikowani projektanci skrupulatnie dopracowuj\u0105 ka\u017cdy szczeg\u00f3\u0142, co skutkuje wizualnie osza\u0142amiaj\u0105cym i beztroskim przedstawieniem, kt\u00f3re uchwyca istot\u0119 kulturowej fuzji. \u200b\u200bDzi\u0119ki starannemu drukowi DTG ta wysokiej jako\u015bci koszulka unisex staje si\u0119 p\u0142\u00f3tnem samoekspresji, zapewniaj\u0105c trwa\u0142e po\u0142\u0105czenie mi\u0119dzy Tob\u0105 a Twoim spersonalizowanym arcydzie\u0142em. Prze\u017cyj rado\u015b\u0107 personalizacji dzi\u0119ki dost\u0119pnym rozmiarom dla doros\u0142ych, m\u0142odzie\u017cy, dzieci i maluch\u00f3w, dzi\u0119ki czemu ta koszulka jest idealnym prezentem dla tych, kt\u00f3rzy ceni\u0105 tradycj\u0119 i dobry \u015bmiech. Zanurz si\u0119 w \u015bwiecie sztuki u\u017cytkowej i odkryj szereg podobnych projekt\u00f3w, kt\u00f3re celebruj\u0105 kultur\u0119 i kreatywno\u015b\u0107, wszystkie z mo\u017cliwo\u015bci\u0105 personalizacji zar\u00f3wno ludzkimi, jak i zwierz\u0119cymi twarzami. U\u015bwiadom sobie swoje dziedzictwo dzi\u0119ki spersonalizowanej koszulce, kt\u00f3ra pi\u0119knie oddaje ducha tradycji i nowoczesnej ekspresji.<\/p>","protected":false},"excerpt":{"rendered":"<p>\u015awi\u0119tuj kultur\u0119 za pomoc\u0105 niestandardowej chi\u0144skiej koszuli ubranej m\u0119skiej. Spersonalizowana koszulka z tradycyjn\u0105 sukienk\u0105 zamienia ka\u017cde zdj\u0119cie w niepowtarzaln\u0105 koszulk\u0119 inspirowan\u0105 kultur\u0105.<\/p>","protected":false},"featured_media":142623,"comment_status":"open","ping_status":"closed","template":"","meta":{"_acf_changed":false},"product_brand":[],"product_cat":[6195,6157,6156,703,186,6345,6412,6428],"product_tag":[6433,6216,6219,6220],"class_list":{"0":"post-20352","1":"product","2":"type-product","3":"status-publish","4":"has-post-thumbnail","6":"product_cat-t-shirts-men","7":"product_cat-country","8":"product_cat-culture","9":"product_cat-custom-gifts-chinese-tradition","10":"product_cat-men","11":"product_cat-mens-country-culture-t-shirts","12":"product_cat-photo-to-tees","13":"product_cat-translate-products","14":"product_tag-ai-artwork","15":"product_tag-mens-custom-t-shirts","16":"product_tag-order-custom-shirts","17":"product_tag-t-shirt-printing-near-me","19":"first","20":"instock","21":"taxable","22":"shipping-taxable","23":"purchasable","24":"product-type-simple"},"acf":[],"wcpa_form_fields":null,"_links":{"self":[{"href":"https:\/\/www.customywear.com\/pl\/wp-json\/wp\/v2\/product\/20352","targetHints":{"allow":["GET"]}}],"collection":[{"href":"https:\/\/www.customywear.com\/pl\/wp-json\/wp\/v2\/product"}],"about":[{"href":"https:\/\/www.customywear.com\/pl\/wp-json\/wp\/v2\/types\/product"}],"replies":[{"embeddable":true,"href":"https:\/\/www.customywear.com\/pl\/wp-json\/wp\/v2\/comments?post=20352"}],"wp:featuredmedia":[{"embeddable":true,"href":"https:\/\/www.customywear.com\/pl\/wp-json\/wp\/v2\/media\/142623"}],"wp:attachment":[{"href":"https:\/\/www.customywear.com\/pl\/wp-json\/wp\/v2\/media?parent=20352"}],"wp:term":[{"taxonomy":"product_brand","embeddable":true,"href":"https:\/\/www.customywear.com\/pl\/wp-json\/wp\/v2\/product_brand?post=20352"},{"taxonomy":"product_cat","embeddable":true,"href":"https:\/\/www.customywear.com\/pl\/wp-json\/wp\/v2\/product_cat?post=20352"},{"taxonomy":"product_tag","embeddable":true,"href":"https:\/\/www.customywear.com\/pl\/wp-json\/wp\/v2\/product_tag?post=20352"}],"curies":[{"name":"wp","href":"https:\/\/api.w.org\/{rel}","templated":true}]}}