{"id":20394,"date":"2023-07-28T13:34:40","date_gmt":"2023-07-28T13:34:40","guid":{"rendered":"https:\/\/www.customywear.com\/?post_type=product&#038;p=20394"},"modified":"2026-05-05T20:23:37","modified_gmt":"2026-05-05T20:23:37","slug":"niestandardowa-koszulka-kosmiczna-ufo","status":"publish","type":"product","link":"https:\/\/www.customywear.com\/pl\/custom-alien-ufo-space-tee\/","title":{"rendered":"Spersonalizowana koszulka kosmiczna Alien UFO: Spersonalizowana koszulka z portretem UFO"},"content":{"rendered":"<p>Rozpal swoj\u0105 ciekawo\u015b\u0107 dzi\u0119ki naszej kolekcji koszulek z nadrukiem Alien \u2013 po\u0142\u0105czeniu nauki, kosmosu i spersonalizowanego stylu. Nasze projekty koszulek z d\u0142ugim r\u0119kawem i kr\u00f3tkim r\u0119kawem typu unisex przenosz\u0105 Ci\u0119 do pozaziemskiego kr\u00f3lestwa, wykorzystuj\u0105c Twoje zdj\u0119cie do stworzenia urzekaj\u0105cej sztuki portretowej w formacie wektorowym, kt\u00f3ra przemienia Ci\u0119 w istot\u0119 z innego \u015bwiata. Ta spersonalizowana koszulka to nie tylko element ubioru; to brama do kosmicznej eksploracji, zaprojektowana tak, aby wywo\u0142ywa\u0107 u\u015bmiechy i zachwyt. Wyrusz w podr\u00f3\u017c transformacji, obejmuj\u0105c swojego wewn\u0119trznego kosmit\u0119, gotowego do wyra\u017cenia siebie, kt\u00f3re przeczy zwyczajno\u015bci. Ta spersonalizowana koszulka to idealny prezent, kt\u00f3ry wywo\u0142a rozmowy i rozpali \u015bmiech, oddaj\u0105c fascynacj\u0119 zar\u00f3wno doros\u0142ych, jak i dzieci. Od maluch\u00f3w po doros\u0142ych, nasza kolekcja o\u017cywia science fiction w projekcie unisex, kt\u00f3ry zaprasza ka\u017cdego do dzielenia si\u0119 kosmicznym do\u015bwiadczeniem. Stworzone z dba\u0142o\u015bci\u0105 o szczeg\u00f3\u0142y, wykorzystujemy moc program\u00f3w Adobe Illustrator i Adobe Photoshop, aby o\u017cywi\u0107 Twoje zdj\u0119cie jako dzie\u0142o wysokiej jako\u015bci sztuki wektorowej. Ka\u017cdy poci\u0105gni\u0119\u0107 p\u0119dzla i ka\u017cdy piksel to \u015bwiadectwo naszego zaanga\u017cowania w doskona\u0142o\u015b\u0107. Dzi\u0119ki technologii druku DTG nasze koszulki staj\u0105 si\u0119 p\u0142\u00f3tnami ekspresji, kt\u00f3re odpowiadaj\u0105 osobom w ka\u017cdym wieku. Niezale\u017cnie od tego, czy wyra\u017casz swoj\u0105 wyj\u0105tkowo\u015b\u0107, czy dzielisz si\u0119 zabawn\u0105 niespodziank\u0105 z bliskimi, nasza kolekcja koszulek Custom Alien jest idealnym ho\u0142dem dla wyobra\u017ani, humoru i nieograniczonych mo\u017cliwo\u015bci wszech\u015bwiata.<\/p>","protected":false},"excerpt":{"rendered":"<p>Explore space with a Custom Alien UFO Space Shirt. Nasza spersonalizowana koszulka portretowa UFO przekszta\u0142ca ka\u017cde zdj\u0119cie w wyj\u0105tkow\u0105, pozaziemsk\u0105 koszulk\u0119 z motywem pozaziemskim.<\/p>","protected":false},"featured_media":142393,"comment_status":"open","ping_status":"closed","template":"","meta":{"_acf_changed":false},"product_brand":[],"product_cat":[6191,113,6412,6428],"product_tag":[6433,136,137,138,141,112],"class_list":{"0":"post-20394","1":"product","2":"type-product","3":"status-publish","4":"has-post-thumbnail","6":"product_cat-t-shirts-women","7":"product_cat-custom-gifts-alien-shirts","8":"product_cat-photo-to-tees","9":"product_cat-translate-products","10":"product_tag-ai-artwork","11":"product_tag-science_shirt","12":"product_tag-space_shirt","13":"product_tag-t-shirt-ufo","14":"product_tag-ufo-shirt","15":"product_tag-women","17":"first","18":"instock","19":"taxable","20":"shipping-taxable","21":"purchasable","22":"product-type-simple"},"acf":[],"wcpa_form_fields":null,"_links":{"self":[{"href":"https:\/\/www.customywear.com\/pl\/wp-json\/wp\/v2\/product\/20394","targetHints":{"allow":["GET"]}}],"collection":[{"href":"https:\/\/www.customywear.com\/pl\/wp-json\/wp\/v2\/product"}],"about":[{"href":"https:\/\/www.customywear.com\/pl\/wp-json\/wp\/v2\/types\/product"}],"replies":[{"embeddable":true,"href":"https:\/\/www.customywear.com\/pl\/wp-json\/wp\/v2\/comments?post=20394"}],"wp:featuredmedia":[{"embeddable":true,"href":"https:\/\/www.customywear.com\/pl\/wp-json\/wp\/v2\/media\/142393"}],"wp:attachment":[{"href":"https:\/\/www.customywear.com\/pl\/wp-json\/wp\/v2\/media?parent=20394"}],"wp:term":[{"taxonomy":"product_brand","embeddable":true,"href":"https:\/\/www.customywear.com\/pl\/wp-json\/wp\/v2\/product_brand?post=20394"},{"taxonomy":"product_cat","embeddable":true,"href":"https:\/\/www.customywear.com\/pl\/wp-json\/wp\/v2\/product_cat?post=20394"},{"taxonomy":"product_tag","embeddable":true,"href":"https:\/\/www.customywear.com\/pl\/wp-json\/wp\/v2\/product_tag?post=20394"}],"curies":[{"name":"wp","href":"https:\/\/api.w.org\/{rel}","templated":true}]}}