{"id":20410,"date":"2023-07-28T13:34:58","date_gmt":"2023-07-28T13:34:58","guid":{"rendered":"https:\/\/www.customywear.com\/?post_type=product&#038;p=20410"},"modified":"2026-05-05T20:24:12","modified_gmt":"2026-05-05T20:24:12","slug":"niestandardowa-artystyczna-koszulka-z-nadrukiem-miesni-kulturystow","status":"publish","type":"product","link":"https:\/\/www.customywear.com\/pl\/custom-artistic-muscle-tee-bodybuilders\/","title":{"rendered":"Spersonalizowana artystyczna koszulka Muscle Tee dla kulturyst\u00f3w \u2013 spersonalizowana koszulka gimnastyczna"},"content":{"rendered":"<p>Odkryj swoj\u0105 pasj\u0119 do kulturystyki dzi\u0119ki naszym <strong>Niestandardowa artystyczna koszulka z nadrukiem Muscle Tee<\/strong> \u2013 wyj\u0105tkowe arcydzie\u0142o, kt\u00f3re przekszta\u0142ca Twoje zdj\u0119cie w osza\u0142amiaj\u0105cy ho\u0142d dla Twojej muskularnej sprawno\u015bci. Nasi wykwalifikowani arty\u015bci fachowo tworz\u0105 karykatur\u0119 Twojej sylwetki, wzmacniaj\u0105c Twoje mi\u0119\u015bnie, aby stworzy\u0107 uderzaj\u0105cy obraz na tej spersonalizowanej koszulce. Zaprojektowana, aby rezonowa\u0107 z entuzjastami si\u0142owni i wielbicielami \u0107wicze\u0144, ta dowcipna i wyj\u0105tkowa koszulka dodaje dawk\u0119 humoru do Twojego programu fitness. Odkryj swoj\u0105 wewn\u0119trzn\u0105 si\u0142\u0119 i przyci\u0105gnij uwag\u0119 dzi\u0119ki tej spersonalizowanej koszulce gimnastycznej, kt\u00f3ra celebruje Twoje zaanga\u017cowanie w kulturystyk\u0119.<\/p>\n<p>Dopasowane do os\u00f3b w ka\u017cdym wieku, od doros\u0142ych po m\u0142odzie\u017c, dzieci i maluchy, te unisexowe koszulki typu muscle tee s\u0105 przeznaczone dla zr\u00f3\u017cnicowanej grupy os\u00f3b, kt\u00f3ra znajduje ukojenie na si\u0142owni. Nasi do\u015bwiadczeni rzemie\u015blnicy wykorzystuj\u0105 kreatywn\u0105 moc program\u00f3w Adobe Illustrator i Adobe Photoshop, co skutkuje projektami, kt\u00f3re celebruj\u0105 po\u015bwi\u0119cenie i inspiruj\u0105 kole\u017ce\u0144stwo. Dzi\u0119ki zaawansowanej technologii druku DTG ka\u017cda koszulka staje si\u0119 p\u0142\u00f3tnem dla wysokiej jako\u015bci grafiki wektorowej, kt\u00f3ra przekazuje Twoje zaanga\u017cowanie w si\u0142\u0119.<\/p>\n<p>Personalizacja jest sercem tego projektu, pozwalaj\u0105c na w\u0142\u0105czenie twarzy ukochanych os\u00f3b, zar\u00f3wno ludzkich, jak i futrzanych, aby stworzy\u0107 naprawd\u0119 wyj\u0105tkowy ubi\u00f3r. Te koszule wykraczaj\u0105 poza zwyk\u0142e ubranie, uciele\u015bniaj\u0105c podziw, determinacj\u0119 i podr\u00f3\u017c samodoskonalenia. Zanurz si\u0119 w naszej ofercie powi\u0105zanych projekt\u00f3w, z kt\u00f3rych ka\u017cdy opowiada wyj\u0105tkow\u0105 histori\u0119, i pozw\u00f3l, aby Tw\u00f3j ubi\u00f3r sta\u0142 si\u0119 reprezentacj\u0105 Twojej dumy, mi\u0142o\u015bci do fitnessu i po\u015bwi\u0119cenia dla budowania silnej sylwetki.<\/p>","protected":false},"excerpt":{"rendered":"<p>Poka\u017c si\u0142\u0119 dzi\u0119ki niestandardowej koszulce z mi\u0119\u015bniami artystycznymi dla kulturyst\u00f3w. Spersonalizowane koszulki gimnastyczne zamieniaj\u0105 ka\u017cde zdj\u0119cie w wyj\u0105tkow\u0105, odwa\u017cn\u0105 koszulk\u0119 fitness.<\/p>","protected":false},"featured_media":143233,"comment_status":"open","ping_status":"closed","template":"","meta":{"_acf_changed":false},"product_brand":[],"product_cat":[6195,157,526,186,6337,1044,6412,1045,6428],"product_tag":[6433,6217,6165,546,6216,1106],"class_list":{"0":"post-20410","1":"product","2":"type-product","3":"status-publish","4":"has-post-thumbnail","6":"product_cat-t-shirts-men","7":"product_cat-best-sellers","8":"product_cat-gym-shirts","9":"product_cat-men","10":"product_cat-mens-gym-t-shirts","11":"product_cat-on-sale","12":"product_cat-photo-to-tees","13":"product_cat-retirement","14":"product_cat-translate-products","15":"product_tag-ai-artwork","16":"product_tag-custom-t-shirt","17":"product_tag-custom-gym-tees","18":"product_tag-gym","19":"product_tag-mens-custom-t-shirts","20":"product_tag-retirement","22":"first","23":"instock","24":"taxable","25":"shipping-taxable","26":"purchasable","27":"product-type-simple"},"acf":[],"wcpa_form_fields":null,"_links":{"self":[{"href":"https:\/\/www.customywear.com\/pl\/wp-json\/wp\/v2\/product\/20410","targetHints":{"allow":["GET"]}}],"collection":[{"href":"https:\/\/www.customywear.com\/pl\/wp-json\/wp\/v2\/product"}],"about":[{"href":"https:\/\/www.customywear.com\/pl\/wp-json\/wp\/v2\/types\/product"}],"replies":[{"embeddable":true,"href":"https:\/\/www.customywear.com\/pl\/wp-json\/wp\/v2\/comments?post=20410"}],"wp:featuredmedia":[{"embeddable":true,"href":"https:\/\/www.customywear.com\/pl\/wp-json\/wp\/v2\/media\/143233"}],"wp:attachment":[{"href":"https:\/\/www.customywear.com\/pl\/wp-json\/wp\/v2\/media?parent=20410"}],"wp:term":[{"taxonomy":"product_brand","embeddable":true,"href":"https:\/\/www.customywear.com\/pl\/wp-json\/wp\/v2\/product_brand?post=20410"},{"taxonomy":"product_cat","embeddable":true,"href":"https:\/\/www.customywear.com\/pl\/wp-json\/wp\/v2\/product_cat?post=20410"},{"taxonomy":"product_tag","embeddable":true,"href":"https:\/\/www.customywear.com\/pl\/wp-json\/wp\/v2\/product_tag?post=20410"}],"curies":[{"name":"wp","href":"https:\/\/api.w.org\/{rel}","templated":true}]}}