{"id":20417,"date":"2023-07-28T13:35:04","date_gmt":"2023-07-28T13:35:04","guid":{"rendered":"https:\/\/www.customywear.com\/?post_type=product&#038;p=20417"},"modified":"2026-05-16T11:13:02","modified_gmt":"2026-05-16T11:13:02","slug":"niestandardowa-koszulka-astronauta-obcy-naukowiec","status":"publish","type":"product","link":"https:\/\/www.customywear.com\/pl\/custom-astronaut-alien-science-shirt\/","title":{"rendered":"Koszulka astronauty na zam\u00f3wienie \u2013 spersonalizowana koszulka z motywem naukowym kosmit\u00f3w dla niego"},"content":{"rendered":"<p>Przedstawiamy nasze <strong>Koszulka astronauty na zam\u00f3wienie<\/strong> \u2013 kosmiczne p\u0142\u00f3tno indywidualno\u015bci i eksploracji, zaprojektowane dla tych, kt\u00f3rzy fascynuj\u0105 si\u0119 kosmosem i nieznanym. Dost\u0119pne zar\u00f3wno w wersji unisex z d\u0142ugim r\u0119kawem, jak i kr\u00f3tkim r\u0119kawem, to innowacyjne dzie\u0142o przekszta\u0142ca Twoje zdj\u0119cie w urzekaj\u0105cy portret wektorowy, kt\u00f3ry umieszcza Ci\u0119 po\u015br\u00f3d nieziemskiego krajobrazu jako nieustraszonego astronaut\u0119. Ta spersonalizowana koszulka wykracza poza zwyk\u0142e ubranie; jest uciele\u015bnieniem inspiracji, co czyni j\u0105 wyj\u0105tkowym prezentem dla os\u00f3b zafascynowanych cudami kosmosu i nauki. Stworzone tak, aby rezonowa\u0107 ze wszystkimi grupami wiekowymi, od doros\u0142ych po m\u0142odzie\u017c, dzieci i maluchy, te koszulki s\u0105 ho\u0142dem dla ciekawych umys\u0142\u00f3w i nieograniczonej eksploracji, kt\u00f3ra podsyca naukow\u0105 ciekawo\u015b\u0107. Nasi wykwalifikowani rzemie\u015blnicy wykorzystuj\u0105 kreatywn\u0105 moc Adobe Illustrator i Adobe Photoshop, aby tworzy\u0107 projekty, kt\u00f3re pobudzaj\u0105 wyobra\u017ani\u0119 i rozpalaj\u0105 pasj\u0119 do kosmicznych odkry\u0107. Wykorzystuj\u0105c zaawansowan\u0105 technologi\u0119 druku DTG, ka\u017cda koszulka staje si\u0119 p\u0142\u00f3tnem dla wysokiej jako\u015bci grafiki wektorowej, kt\u00f3ra uchwyca istot\u0119 Twoich marze\u0144 inspirowanych kosmosem. Podstaw\u0105 tego projektu jest personalizacja, pozwalaj\u0105ca na w\u0142\u0105czenie Twojej twarzy \u2013 a nawet twarzy Twoich ukochanych zwierz\u0105t \u2013 w celu stworzenia naprawd\u0119 wyj\u0105tkowego stroju. Te koszulki to co\u015b wi\u0119cej ni\u017c tylko ubranie; to \u015bwiadectwo Twojej wyj\u0105tkowej perspektywy, aspiracji i pragnienia eksploracji poza granicami. Odkryj nasz\u0105 gam\u0119 powi\u0105zanych projekt\u00f3w, z kt\u00f3rych ka\u017cdy opowiada wyj\u0105tkow\u0105 histori\u0119, i pozw\u00f3l, aby Tw\u00f3j str\u00f3j sta\u0142 si\u0119 reprezentacj\u0105 Twojego podziwu dla astronaut\u00f3w, zagadki kosmosu i d\u0105\u017cenia do wiedzy.<\/p>","protected":false},"excerpt":{"rendered":"<p>Wystrzel z niestandardowej koszuli astronaut\u00f3w. Spersonalizowana koszulka z kosmit\u00f3w zamienia ka\u017cde zdj\u0119cie w zabawn\u0105, niestandardow\u0105 koszulk\u0119 o tematyce kosmicznej.<\/p>","protected":false},"featured_media":142489,"comment_status":"open","ping_status":"closed","template":"","meta":{"_acf_changed":false},"product_brand":[],"product_cat":[6195,157,248,186,6341,6412,219,1045,6428],"product_tag":[6433,249,6216,6442],"class_list":{"0":"post-20417","1":"product","2":"type-product","3":"status-publish","4":"has-post-thumbnail","6":"product_cat-t-shirts-men","7":"product_cat-best-sellers","8":"product_cat-custom-gifts-astronauts","9":"product_cat-men","10":"product_cat-mens-profession-t-shirts","11":"product_cat-photo-to-tees","12":"product_cat-profession","13":"product_cat-retirement","14":"product_cat-translate-products","15":"product_tag-ai-artwork","16":"product_tag-astronaut-tees","17":"product_tag-mens-custom-t-shirts","18":"product_tag-top-artwork","20":"first","21":"instock","22":"taxable","23":"shipping-taxable","24":"purchasable","25":"product-type-simple"},"acf":[],"wcpa_form_fields":null,"_links":{"self":[{"href":"https:\/\/www.customywear.com\/pl\/wp-json\/wp\/v2\/product\/20417","targetHints":{"allow":["GET"]}}],"collection":[{"href":"https:\/\/www.customywear.com\/pl\/wp-json\/wp\/v2\/product"}],"about":[{"href":"https:\/\/www.customywear.com\/pl\/wp-json\/wp\/v2\/types\/product"}],"replies":[{"embeddable":true,"href":"https:\/\/www.customywear.com\/pl\/wp-json\/wp\/v2\/comments?post=20417"}],"wp:featuredmedia":[{"embeddable":true,"href":"https:\/\/www.customywear.com\/pl\/wp-json\/wp\/v2\/media\/142489"}],"wp:attachment":[{"href":"https:\/\/www.customywear.com\/pl\/wp-json\/wp\/v2\/media?parent=20417"}],"wp:term":[{"taxonomy":"product_brand","embeddable":true,"href":"https:\/\/www.customywear.com\/pl\/wp-json\/wp\/v2\/product_brand?post=20417"},{"taxonomy":"product_cat","embeddable":true,"href":"https:\/\/www.customywear.com\/pl\/wp-json\/wp\/v2\/product_cat?post=20417"},{"taxonomy":"product_tag","embeddable":true,"href":"https:\/\/www.customywear.com\/pl\/wp-json\/wp\/v2\/product_tag?post=20417"}],"curies":[{"name":"wp","href":"https:\/\/api.w.org\/{rel}","templated":true}]}}