{"id":20465,"date":"2023-07-28T13:35:53","date_gmt":"2023-07-28T13:35:53","guid":{"rendered":"https:\/\/www.customywear.com\/?post_type=product&#038;p=20465"},"modified":"2026-05-05T20:24:12","modified_gmt":"2026-05-05T20:24:12","slug":"spersonalizowana-koszulka-ze-zdjeciem-boksera","status":"publish","type":"product","link":"https:\/\/www.customywear.com\/pl\/custom-boxer-photo-t-shirt\/","title":{"rendered":"Koszulka z nadrukiem boksera \u2013 spersonalizowana koszulka boksera dla m\u0119\u017cczyzn"},"content":{"rendered":"<p>Wkrocz na ring personalizacji z nasz\u0105 ekskluzywn\u0105 koszulk\u0105 boksersk\u0105, fachowo wykonan\u0105, aby przekszta\u0142ci\u0107 Twoje zdj\u0119cie w obraz utalentowanego boksera zak\u0142adaj\u0105cego r\u0119kawice. Ta spersonalizowana koszulka ze zdj\u0119ciem to idealny wyb\u00f3r dla entuzjast\u00f3w boksu i mi\u0142o\u015bnik\u00f3w fitnessu, p\u0142ynne po\u0142\u0105czenie sportu i stylu, kt\u00f3re dodaje Twojej garderobie odrobin\u0119 wyj\u0105tkowo\u015bci.<\/p>\n<p>Zaprojektowana, aby trafi\u0107 do os\u00f3b w ka\u017cdym wieku, w tym doros\u0142ych, m\u0142odzie\u017cy, dzieci i maluch\u00f3w, nasza spersonalizowana koszulka odzwierciedla dynamik\u0119 \u015bwiata boksu. Wykorzystuj\u0105c artystyczne mo\u017cliwo\u015bci program\u00f3w Adobe Illustrator i Adobe Photoshop, tworzymy fascynuj\u0105c\u0105 ilustracj\u0119 wektorow\u0105 ze zdj\u0119cia, misternie wplecion\u0105 w tkanin\u0119 koszulki za pomoc\u0105 druku DTG. Ka\u017cdy szczeg\u00f3\u0142 o\u017cywa, oferuj\u0105c zar\u00f3wno wizualny blask, jak i wygod\u0119.<\/p>\n<p>Uwolnij swoj\u0105 indywidualno\u015b\u0107 dzi\u0119ki naszemu wszechstronnemu projektowi unisex, dostosowuj\u0105cemu si\u0119 do Twojej wizji, niezale\u017cnie od tego, czy przedstawia Tw\u00f3j w\u0142asny portret, czy te\u017c ujmuj\u0105c\u0105 twarz Twojego ukochanego zwierzaka. Zanurz si\u0119 w \u015bwiecie, w kt\u00f3rym moda przeplata si\u0119 z samoekspresj\u0105, gdzie ka\u017cda koszulka przekazuje odr\u0119bn\u0105 histori\u0119. Odkryj gam\u0119 r\u00f3wnie urzekaj\u0105cych projekt\u00f3w, kt\u00f3re odzwierciedlaj\u0105 Twoje oddanie spersonalizowanej sztuce i innowacji. Podnie\u015b poziom swojej garderoby dzi\u0119ki elementowi, kt\u00f3ry nie jest po prostu ubraniem, ale uciele\u015bnieniem Twojej to\u017csamo\u015bci.<\/p>","protected":false},"excerpt":{"rendered":"<p>Wejd\u017a na ring z niestandardow\u0105 koszulk\u0105 ze zdj\u0119ciami bokserek. Spersonalizowane koszulki bokserskie zamieniaj\u0105 ka\u017cde zdj\u0119cie w odwa\u017cn\u0105, jedyn\u0105 w swoim rodzaju koszulk\u0119 dla m\u0119\u017cczyzn.<\/p>","protected":false},"featured_media":143268,"comment_status":"open","ping_status":"closed","template":"","meta":{"_acf_changed":false},"product_brand":[],"product_cat":[6195,526,186,6339,6412,219,310,6428],"product_tag":[6433,6217,6165,546,6216,238,326],"class_list":{"0":"post-20465","1":"product","2":"type-product","3":"status-publish","4":"has-post-thumbnail","6":"product_cat-t-shirts-men","7":"product_cat-gym-shirts","8":"product_cat-men","9":"product_cat-mens-sports-t-shirts","10":"product_cat-photo-to-tees","11":"product_cat-profession","12":"product_cat-sports-shirts","13":"product_cat-translate-products","14":"product_tag-ai-artwork","15":"product_tag-custom-t-shirt","16":"product_tag-custom-gym-tees","17":"product_tag-gym","18":"product_tag-mens-custom-t-shirts","19":"product_tag-profession","20":"product_tag-sports","22":"first","23":"instock","24":"taxable","25":"shipping-taxable","26":"purchasable","27":"product-type-simple"},"acf":[],"wcpa_form_fields":null,"_links":{"self":[{"href":"https:\/\/www.customywear.com\/pl\/wp-json\/wp\/v2\/product\/20465","targetHints":{"allow":["GET"]}}],"collection":[{"href":"https:\/\/www.customywear.com\/pl\/wp-json\/wp\/v2\/product"}],"about":[{"href":"https:\/\/www.customywear.com\/pl\/wp-json\/wp\/v2\/types\/product"}],"replies":[{"embeddable":true,"href":"https:\/\/www.customywear.com\/pl\/wp-json\/wp\/v2\/comments?post=20465"}],"wp:featuredmedia":[{"embeddable":true,"href":"https:\/\/www.customywear.com\/pl\/wp-json\/wp\/v2\/media\/143268"}],"wp:attachment":[{"href":"https:\/\/www.customywear.com\/pl\/wp-json\/wp\/v2\/media?parent=20465"}],"wp:term":[{"taxonomy":"product_brand","embeddable":true,"href":"https:\/\/www.customywear.com\/pl\/wp-json\/wp\/v2\/product_brand?post=20465"},{"taxonomy":"product_cat","embeddable":true,"href":"https:\/\/www.customywear.com\/pl\/wp-json\/wp\/v2\/product_cat?post=20465"},{"taxonomy":"product_tag","embeddable":true,"href":"https:\/\/www.customywear.com\/pl\/wp-json\/wp\/v2\/product_tag?post=20465"}],"curies":[{"name":"wp","href":"https:\/\/api.w.org\/{rel}","templated":true}]}}