{"id":20484,"date":"2023-07-28T13:36:12","date_gmt":"2023-07-28T13:36:12","guid":{"rendered":"https:\/\/www.customywear.com\/?post_type=product&#038;p=20484"},"modified":"2026-05-13T19:50:37","modified_gmt":"2026-05-13T19:50:37","slug":"niestandardowa-koszulka-dla-par-jaskiniowcow-prymitywnych","status":"publish","type":"product","link":"https:\/\/www.customywear.com\/pl\/custom-caveman-couples-primitive-shirt\/","title":{"rendered":"Koszulka dla par Caveman Custom \u2013 przekszta\u0142\u0107 swoje zdj\u0119cie w prymitywn\u0105 pasuj\u0105c\u0105 koszulk\u0119"},"content":{"rendered":"<p>Rozbud\u017a \u015bmiech i mi\u0142o\u015b\u0107 dzi\u0119ki naszym <em>Koszulka dla par Caveman Custom<\/em>, gdzie historia spotyka si\u0119 z humorem w spersonalizowanej modzie. Pozw\u00f3l swoim zdj\u0119ciom wyruszy\u0107 w podr\u00f3\u017c przez czas, podczas gdy nasi wykwalifikowani projektanci tworz\u0105 urzekaj\u0105ce portrety wektorowe, kt\u00f3re przedstawiaj\u0105 Ciebie i Twojego partnera jako staro\u017cytny duet. Ta zachwycaj\u0105ca koszulka unisex to nie tylko ubranie \u2013 to wyj\u0105tkowe dzie\u0142o sztuki, kt\u00f3re mo\u017ce sta\u0107 si\u0119 idealnym spersonalizowanym prezentem, wywo\u0142uj\u0105cym u\u015bmiechy i mi\u0142e wspomnienia u Twoich bliskich. Wkrocz do \u015bwiata kreatywno\u015bci, w kt\u00f3rym Adobe Illustrator i Adobe Photoshop dzia\u0142aj\u0105 swoj\u0105 magi\u0105, aby przekszta\u0142ci\u0107 Twoje zdj\u0119cia w misterne projekty, kt\u00f3re uchwyc\u0105 istot\u0119 Waszej wi\u0119zi. Nasza technologia drukowania DTG zapewnia, \u017ce \u200b\u200bka\u017cdy szczeg\u00f3\u0142 wysokiej jako\u015bci grafiki wektorowej przebija si\u0119, dzi\u0119ki czemu ta koszulka jest arcydzie\u0142em do noszenia. Dost\u0119pny dla doros\u0142ych, m\u0142odzie\u017cy, dzieci i maluch\u00f3w, ten projekt zaprasza osoby w ka\u017cdym wieku do obj\u0119cia zabawnego uroku staro\u017cytnych czas\u00f3w. \u015awi\u0119tuj wi\u0119zi, kt\u00f3re przeciwstawiaj\u0105 si\u0119 czasowi i pokoleniom. Nasze <em>Koszulka dla par Caveman Custom<\/em> oddaje ducha wsp\u00f3lnoty w kapry\u015bny, ale ujmuj\u0105cy spos\u00f3b. Ta spersonalizowana koszulka \u0142\u0105czy artyzm z rzemios\u0142em, oferuj\u0105c Ci szans\u0119 dzielenia si\u0119 rado\u015bci\u0105 i mi\u0142o\u015bci\u0105 z tymi, kt\u00f3rzy s\u0105 dla Ciebie najwa\u017cniejsi. Od \u015bmiechu dzielonego przez dzieci po ciep\u0142o odczuwane przez doros\u0142ych, ta koszulka \u0142\u0105czy wieki, jednocze\u015bnie zachowuj\u0105c wyj\u0105tkow\u0105 magi\u0119 Twojego partnerstwa.<\/p>","protected":false},"excerpt":{"rendered":"<p>Id\u017a prymitywem z niestandardow\u0105 koszul\u0105 dla par jaskiniowc\u00f3w. Przekszta\u0142\u0107 swoje zdj\u0119cia w zabawne, pasuj\u0105ce do siebie koszulki z motywem prehistorycznym.<\/p>","protected":false},"featured_media":143811,"comment_status":"open","ping_status":"closed","template":"","meta":{"_acf_changed":false},"product_brand":[],"product_cat":[6197,6364,691,6412,6428],"product_tag":[6440,561,252,352,258],"class_list":{"0":"post-20484","1":"product","2":"type-product","3":"status-publish","4":"has-post-thumbnail","6":"product_cat-t-shirts-couple","7":"product_cat-couples-gym-t-shirts","8":"product_cat-custom-gifts-caveman","9":"product_cat-photo-to-tees","10":"product_cat-translate-products","11":"product_tag-ai-artwork-couple","12":"product_tag-camping_shirt","13":"product_tag-couple","14":"product_tag-honeymoon_shirt","15":"product_tag-valentine","17":"first","18":"instock","19":"taxable","20":"shipping-taxable","21":"purchasable","22":"product-type-simple"},"acf":[],"wcpa_form_fields":null,"_links":{"self":[{"href":"https:\/\/www.customywear.com\/pl\/wp-json\/wp\/v2\/product\/20484","targetHints":{"allow":["GET"]}}],"collection":[{"href":"https:\/\/www.customywear.com\/pl\/wp-json\/wp\/v2\/product"}],"about":[{"href":"https:\/\/www.customywear.com\/pl\/wp-json\/wp\/v2\/types\/product"}],"replies":[{"embeddable":true,"href":"https:\/\/www.customywear.com\/pl\/wp-json\/wp\/v2\/comments?post=20484"}],"wp:featuredmedia":[{"embeddable":true,"href":"https:\/\/www.customywear.com\/pl\/wp-json\/wp\/v2\/media\/143811"}],"wp:attachment":[{"href":"https:\/\/www.customywear.com\/pl\/wp-json\/wp\/v2\/media?parent=20484"}],"wp:term":[{"taxonomy":"product_brand","embeddable":true,"href":"https:\/\/www.customywear.com\/pl\/wp-json\/wp\/v2\/product_brand?post=20484"},{"taxonomy":"product_cat","embeddable":true,"href":"https:\/\/www.customywear.com\/pl\/wp-json\/wp\/v2\/product_cat?post=20484"},{"taxonomy":"product_tag","embeddable":true,"href":"https:\/\/www.customywear.com\/pl\/wp-json\/wp\/v2\/product_tag?post=20484"}],"curies":[{"name":"wp","href":"https:\/\/api.w.org\/{rel}","templated":true}]}}