{"id":20485,"date":"2023-07-28T13:36:13","date_gmt":"2023-07-28T13:36:13","guid":{"rendered":"https:\/\/www.customywear.com\/?post_type=product&#038;p=20485"},"modified":"2026-05-05T20:24:12","modified_gmt":"2026-05-05T20:24:12","slug":"koszulka-mezczyzna-czlowiek-jaskiniowy-spersonalizowana","status":"publish","type":"product","link":"https:\/\/www.customywear.com\/pl\/custom-caveman-shirt-for-men\/","title":{"rendered":"Przekszta\u0142\u0107 swoje zdj\u0119cie w spersonalizowan\u0105 koszulk\u0119 Caveman dla m\u0119\u017cczyzn \u2013 spersonalizowany t-shirt"},"content":{"rendered":"<p>Wkrocz w er\u0119 \u015bmiechu i wyj\u0105tkowo\u015bci z naszym <em>Przekszta\u0142\u0107 swoje zdj\u0119cie w spersonalizowan\u0105 koszulk\u0119 jaskiniowca dla m\u0119\u017cczyzn<\/em>. Nasza kreatywna alchemia zamienia Twoje zdj\u0119cie w urzekaj\u0105cy portret wektorowy, przenosz\u0105c Ci\u0119 w rol\u0119 jaskiniowca z humorystycznym akcentem. Ta spersonalizowana koszulka to nie tylko element garderoby \u2013 to uciele\u015bnienie zabawy i indywidualno\u015bci, dzi\u0119ki czemu jest idealnym prezentem dla Ciebie lub Twoich bliskich. Rozpal swoj\u0105 wyobra\u017ani\u0119, gdy \u0142\u0105czymy technologi\u0119 i kreatywno\u015b\u0107, aby o\u017cywi\u0107 Twoj\u0105 wizj\u0119. Dzi\u0119ki artystycznemu kunsztowi program\u00f3w Adobe Illustrator i Adobe Photoshop tworzymy skomplikowane projekty, kt\u00f3re przywo\u0142uj\u0105 ducha ery jaskiniowc\u00f3w. Wykorzystuj\u0105c najnowocze\u015bniejsz\u0105 technologi\u0119 druku DTG, uchwycony zostaje ka\u017cdy szczeg\u00f3\u0142 wysokiej jako\u015bci grafiki wektorowej, dzi\u0119ki czemu Twoja spersonalizowana koszulka jest arcydzie\u0142em rzemios\u0142a. Dost\u0119pny dla doros\u0142ych, m\u0142odzie\u017cy, dzieci i maluch\u00f3w, ten projekt unisex \u0142\u0105czy pokolenia swoim urokiem. \u015awi\u0119tuj ponadczasow\u0105 istot\u0119 kole\u017ce\u0144stwa poprzez mod\u0119. Nasze <em>Przekszta\u0142\u0107 swoje zdj\u0119cie w spersonalizowan\u0105 koszulk\u0119 jaskiniowca dla m\u0119\u017cczyzn<\/em> zaprasza Ci\u0119 do przyj\u0119cia Twojego wewn\u0119trznego jaskiniowca w zabawny i beztroski spos\u00f3b. Ka\u017cdy poci\u0105gni\u0119cie p\u0119dzla przemawia do m\u0142odych i m\u0142odych duchem, zachowuj\u0105c wyj\u0105tkowo\u015b\u0107 ka\u017cdej osobowo\u015bci. Od \u015bmiechu dzieci po preferencje stylistyczne doros\u0142ych, ta spersonalizowana koszulka jest p\u0142\u00f3tnem do wyra\u017cania siebie, kt\u00f3re obejmuje pokolenia. Rozkoszuj si\u0119 podr\u00f3\u017c\u0105 kreatywno\u015bci i rado\u015bci, nosz\u0105c swoj\u0105 histori\u0119 z dum\u0105. Prze\u017cyj dreszczyk emocji transformacji i indywidualno\u015bci dzi\u0119ki naszym <em>Spersonalizowana koszula jaskiniowca dla m\u0119\u017cczyzn<\/em>. Ta spersonalizowana koszulka zabierze Ci\u0119 w podr\u00f3\u017c do przesz\u0142o\u015bci, gdzie humor spotyka histori\u0119, a wi\u0119\u017a wsp\u00f3lnego \u015bmiechu przekracza wiek. To nie tylko koszulka; to symbol samoekspresji, kt\u00f3ry przemawia do wszystkich, od maluch\u00f3w po doros\u0142ych, przypominaj\u0105c nam, \u017ce nawet w czasach wsp\u00f3\u0142czesnych duch jaskiniowca \u017cyje nadal.<\/p>","protected":false},"excerpt":{"rendered":"<p>O\u017cyw histori\u0119 dzi\u0119ki niestandardowej koszuli jaskiniowca dla m\u0119\u017cczyzn. Spersonalizowana koszulka zamienia ka\u017cde zdj\u0119cie w jedyn\u0105 w swoim rodzaju koszulk\u0119 inspirowan\u0105 staro\u017cytno\u015bci\u0105.<\/p>","protected":false},"featured_media":142595,"comment_status":"open","ping_status":"closed","template":"","meta":{"_acf_changed":false},"product_brand":[],"product_cat":[6195,6157,6156,691,186,6412,6428],"product_tag":[6433,561,6216,6219,6220],"class_list":{"0":"post-20485","1":"product","2":"type-product","3":"status-publish","4":"has-post-thumbnail","6":"product_cat-t-shirts-men","7":"product_cat-country","8":"product_cat-culture","9":"product_cat-custom-gifts-caveman","10":"product_cat-men","11":"product_cat-photo-to-tees","12":"product_cat-translate-products","13":"product_tag-ai-artwork","14":"product_tag-camping_shirt","15":"product_tag-mens-custom-t-shirts","16":"product_tag-order-custom-shirts","17":"product_tag-t-shirt-printing-near-me","19":"first","20":"instock","21":"taxable","22":"shipping-taxable","23":"purchasable","24":"product-type-simple"},"acf":[],"wcpa_form_fields":null,"_links":{"self":[{"href":"https:\/\/www.customywear.com\/pl\/wp-json\/wp\/v2\/product\/20485","targetHints":{"allow":["GET"]}}],"collection":[{"href":"https:\/\/www.customywear.com\/pl\/wp-json\/wp\/v2\/product"}],"about":[{"href":"https:\/\/www.customywear.com\/pl\/wp-json\/wp\/v2\/types\/product"}],"replies":[{"embeddable":true,"href":"https:\/\/www.customywear.com\/pl\/wp-json\/wp\/v2\/comments?post=20485"}],"wp:featuredmedia":[{"embeddable":true,"href":"https:\/\/www.customywear.com\/pl\/wp-json\/wp\/v2\/media\/142595"}],"wp:attachment":[{"href":"https:\/\/www.customywear.com\/pl\/wp-json\/wp\/v2\/media?parent=20485"}],"wp:term":[{"taxonomy":"product_brand","embeddable":true,"href":"https:\/\/www.customywear.com\/pl\/wp-json\/wp\/v2\/product_brand?post=20485"},{"taxonomy":"product_cat","embeddable":true,"href":"https:\/\/www.customywear.com\/pl\/wp-json\/wp\/v2\/product_cat?post=20485"},{"taxonomy":"product_tag","embeddable":true,"href":"https:\/\/www.customywear.com\/pl\/wp-json\/wp\/v2\/product_tag?post=20485"}],"curies":[{"name":"wp","href":"https:\/\/api.w.org\/{rel}","templated":true}]}}