{"id":20496,"date":"2023-07-28T13:36:31","date_gmt":"2023-07-28T13:36:31","guid":{"rendered":"https:\/\/www.customywear.com\/?post_type=product&#038;p=20496"},"modified":"2026-05-07T15:29:56","modified_gmt":"2026-05-07T15:29:56","slug":"niestandardowa-chinska-koszulka-dla-dziewczynek-prezent-dla-mlodziezy","status":"publish","type":"product","link":"https:\/\/www.customywear.com\/pl\/custom-chinese-girl-shirt-youngsters-gift\/","title":{"rendered":"Spersonalizowana koszulka dla chi\u0144skiej dziewczyny | Spersonalizowany prezent dla dziecka"},"content":{"rendered":"<p>Podnie\u015b styl swojego dziecka dzi\u0119ki naszej \u201eCustom Chinese Girl Shirt\u201d, harmonijnemu po\u0142\u0105czeniu kultury i personalizacji zaprojektowanemu, aby zachwyci\u0107 najm\u0142odszych. B\u0105d\u017a \u015bwiadkiem magii, gdy zdj\u0119cie Twojej pociechy jest skrupulatnie przekszta\u0142cane w urzekaj\u0105cy portret wektorowy, przedstawiaj\u0105cy j\u0105 w czaruj\u0105cym chi\u0144skim tradycyjnym stroju. Ta spersonalizowana koszulka to nie tylko ubranie; to p\u0142\u00f3tno dla kreatywno\u015bci i szczery prezent, kt\u00f3ry rozpala rado\u015b\u0107 w sercach zar\u00f3wno dzieci, jak i rodzic\u00f3w. Zaprojektowane z my\u015bl\u0105 o m\u0142odzie\u0144czej witalno\u015bci, nasze koszulki z kr\u00f3tkim i d\u0142ugim r\u0119kawem bez wysi\u0142ku \u0142\u0105cz\u0105 dziedzictwo i wsp\u00f3\u0142czesn\u0105 estetyk\u0119. Nasi wykwalifikowani projektanci wykorzystuj\u0105 Adobe Illustrator i Adobe Photoshop, aby tchn\u0105\u0107 \u017cycie w ka\u017cdy projekt, tworz\u0105c skomplikowane wizualizacje, kt\u00f3re rezonuj\u0105 zar\u00f3wno z dzie\u0107mi, jak i doros\u0142ymi. Wykorzystuj\u0105c najnowocze\u015bniejsz\u0105 technologi\u0119 druku DTG, zapewniamy d\u0142ugowieczno\u015b\u0107 Twojego spersonalizowanego arcydzie\u0142a, dostosowanego do wygody unisex i dost\u0119pnego dla wszystkich grup wiekowych \u2013 od maluch\u00f3w po doros\u0142ych. Odkryj moc mody unisex, kt\u00f3ra \u0142\u0105czy pokolenia. Wyrusz w podr\u00f3\u017c personalizacji, w\u0142\u0105czaj\u0105c twarz swojego dziecka do projektu, a mo\u017ce nawet ukochane zwierz\u0119ta. Te koszulki to co\u015b wi\u0119cej ni\u017c ubrania; to \u017cywe wspomnienia, uchwycaj\u0105ce kaprys i niewinno\u015b\u0107 dzieci\u0144stwa. Rozkoszuj si\u0119 precyzj\u0105 naszej wysokiej jako\u015bci grafiki wektorowej, kt\u00f3ra fachowo uchwyca ducha tradycji i indywidualno\u015bci. Podnie\u015b poziom garderoby swojego dziecka dzi\u0119ki tej spersonalizowanej koszulce dla chi\u0144skiej dziewczynki \u2013 gdzie kultura, personalizacja i m\u0142odzie\u0144cza rado\u015b\u0107 spotykaj\u0105 si\u0119, aby stworzy\u0107 arcydzie\u0142o do noszenia, kt\u00f3re rezonuje zar\u00f3wno z rodzin\u0105, jak i zabaw\u0105.<\/p>","protected":false},"excerpt":{"rendered":"<p>Delight youngsters with a Custom Chinese Girl Shirt. The Personalized Youngster&#8217;s Gift Tee turns any photo into a fun, one-of-a-kind t-shirt.<\/p>","protected":false},"featured_media":142637,"comment_status":"open","ping_status":"closed","template":"","meta":{"_acf_changed":false},"product_brand":[],"product_cat":[6193,703,6412,6428],"product_tag":[6433,6439,65,156],"class_list":{"0":"post-20496","1":"product","2":"type-product","3":"status-publish","4":"has-post-thumbnail","6":"product_cat-girls-t-shirts","7":"product_cat-custom-gifts-chinese-tradition","8":"product_cat-photo-to-tees","9":"product_cat-translate-products","10":"product_tag-ai-artwork","11":"product_tag-ai-kids-artwork","12":"product_tag-kid","13":"product_tag-youth-girl","15":"first","16":"instock","17":"taxable","18":"shipping-taxable","19":"purchasable","20":"product-type-simple"},"acf":[],"wcpa_form_fields":null,"_links":{"self":[{"href":"https:\/\/www.customywear.com\/pl\/wp-json\/wp\/v2\/product\/20496","targetHints":{"allow":["GET"]}}],"collection":[{"href":"https:\/\/www.customywear.com\/pl\/wp-json\/wp\/v2\/product"}],"about":[{"href":"https:\/\/www.customywear.com\/pl\/wp-json\/wp\/v2\/types\/product"}],"replies":[{"embeddable":true,"href":"https:\/\/www.customywear.com\/pl\/wp-json\/wp\/v2\/comments?post=20496"}],"wp:featuredmedia":[{"embeddable":true,"href":"https:\/\/www.customywear.com\/pl\/wp-json\/wp\/v2\/media\/142637"}],"wp:attachment":[{"href":"https:\/\/www.customywear.com\/pl\/wp-json\/wp\/v2\/media?parent=20496"}],"wp:term":[{"taxonomy":"product_brand","embeddable":true,"href":"https:\/\/www.customywear.com\/pl\/wp-json\/wp\/v2\/product_brand?post=20496"},{"taxonomy":"product_cat","embeddable":true,"href":"https:\/\/www.customywear.com\/pl\/wp-json\/wp\/v2\/product_cat?post=20496"},{"taxonomy":"product_tag","embeddable":true,"href":"https:\/\/www.customywear.com\/pl\/wp-json\/wp\/v2\/product_tag?post=20496"}],"curies":[{"name":"wp","href":"https:\/\/api.w.org\/{rel}","templated":true}]}}